{"id":18,"date":"2026-01-19T04:16:00","date_gmt":"2026-01-19T04:16:00","guid":{"rendered":"https:\/\/panel.yfsystem.com\/panel\/heatecx\/?page_id=18"},"modified":"2026-02-09T07:25:15","modified_gmt":"2026-02-09T07:25:15","slug":"blog","status":"publish","type":"page","link":"https:\/\/www.heatecx.com\/pt\/blog\/","title":{"rendered":"Blog"},"content":{"rendered":"\n\n\t<meta itemscope itemprop=\"mainEntityOfPage\" itemtype=\"https:\/\/schema.org\/WebPage\" itemid=\"http:\/\/254\" content=\"\u00bfC\u00f3mo se fabrican las Resistencias Tubulares?\" \/><meta itemprop=\"datePublished\" content=\"2026-01-19\" \/><meta itemprop=\"dateModified\" content=\"2026-02-02\" \/><meta itemprop=\"name\" content=\"Heatecx Limited\"\/><meta itemprop=\"url\" content=\"https:\/\/cms-site.oss-accelerate.aliyuncs.com\/heatecx\/2026\/01\/20260119123026452.png?x-oss-process=image\/format,webp\/quality,q_100\"\/><meta itemprop=\"url\" content=\"https:\/\/cms-site.oss-accelerate.aliyuncs.com\/heatecx\/2026\/01\/20260202215202885.jpg?x-oss-process=image\/format,webp\/quality,q_100\" \/><meta itemprop=\"width\" content=\"1536\" \/><meta itemprop=\"height\" content=\"1024\" \/><meta itemprop=\"interactionType\" content=\"https:\/\/schema.org\/CommentAction\" \/><meta itemprop=\"userInteractionCount\" content=\"0\" \/>\n\t<a href='https:\/\/panel.yfsystem.com\/panel\/heatecx\/blog\/test-blog-2\/' title='\u00bfC\u00f3mo se fabrican las Resistencias Tubulares?'><img width=\"1536\" height=\"1024\" src=\"https:\/\/cms-site.oss-accelerate.aliyuncs.com\/heatecx\/2026\/01\/20260202215202885.jpg?x-oss-process=image\/format,webp\/quality,q_100\" alt=\"WechatIMG5\" itemprop=\"image\" decoding=\"async\" loading=\"lazy\" srcset=\"https:\/\/cms-site.oss-accelerate.aliyuncs.com\/heatecx\/2026\/01\/20260202215202885.jpg?x-oss-process=image\/format,webp\/quality,q_100 1536w, https:\/\/cms-site.oss-accelerate.aliyuncs.com\/heatecx\/2026\/01\/20260202215202885-300x200.jpg?x-oss-process=image\/format,webp\/quality,q_100 300w, https:\/\/cms-site.oss-accelerate.aliyuncs.com\/heatecx\/2026\/01\/20260202215202885-1024x683.jpg?x-oss-process=image\/format,webp\/quality,q_100 1024w, https:\/\/cms-site.oss-accelerate.aliyuncs.com\/heatecx\/2026\/01\/20260202215202885-768x512.jpg?x-oss-process=image\/format,webp\/quality,q_100 768w, https:\/\/cms-site.oss-accelerate.aliyuncs.com\/heatecx\/2026\/01\/20260202215202885-600x400.jpg?x-oss-process=image\/format,webp\/quality,q_100 600w\" sizes=\"auto, (max-width: 1536px) 100vw, 1536px\" \/><\/a>\n    \t19 Jan 2026\n    <a href=\"https:\/\/panel.yfsystem.com\/panel\/heatecx\/blog\/test-blog-2\/\"><h4>\u00bfC\u00f3mo se fabrican las Resistencias Tubulares?<\/h4><\/a>\n    \t<p>La Gu\u00eda Definitiva: Ingenier\u00eda de Materiales y Procesos en la Fabricaci\u00f3n de Resistencias El\u00e9ctricas Tubulares Propiedad Intelectual y Derechos de Autor (Heatecx Limited) Este documento, &#8220;La Gu\u00eda Definitiva: Ingenier\u00eda de Materiales y Procesos en la Fabricaci\u00f3n de Resistencias El\u00e9ctricas Tubulares&#8221;, es propiedad intelectual exclusiva de Heatecx Limited. Queda estrictamente prohibida su copia, reproducci\u00f3n, distribuci\u00f3n o multiplicaci\u00f3n total o parcial sin el consentimiento expreso y por escrito de Heatecx Limited. Todos los derechos reservados. Las resistencias el\u00e9ctricas tubulares son componentes de ingenier\u00eda de precisi\u00f3n que act\u00faan como el coraz\u00f3n de innumerables sistemas de calentamiento en la industria y el comercio. Su&#8230;<\/p>\n\t<meta itemscope itemprop=\"mainEntityOfPage\" itemtype=\"https:\/\/schema.org\/WebPage\" itemid=\"http:\/\/251\" content=\"\u00bfPor qu\u00e9 aumenta el tama\u00f1o de la Resistencia MoSi2 con el aumento de la potencia (W)?\" \/><meta itemprop=\"datePublished\" content=\"2026-01-19\" \/><meta itemprop=\"dateModified\" content=\"2026-02-02\" \/><meta itemprop=\"name\" content=\"Heatecx Limited\"\/><meta itemprop=\"url\" content=\"https:\/\/cms-site.oss-accelerate.aliyuncs.com\/heatecx\/2026\/01\/20260119123026452.png?x-oss-process=image\/format,webp\/quality,q_100\"\/><meta itemprop=\"url\" content=\"https:\/\/cms-site.oss-accelerate.aliyuncs.com\/heatecx\/2026\/01\/20260119165933723.png?x-oss-process=image\/format,webp\/quality,q_100\" \/><meta itemprop=\"width\" content=\"1536\" \/><meta itemprop=\"height\" content=\"1024\" \/><meta itemprop=\"interactionType\" content=\"https:\/\/schema.org\/CommentAction\" \/><meta itemprop=\"userInteractionCount\" content=\"0\" \/>\n\t<a href='https:\/\/panel.yfsystem.com\/panel\/heatecx\/blog\/test-blog\/' title='\u00bfPor qu\u00e9 aumenta el tama\u00f1o de la Resistencia MoSi2 con el aumento de la potencia (W)?'><img width=\"1536\" height=\"1024\" src=\"https:\/\/cms-site.oss-accelerate.aliyuncs.com\/heatecx\/2026\/01\/20260119165933723.png?x-oss-process=image\/format,webp\/quality,q_100\" alt=\"Gu\u00eda T\u00e9cnica sobre el Cambio de Rodillos en M\u00e1quinas Laminadoras de Resistencias Tubulares\" itemprop=\"image\" decoding=\"async\" loading=\"lazy\" srcset=\"https:\/\/cms-site.oss-accelerate.aliyuncs.com\/heatecx\/2026\/01\/20260119165933723.png?x-oss-process=image\/format,webp\/quality,q_100 1536w, https:\/\/cms-site.oss-accelerate.aliyuncs.com\/heatecx\/2026\/01\/20260119165933723-300x200.png?x-oss-process=image\/format,webp\/quality,q_100 300w, https:\/\/cms-site.oss-accelerate.aliyuncs.com\/heatecx\/2026\/01\/20260119165933723-1024x683.png?x-oss-process=image\/format,webp\/quality,q_100 1024w, https:\/\/cms-site.oss-accelerate.aliyuncs.com\/heatecx\/2026\/01\/20260119165933723-768x512.png?x-oss-process=image\/format,webp\/quality,q_100 768w, https:\/\/cms-site.oss-accelerate.aliyuncs.com\/heatecx\/2026\/01\/20260119165933723-600x400.png?x-oss-process=image\/format,webp\/quality,q_100 600w\" sizes=\"auto, (max-width: 1536px) 100vw, 1536px\" \/><\/a>\n    \t19 Jan 2026\n    <a href=\"https:\/\/panel.yfsystem.com\/panel\/heatecx\/blog\/test-blog\/\"><h4>\u00bfPor qu\u00e9 aumenta el tama\u00f1o de la Resistencia MoSi2 con el aumento de la potencia (W)?<\/h4><\/a>\n    \t<p>En el \u00e1mbito de los hornos industriales de alta temperatura (hasta 1850 \u00b0C), los elementos calefactores de disiliciuro de molibdeno (MoSi2) son la opci\u00f3n predilecta debido a su excepcional resistencia a la oxidaci\u00f3n y su capacidad para soportar cargas de vataje extremadamente altas. Sin embargo, un error com\u00fan en el dise\u00f1o t\u00e9rmico es intentar aumentar la potencia de un sistema sin ajustar las dimensiones f\u00edsicas de los elementos. Este art\u00edculo t\u00e9cnico, desarrollado para Heatecx Limited, explica los fundamentos f\u00edsicos y las leyes de la termodin\u00e1mica que dictan por qu\u00e9 el tama\u00f1o de una resistencia de MoSi2 debe cambiar obligatoriamente cuando&#8230;<\/p>\n\t<meta itemscope itemprop=\"mainEntityOfPage\" itemtype=\"https:\/\/schema.org\/WebPage\" itemid=\"http:\/\/98\" content=\"Duraci\u00f3n de cambio de rodillos de M\u00e1quina Laminadora de Resistencias\" \/><meta itemprop=\"datePublished\" content=\"2026-01-19\" \/><meta itemprop=\"dateModified\" content=\"2026-02-02\" \/><meta itemprop=\"name\" content=\"Heatecx Limited\"\/><meta itemprop=\"url\" content=\"https:\/\/cms-site.oss-accelerate.aliyuncs.com\/heatecx\/2026\/01\/20260119123026452.png?x-oss-process=image\/format,webp\/quality,q_100\"\/><meta itemprop=\"url\" content=\"https:\/\/cms-site.oss-accelerate.aliyuncs.com\/heatecx\/2026\/01\/20260202220855272.webp?x-oss-process=image\/format,webp\/quality,q_100\" \/><meta itemprop=\"width\" content=\"1536\" \/><meta itemprop=\"height\" content=\"1024\" \/><meta itemprop=\"interactionType\" content=\"https:\/\/schema.org\/CommentAction\" \/><meta itemprop=\"userInteractionCount\" content=\"0\" \/>\n\t<a href='https:\/\/panel.yfsystem.com\/panel\/heatecx\/blog\/optimizacion-del-mantenimiento-guia-tecnica-sobre-el-cambio-de-rodillos-en-maquinas-laminadoras-de-resistencias-tubulares\/' title='Duraci\u00f3n de cambio de rodillos de M\u00e1quina Laminadora de Resistencias'><img width=\"1536\" height=\"1024\" src=\"https:\/\/cms-site.oss-accelerate.aliyuncs.com\/heatecx\/2026\/01\/20260202220855272.webp?x-oss-process=image\/format,webp\/quality,q_100\" alt=\"Cambiar Rodillos de Laminador de Resistencias\" itemprop=\"image\" decoding=\"async\" loading=\"lazy\" srcset=\"https:\/\/cms-site.oss-accelerate.aliyuncs.com\/heatecx\/2026\/01\/20260202220855272.webp?x-oss-process=image\/format,webp\/quality,q_100 1536w, https:\/\/cms-site.oss-accelerate.aliyuncs.com\/heatecx\/2026\/01\/20260202220855272-300x200.webp?x-oss-process=image\/format,webp\/quality,q_100 300w, https:\/\/cms-site.oss-accelerate.aliyuncs.com\/heatecx\/2026\/01\/20260202220855272-1024x683.webp?x-oss-process=image\/format,webp\/quality,q_100 1024w, https:\/\/cms-site.oss-accelerate.aliyuncs.com\/heatecx\/2026\/01\/20260202220855272-768x512.webp?x-oss-process=image\/format,webp\/quality,q_100 768w, https:\/\/cms-site.oss-accelerate.aliyuncs.com\/heatecx\/2026\/01\/20260202220855272-600x400.webp?x-oss-process=image\/format,webp\/quality,q_100 600w\" sizes=\"auto, (max-width: 1536px) 100vw, 1536px\" \/><\/a>\n    \t19 Jan 2026\n    <a href=\"https:\/\/panel.yfsystem.com\/panel\/heatecx\/blog\/optimizacion-del-mantenimiento-guia-tecnica-sobre-el-cambio-de-rodillos-en-maquinas-laminadoras-de-resistencias-tubulares\/\"><h4>Duraci\u00f3n de cambio de rodillos de M\u00e1quina Laminadora de Resistencias<\/h4><\/a>\n    \t<p>En la fabricaci\u00f3n de resistencias el\u00e9ctricas tubulares, la m\u00e1quina laminadora o reductora (tambi\u00e9n conocida como rolling mill o swaging machine) es el equipo cr\u00edtico que garantiza la compactaci\u00f3n del \u00d3xido de Magnesio (MgO) y la precisi\u00f3n del di\u00e1metro final. Sin embargo, la eficiencia de esta m\u00e1quina depende de un mantenimiento riguroso, siendo el cambio de rodillos o moldes una de las operaciones m\u00e1s determinantes para la continuidad de la producci\u00f3n y la calidad del producto . Este art\u00edculo t\u00e9cnico, desarrollado para Heatecx Limited, detalla el procedimiento operativo, los tiempos estimados y los factores que influyen en la optimizaci\u00f3n de este&#8230;<\/p>\n\t\t<!-- .pp-content-posts -->\n\n","protected":false},"excerpt":{"rendered":"<p>19 Jan 2026 \u00bfC\u00f3mo se fabrican las Resistencias Tubulares? La Gu\u00eda Definitiva: Ingenier\u00eda de Materiales y Procesos en la Fabricaci\u00f3n de Resistencias El\u00e9ctricas Tubulares Propiedad Intelectual y Derechos de Autor (Heatecx Limited) Este documento, &#8220;La Gu\u00eda Definitiva: Ingenier\u00eda de Materiales y Procesos en la Fabricaci\u00f3n de Resistencias El\u00e9ctricas Tubulares&#8221;, es propiedad intelectual exclusiva de Heatecx &hellip;<\/p>\n<p class=\"read-more\"> <a class=\"\" href=\"https:\/\/www.heatecx.com\/pt\/blog\/\"> <span class=\"screen-reader-text\">Blog<\/span> Read More &raquo;<\/a><\/p>\n","protected":false},"author":2,"featured_media":0,"parent":0,"menu_order":5,"comment_status":"closed","ping_status":"closed","template":"","meta":{"site-sidebar-layout":"default","site-content-layout":"default","ast-global-header-display":"","ast-main-header-display":"","ast-hfb-above-header-display":"","ast-hfb-below-header-display":"","ast-hfb-mobile-header-display":"","site-post-title":"disabled","ast-breadcrumbs-content":"","ast-featured-img":"","footer-sml-layout":"","theme-transparent-header-meta":"","adv-header-id-meta":"","stick-header-meta":"","header-above-stick-meta":"","header-main-stick-meta":"","header-below-stick-meta":"","footnotes":""},"class_list":["post-18","page","type-page","status-publish","hentry"],"_links":{"self":[{"href":"https:\/\/www.heatecx.com\/pt\/wp-json\/wp\/v2\/pages\/18","targetHints":{"allow":["GET"]}}],"collection":[{"href":"https:\/\/www.heatecx.com\/pt\/wp-json\/wp\/v2\/pages"}],"about":[{"href":"https:\/\/www.heatecx.com\/pt\/wp-json\/wp\/v2\/types\/page"}],"author":[{"embeddable":true,"href":"https:\/\/www.heatecx.com\/pt\/wp-json\/wp\/v2\/users\/2"}],"replies":[{"embeddable":true,"href":"https:\/\/www.heatecx.com\/pt\/wp-json\/wp\/v2\/comments?post=18"}],"version-history":[{"count":6,"href":"https:\/\/www.heatecx.com\/pt\/wp-json\/wp\/v2\/pages\/18\/revisions"}],"predecessor-version":[{"id":526,"href":"https:\/\/www.heatecx.com\/pt\/wp-json\/wp\/v2\/pages\/18\/revisions\/526"}],"wp:attachment":[{"href":"https:\/\/www.heatecx.com\/pt\/wp-json\/wp\/v2\/media?parent=18"}],"curies":[{"name":"wp","href":"https:\/\/api.w.org\/{rel}","templated":true}]}}