{"id":75,"date":"2026-01-19T08:13:31","date_gmt":"2026-01-19T08:13:31","guid":{"rendered":"https:\/\/panel.yfsystem.com\/panel\/heatecx\/?page_id=75"},"modified":"2026-03-09T15:41:05","modified_gmt":"2026-03-09T15:41:05","slug":"termos-e-condicoes","status":"publish","type":"page","link":"https:\/\/www.heatecx.com\/pt\/termos-e-condicoes\/","title":{"rendered":"Termos e Condi\u00e7\u00f5es"},"content":{"rendered":"\n\n\t<h2>Aviso legal<\/h2>\n<p>Las explicaciones e informaci\u00f3n proporcionadas en esta p\u00e1gina son solo explicaciones e informaci\u00f3n generales y a grandes rasgos sobre c\u00f3mo redactar tu propio documento de T\u00e9rminos y Condiciones. No debes considerar este art\u00edculo como asesoramiento legal o recomendaciones sobre lo que realmente debes hacer, porque no podemos saber de antemano cu\u00e1les son los t\u00e9rminos espec\u00edficos que deseas establecer entre tu negocio y tus clientes y visitantes. Te recomendamos que busques asesoramiento legal para entender y elaborar tus propios T\u00e9rminos y Condiciones.<\/p>\n<h2>T\u00e9rminos y Condiciones: fundamentos<\/h2>\n<p>Dicho esto, los T\u00e9rminos y Condiciones (\u00abT&amp;C\u00bb) son un conjunto de t\u00e9rminos legalmente vinculantes definidos por ti, como propietario de este sitio web. Los T&amp;C establecen los l\u00edmites legales que rigen las actividades de los visitantes del sitio web, o tus clientes, mientras visitan o participan en este sitio web. Los T&amp;C tienen como finalidad establecer la relaci\u00f3n legal entre los visitantes del sitio y t\u00fa como propietario de dicho sitio.<\/p>\n<p>Los T&amp;C deben definirse seg\u00fan las necesidades espec\u00edficas y la naturaleza de cada sitio web. Por ejemplo, un sitio web que ofrece productos a los clientes en operaciones de comercio electr\u00f3nico, requiere T&amp;C diferentes a los T&amp;C de un sitio web que \u00fanicamente proporciona informaci\u00f3n (como un blog, p\u00e1gina de inicio, etc.).<\/p>\n<p>Los T&amp;C te confieren, como propietario del sitio web, la capacidad de protegerte de una responsabilidad jur\u00eddica, pero esto puede diferir de una jurisdicci\u00f3n a otra, as\u00ed que aseg\u00farate de recibir asesoramiento legal local si est\u00e1s tratando de protegerte de la responsabilidad jur\u00eddica.<\/p>\n<h2>Qu\u00e9 debe incluirse en el documento de T\u00e9rminos y Condiciones<\/h2>\n<p>En general, los T&amp;C suelen abordar este tipo de cuestiones: qui\u00e9n est\u00e1 autorizado a utilizar el sitio web, los posibles m\u00e9todos de pago, una declaraci\u00f3n de que el propietario del sitio web puede cambiar su oferta en el futuro, los tipos de garant\u00edas que el propietario del sitio web ofrece a sus clientes, una referencia a cuestiones de propiedad intelectual o derechos de autor (en caso de ser relevante), el derecho del propietario del sitio web a suspender o cancelar la cuenta de un miembro y mucho m\u00e1s.<\/p>\n\n","protected":false},"excerpt":{"rendered":"<p>Aviso legal Las explicaciones e informaci\u00f3n proporcionadas en esta p\u00e1gina son solo explicaciones e informaci\u00f3n generales y a grandes rasgos sobre c\u00f3mo redactar tu propio documento de T\u00e9rminos y Condiciones. No debes considerar este art\u00edculo como asesoramiento legal o recomendaciones sobre lo que realmente debes hacer, porque no podemos saber de antemano cu\u00e1les son los &hellip;<\/p>\n<p class=\"read-more\"> <a class=\"\" href=\"https:\/\/www.heatecx.com\/pt\/termos-e-condicoes\/\"> <span class=\"screen-reader-text\">Termos e Condi\u00e7\u00f5es<\/span> Read More &raquo;<\/a><\/p>\n","protected":false},"author":2,"featured_media":0,"parent":0,"menu_order":75,"comment_status":"closed","ping_status":"closed","template":"","meta":{"site-sidebar-layout":"default","site-content-layout":"default","ast-global-header-display":"","ast-main-header-display":"","ast-hfb-above-header-display":"","ast-hfb-below-header-display":"","ast-hfb-mobile-header-display":"","site-post-title":"disabled","ast-breadcrumbs-content":"","ast-featured-img":"","footer-sml-layout":"","theme-transparent-header-meta":"","adv-header-id-meta":"","stick-header-meta":"","header-above-stick-meta":"","header-main-stick-meta":"","header-below-stick-meta":"","footnotes":""},"class_list":["post-75","page","type-page","status-publish","hentry"],"_links":{"self":[{"href":"https:\/\/www.heatecx.com\/pt\/wp-json\/wp\/v2\/pages\/75","targetHints":{"allow":["GET"]}}],"collection":[{"href":"https:\/\/www.heatecx.com\/pt\/wp-json\/wp\/v2\/pages"}],"about":[{"href":"https:\/\/www.heatecx.com\/pt\/wp-json\/wp\/v2\/types\/page"}],"author":[{"embeddable":true,"href":"https:\/\/www.heatecx.com\/pt\/wp-json\/wp\/v2\/users\/2"}],"replies":[{"embeddable":true,"href":"https:\/\/www.heatecx.com\/pt\/wp-json\/wp\/v2\/comments?post=75"}],"version-history":[{"count":6,"href":"https:\/\/www.heatecx.com\/pt\/wp-json\/wp\/v2\/pages\/75\/revisions"}],"predecessor-version":[{"id":572,"href":"https:\/\/www.heatecx.com\/pt\/wp-json\/wp\/v2\/pages\/75\/revisions\/572"}],"wp:attachment":[{"href":"https:\/\/www.heatecx.com\/pt\/wp-json\/wp\/v2\/media?parent=75"}],"curies":[{"name":"wp","href":"https:\/\/api.w.org\/{rel}","templated":true}]}}