{"id":1036,"date":"2026-03-29T08:55:27","date_gmt":"2026-03-29T08:55:27","guid":{"rendered":"https:\/\/www.heatecx.com\/pt\/?post_type=product&#038;p=1036"},"modified":"2026-03-29T08:55:27","modified_gmt":"2026-03-29T08:55:27","slug":"aisladores-de-ceramica-tipo-rocheta","status":"publish","type":"product","link":"https:\/\/www.heatecx.com\/pt\/producto\/aisladores-de-ceramica-tipo-rocheta\/","title":{"rendered":"Aisladores de Cer\u00e2mica Tipo Rocheta"},"content":{"rendered":"<p>Os isoladores cer\u00e2micos industriais s\u00e3o componentes essenciais fabricados com materiais cer\u00e2micos avan\u00e7ados, projetados para fornecer isolamento el\u00e9trico de alta frequ\u00eancia e resist\u00eancia t\u00e9rmica em ambientes exigentes. Estes incluem a Cordierita, conhecida por seu baixo coeficiente de expans\u00e3o t\u00e9rmica e resist\u00eancia ao choque t\u00e9rmico; a Cer\u00e2mica Tipo Rocheta (frequentemente baseada em Esteatita), que funciona como suporte de <strong>resistencia<\/strong>\u200b e isolante de porcelana industrial; e os isoladores tipo duto cer\u00e2mico, como o duto cer\u00e2mico de mulita ou o tubo isolante de cer\u00e2mica aluminosa. Sua fun\u00e7\u00e3o principal \u00e9 separar eletricamente componentes condutores e suportar elementos calefatores, garantindo seguran\u00e7a operacional e efici\u00eancia. Est\u00e3o dispon\u00edveis em diversas formas, como cer\u00e2mica multifilar, isoladores de dois passos (ou mais vias), contas cer\u00e2micas, isoladores tipo &#8220;ossinho&#8221; e cer\u00e2mica ranhurada, adaptando-se a configura\u00e7\u00f5es espec\u00edficas de cabeamento e aquecimento.<\/p>\n","protected":false},"excerpt":{"rendered":"<p>Os isoladores cer\u00e2micos industriais s\u00e3o componentes essenciais fabricados com materiais cer\u00e2micos avan\u00e7ados, projetados para fornecer isolamento el\u00e9trico de alta frequ\u00eancia e resist\u00eancia t\u00e9rmica em ambientes exigentes. Estes incluem a Cordierita, conhecida por seu baixo coeficiente de expans\u00e3o t\u00e9rmica e resist\u00eancia ao choque t\u00e9rmico; a Cer\u00e2mica Tipo Rocheta (frequentemente baseada em Esteatita), que funciona como suporte de <strong>resistencia<\/strong>\u200b e isolante de porcelana industrial; e os isoladores tipo duto cer\u00e2mico, como o duto cer\u00e2mico de mulita ou o tubo isolante de cer\u00e2mica aluminosa. Sua fun\u00e7\u00e3o principal \u00e9 separar eletricamente componentes condutores e suportar elementos calefatores, garantindo seguran\u00e7a operacional e efici\u00eancia. Est\u00e3o dispon\u00edveis em diversas formas, como cer\u00e2mica multifilar, isoladores de dois passos (ou mais vias), contas cer\u00e2micas, isoladores tipo &#8220;ossinho&#8221; e cer\u00e2mica ranhurada, adaptando-se a configura\u00e7\u00f5es espec\u00edficas de cabeamento e aquecimento.<\/p>\n","protected":false},"featured_media":1037,"comment_status":"open","ping_status":"closed","template":"","meta":{"site-sidebar-layout":"default","site-content-layout":"default","ast-global-header-display":"","ast-main-header-display":"","ast-hfb-above-header-display":"","ast-hfb-below-header-display":"","ast-hfb-mobile-header-display":"","site-post-title":"disabled","ast-breadcrumbs-content":"","ast-featured-img":"","footer-sml-layout":"","theme-transparent-header-meta":"default","adv-header-id-meta":"","stick-header-meta":"","header-above-stick-meta":"","header-main-stick-meta":"","header-below-stick-meta":""},"product_brand":[],"product_cat":[43,18],"product_tag":[],"class_list":{"0":"post-1036","1":"product","2":"type-product","3":"status-publish","4":"has-post-thumbnail","6":"product_cat-ceramicas","7":"product_cat-materias-primas","9":"first","10":"instock","11":"shipping-taxable","12":"product-type-simple"},"_links":{"self":[{"href":"https:\/\/www.heatecx.com\/pt\/wp-json\/wp\/v2\/product\/1036","targetHints":{"allow":["GET"]}}],"collection":[{"href":"https:\/\/www.heatecx.com\/pt\/wp-json\/wp\/v2\/product"}],"about":[{"href":"https:\/\/www.heatecx.com\/pt\/wp-json\/wp\/v2\/types\/product"}],"replies":[{"embeddable":true,"href":"https:\/\/www.heatecx.com\/pt\/wp-json\/wp\/v2\/comments?post=1036"}],"wp:featuredmedia":[{"embeddable":true,"href":"https:\/\/www.heatecx.com\/pt\/wp-json\/wp\/v2\/media\/1037"}],"wp:attachment":[{"href":"https:\/\/www.heatecx.com\/pt\/wp-json\/wp\/v2\/media?parent=1036"}],"wp:term":[{"taxonomy":"product_brand","embeddable":true,"href":"https:\/\/www.heatecx.com\/pt\/wp-json\/wp\/v2\/product_brand?post=1036"},{"taxonomy":"product_cat","embeddable":true,"href":"https:\/\/www.heatecx.com\/pt\/wp-json\/wp\/v2\/product_cat?post=1036"},{"taxonomy":"product_tag","embeddable":true,"href":"https:\/\/www.heatecx.com\/pt\/wp-json\/wp\/v2\/product_tag?post=1036"}],"curies":[{"name":"wp","href":"https:\/\/api.w.org\/{rel}","templated":true}]}}