{"id":1047,"date":"2026-03-29T11:44:42","date_gmt":"2026-03-29T11:44:42","guid":{"rendered":"https:\/\/www.heatecx.com\/pt\/?post_type=product&#038;p=1047"},"modified":"2026-03-29T11:45:22","modified_gmt":"2026-03-29T11:45:22","slug":"alambre-resistivo-plano","status":"publish","type":"product","link":"https:\/\/www.heatecx.com\/pt\/producto\/alambre-resistivo-plano\/","title":{"rendered":"Alambre Resistivo Plano(Flat Wire)"},"content":{"rendered":"<p>O alambre resistivo plano, tamb\u00e9m conhecido como flat wire ou fita resistiva, \u00e9 um tipo especializado de fio de resist\u00eancia fabricado a partir de ligas met\u00e1licas com alta resistividade el\u00e9trica. Ao contr\u00e1rio do fio redondo tradicional, seu design em forma de tira ou fita otimiza a superf\u00edcie de contato e a dissipa\u00e7\u00e3o de calor, tornando-o um elemento calefator ideal para diversas aplica\u00e7\u00f5es industriais e comerciais. Este material \u00e9 fundamental na cria\u00e7\u00e3o de <strong>resistencias<\/strong>\u200b de precis\u00e3o, onde calor uniforme e durabilidade s\u00e3o cr\u00edticos. As ligas mais comuns incluem Nicromel (NiCr 80\/20), N\u00edquel-Cromo em v\u00e1rias propor\u00e7\u00f5es, Ferro-Cromo-Alum\u00ednio (FeCrAl) e Kanthal \u2014 cada uma selecionada por suas propriedades espec\u00edficas de resist\u00eancia \u00e0 temperatura e \u00e0 corros\u00e3o.<\/p>\n","protected":false},"excerpt":{"rendered":"<p>O alambre resistivo plano, tamb\u00e9m conhecido como flat wire ou fita resistiva, \u00e9 um tipo especializado de fio de resist\u00eancia fabricado a partir de ligas met\u00e1licas com alta resistividade el\u00e9trica. Ao contr\u00e1rio do fio redondo tradicional, seu design em forma de tira ou fita otimiza a superf\u00edcie de contato e a dissipa\u00e7\u00e3o de calor, tornando-o um elemento calefator ideal para diversas aplica\u00e7\u00f5es industriais e comerciais. Este material \u00e9 fundamental na cria\u00e7\u00e3o de <strong>resistencias<\/strong>\u200b de precis\u00e3o, onde calor uniforme e durabilidade s\u00e3o cr\u00edticos. As ligas mais comuns incluem Nicromel (NiCr 80\/20), N\u00edquel-Cromo em v\u00e1rias propor\u00e7\u00f5es, Ferro-Cromo-Alum\u00ednio (FeCrAl) e Kanthal \u2014 cada uma selecionada por suas propriedades espec\u00edficas de resist\u00eancia \u00e0 temperatura e \u00e0 corros\u00e3o.<\/p>\n","protected":false},"featured_media":1048,"comment_status":"open","ping_status":"closed","template":"","meta":{"site-sidebar-layout":"default","site-content-layout":"default","ast-global-header-display":"","ast-main-header-display":"","ast-hfb-above-header-display":"","ast-hfb-below-header-display":"","ast-hfb-mobile-header-display":"","site-post-title":"disabled","ast-breadcrumbs-content":"","ast-featured-img":"","footer-sml-layout":"","theme-transparent-header-meta":"default","adv-header-id-meta":"","stick-header-meta":"","header-above-stick-meta":"","header-main-stick-meta":"","header-below-stick-meta":""},"product_brand":[],"product_cat":[27,18],"product_tag":[],"class_list":{"0":"post-1047","1":"product","2":"type-product","3":"status-publish","4":"has-post-thumbnail","6":"product_cat-fios-e-fitas-resistivas","7":"product_cat-materias-primas","9":"first","10":"instock","11":"shipping-taxable","12":"product-type-simple"},"_links":{"self":[{"href":"https:\/\/www.heatecx.com\/pt\/wp-json\/wp\/v2\/product\/1047","targetHints":{"allow":["GET"]}}],"collection":[{"href":"https:\/\/www.heatecx.com\/pt\/wp-json\/wp\/v2\/product"}],"about":[{"href":"https:\/\/www.heatecx.com\/pt\/wp-json\/wp\/v2\/types\/product"}],"replies":[{"embeddable":true,"href":"https:\/\/www.heatecx.com\/pt\/wp-json\/wp\/v2\/comments?post=1047"}],"wp:featuredmedia":[{"embeddable":true,"href":"https:\/\/www.heatecx.com\/pt\/wp-json\/wp\/v2\/media\/1048"}],"wp:attachment":[{"href":"https:\/\/www.heatecx.com\/pt\/wp-json\/wp\/v2\/media?parent=1047"}],"wp:term":[{"taxonomy":"product_brand","embeddable":true,"href":"https:\/\/www.heatecx.com\/pt\/wp-json\/wp\/v2\/product_brand?post=1047"},{"taxonomy":"product_cat","embeddable":true,"href":"https:\/\/www.heatecx.com\/pt\/wp-json\/wp\/v2\/product_cat?post=1047"},{"taxonomy":"product_tag","embeddable":true,"href":"https:\/\/www.heatecx.com\/pt\/wp-json\/wp\/v2\/product_tag?post=1047"}],"curies":[{"name":"wp","href":"https:\/\/api.w.org\/{rel}","templated":true}]}}