{"id":1049,"date":"2026-03-29T13:31:19","date_gmt":"2026-03-29T13:31:19","guid":{"rendered":"https:\/\/www.heatecx.com\/pt\/?post_type=product&#038;p=1049"},"modified":"2026-03-29T13:31:19","modified_gmt":"2026-03-29T13:31:19","slug":"tubo-de-cuarzo-transparente-opaco-translucido-capilar","status":"publish","type":"product","link":"https:\/\/www.heatecx.com\/pt\/producto\/tubo-de-cuarzo-transparente-opaco-translucido-capilar\/","title":{"rendered":"Tubo de Cuarzo: Transparente | Opaco | Transl\u00facido | Capilar"},"content":{"rendered":"<p>Oferecemos uma gama vers\u00e1til de tubos de quartzo para atender a uma ampla variedade de necessidades de aplica\u00e7\u00e3o. O <strong>tubo de quartzo transparente<\/strong>\u200b \u00e9 ideal para aplica\u00e7\u00f5es que exigem visibilidade clara e transmiss\u00e3o \u00f3ptica ideal, como em reatores fotoqu\u00edmicos e sistemas de monitoramento. Para aplica\u00e7\u00f5es que necessitam de difus\u00e3o uniforme de luz ou prote\u00e7\u00e3o contra radia\u00e7\u00e3o, o <strong>tubo de quartzo opaco<\/strong>\u200b \u00e9 a escolha perfeita. O <strong>tubo de quartzo transl\u00facido<\/strong>\u200b oferece um equil\u00edbrio entre difus\u00e3o e transmiss\u00e3o, sendo excelente para elementos calefatores e fornos. Finalmente, nosso <strong>tubo capilar de quartzo de alta precis\u00e3o<\/strong>\u200b \u00e9 fundamental para aplica\u00e7\u00f5es em microflu\u00eddica, cromatografia e an\u00e1lise laboratorial. Cada tipo est\u00e1 dispon\u00edvel em diversas dimens\u00f5es e pode ser personalizado para atender aos requisitos espec\u00edficos do seu projeto, garantindo sempre m\u00e1xima pureza e desempenho.<\/p>\n","protected":false},"excerpt":{"rendered":"<p>Oferecemos uma gama vers\u00e1til de tubos de quartzo para atender a uma ampla variedade de necessidades de aplica\u00e7\u00e3o. O <strong>tubo de quartzo transparente<\/strong>\u200b \u00e9 ideal para aplica\u00e7\u00f5es que exigem visibilidade clara e transmiss\u00e3o \u00f3ptica ideal, como em reatores fotoqu\u00edmicos e sistemas de monitoramento. Para aplica\u00e7\u00f5es que necessitam de difus\u00e3o uniforme de luz ou prote\u00e7\u00e3o contra radia\u00e7\u00e3o, o <strong>tubo de quartzo opaco<\/strong>\u200b \u00e9 a escolha perfeita. O <strong>tubo de quartzo transl\u00facido<\/strong>\u200b oferece um equil\u00edbrio entre difus\u00e3o e transmiss\u00e3o, sendo excelente para elementos calefatores e fornos. Finalmente, nosso <strong>tubo capilar de quartzo de alta precis\u00e3o<\/strong>\u200b \u00e9 fundamental para aplica\u00e7\u00f5es em microflu\u00eddica, cromatografia e an\u00e1lise laboratorial. Cada tipo est\u00e1 dispon\u00edvel em diversas dimens\u00f5es e pode ser personalizado para atender aos requisitos espec\u00edficos do seu projeto, garantindo sempre m\u00e1xima pureza e desempenho.<\/p>\n","protected":false},"featured_media":1050,"comment_status":"open","ping_status":"closed","template":"","meta":{"site-sidebar-layout":"default","site-content-layout":"default","ast-global-header-display":"","ast-main-header-display":"","ast-hfb-above-header-display":"","ast-hfb-below-header-display":"","ast-hfb-mobile-header-display":"","site-post-title":"disabled","ast-breadcrumbs-content":"","ast-featured-img":"","footer-sml-layout":"","theme-transparent-header-meta":"default","adv-header-id-meta":"","stick-header-meta":"","header-above-stick-meta":"","header-main-stick-meta":"","header-below-stick-meta":""},"product_brand":[],"product_cat":[59,18],"product_tag":[],"class_list":{"0":"post-1049","1":"product","2":"type-product","3":"status-publish","4":"has-post-thumbnail","6":"product_cat-tubos","7":"product_cat-materias-primas","9":"first","10":"instock","11":"shipping-taxable","12":"product-type-simple"},"_links":{"self":[{"href":"https:\/\/www.heatecx.com\/pt\/wp-json\/wp\/v2\/product\/1049","targetHints":{"allow":["GET"]}}],"collection":[{"href":"https:\/\/www.heatecx.com\/pt\/wp-json\/wp\/v2\/product"}],"about":[{"href":"https:\/\/www.heatecx.com\/pt\/wp-json\/wp\/v2\/types\/product"}],"replies":[{"embeddable":true,"href":"https:\/\/www.heatecx.com\/pt\/wp-json\/wp\/v2\/comments?post=1049"}],"wp:featuredmedia":[{"embeddable":true,"href":"https:\/\/www.heatecx.com\/pt\/wp-json\/wp\/v2\/media\/1050"}],"wp:attachment":[{"href":"https:\/\/www.heatecx.com\/pt\/wp-json\/wp\/v2\/media?parent=1049"}],"wp:term":[{"taxonomy":"product_brand","embeddable":true,"href":"https:\/\/www.heatecx.com\/pt\/wp-json\/wp\/v2\/product_brand?post=1049"},{"taxonomy":"product_cat","embeddable":true,"href":"https:\/\/www.heatecx.com\/pt\/wp-json\/wp\/v2\/product_cat?post=1049"},{"taxonomy":"product_tag","embeddable":true,"href":"https:\/\/www.heatecx.com\/pt\/wp-json\/wp\/v2\/product_tag?post=1049"}],"curies":[{"name":"wp","href":"https:\/\/api.w.org\/{rel}","templated":true}]}}