{"id":1055,"date":"2026-03-29T13:49:20","date_gmt":"2026-03-29T13:49:20","guid":{"rendered":"https:\/\/www.heatecx.com\/pt\/?post_type=product&#038;p=1055"},"modified":"2026-03-29T13:49:20","modified_gmt":"2026-03-29T13:49:20","slug":"tubos-de-cobre-para-hvacr-e-troca-de-calor","status":"publish","type":"product","link":"https:\/\/www.heatecx.com\/pt\/producto\/tubos-de-cobre-para-hvacr-e-troca-de-calor\/","title":{"rendered":"Tubos de Cobre para HVACR e Troca de Calor"},"content":{"rendered":"<p>Os tubos de cobre para refrigera\u00e7\u00e3o e ar condicionado s\u00e3o componentes essenciais na ind\u00fastria HVACR (aquecimento, ventila\u00e7\u00e3o, ar condicionado e refrigera\u00e7\u00e3o), projetados especificamente para o transporte eficiente e seguro de refrigerantes, \u00f3leos e fluidos. Esses tubos de cobre sem costura s\u00e3o o padr\u00e3o global devido \u00e0 sua excepcional condutividade t\u00e9rmica, alta resist\u00eancia \u00e0 corros\u00e3o e durabilidade superior. S\u00e3o fundamentais na constru\u00e7\u00e3o de trocadores de calor de cobre, onde facilitam a transfer\u00eancia de energia em evaporadores e condensadores, otimizando o desempenho de sistemas de climatiza\u00e7\u00e3o e refrigera\u00e7\u00e3o industriais. A soldagem forte (brazing) \u00e9 o m\u00e9todo preferido para unir esses tubos, garantindo conex\u00f5es herm\u00e9ticas e robustas que suportam as exig\u00eancias operacionais de equipamentos modernos.<\/p>\n","protected":false},"excerpt":{"rendered":"<p>Os tubos de cobre para refrigera\u00e7\u00e3o e ar condicionado s\u00e3o componentes essenciais na ind\u00fastria HVACR (aquecimento, ventila\u00e7\u00e3o, ar condicionado e refrigera\u00e7\u00e3o), projetados especificamente para o transporte eficiente e seguro de refrigerantes, \u00f3leos e fluidos. Esses tubos de cobre sem costura s\u00e3o o padr\u00e3o global devido \u00e0 sua excepcional condutividade t\u00e9rmica, alta resist\u00eancia \u00e0 corros\u00e3o e durabilidade superior. S\u00e3o fundamentais na constru\u00e7\u00e3o de trocadores de calor de cobre, onde facilitam a transfer\u00eancia de energia em evaporadores e condensadores, otimizando o desempenho de sistemas de climatiza\u00e7\u00e3o e refrigera\u00e7\u00e3o industriais. A soldagem forte (brazing) \u00e9 o m\u00e9todo preferido para unir esses tubos, garantindo conex\u00f5es herm\u00e9ticas e robustas que suportam as exig\u00eancias operacionais de equipamentos modernos.<\/p>\n","protected":false},"featured_media":1056,"comment_status":"open","ping_status":"closed","template":"","meta":{"site-sidebar-layout":"default","site-content-layout":"default","ast-global-header-display":"","ast-main-header-display":"","ast-hfb-above-header-display":"","ast-hfb-below-header-display":"","ast-hfb-mobile-header-display":"","site-post-title":"disabled","ast-breadcrumbs-content":"","ast-featured-img":"","footer-sml-layout":"","theme-transparent-header-meta":"default","adv-header-id-meta":"","stick-header-meta":"","header-above-stick-meta":"","header-main-stick-meta":"","header-below-stick-meta":""},"product_brand":[],"product_cat":[59,18],"product_tag":[],"class_list":{"0":"post-1055","1":"product","2":"type-product","3":"status-publish","4":"has-post-thumbnail","6":"product_cat-tubos","7":"product_cat-materias-primas","9":"first","10":"instock","11":"shipping-taxable","12":"product-type-simple"},"_links":{"self":[{"href":"https:\/\/www.heatecx.com\/pt\/wp-json\/wp\/v2\/product\/1055","targetHints":{"allow":["GET"]}}],"collection":[{"href":"https:\/\/www.heatecx.com\/pt\/wp-json\/wp\/v2\/product"}],"about":[{"href":"https:\/\/www.heatecx.com\/pt\/wp-json\/wp\/v2\/types\/product"}],"replies":[{"embeddable":true,"href":"https:\/\/www.heatecx.com\/pt\/wp-json\/wp\/v2\/comments?post=1055"}],"wp:featuredmedia":[{"embeddable":true,"href":"https:\/\/www.heatecx.com\/pt\/wp-json\/wp\/v2\/media\/1056"}],"wp:attachment":[{"href":"https:\/\/www.heatecx.com\/pt\/wp-json\/wp\/v2\/media?parent=1055"}],"wp:term":[{"taxonomy":"product_brand","embeddable":true,"href":"https:\/\/www.heatecx.com\/pt\/wp-json\/wp\/v2\/product_brand?post=1055"},{"taxonomy":"product_cat","embeddable":true,"href":"https:\/\/www.heatecx.com\/pt\/wp-json\/wp\/v2\/product_cat?post=1055"},{"taxonomy":"product_tag","embeddable":true,"href":"https:\/\/www.heatecx.com\/pt\/wp-json\/wp\/v2\/product_tag?post=1055"}],"curies":[{"name":"wp","href":"https:\/\/api.w.org\/{rel}","templated":true}]}}