{"id":1061,"date":"2026-03-30T01:29:38","date_gmt":"2026-03-30T01:29:38","guid":{"rendered":"https:\/\/www.heatecx.com\/pt\/?post_type=product&#038;p=1061"},"modified":"2026-03-30T01:29:38","modified_gmt":"2026-03-30T01:29:38","slug":"tela-de-fibra-de-vidrio-com-silicone-vulcanizado","status":"publish","type":"product","link":"https:\/\/www.heatecx.com\/pt\/producto\/tela-de-fibra-de-vidrio-com-silicone-vulcanizado\/","title":{"rendered":"Tela de Fibra de Vidrio com Silicone Vulcanizado"},"content":{"rendered":"<p>Descubra nossa avan\u00e7ada Tela de Fibra de Vidrio com Silicone Vulcanizado, uma solu\u00e7\u00e3o de engenharia de alto desempenho projetada para as aplica\u00e7\u00f5es mais exigentes. Conhecida tamb\u00e9m como Tecido de fibra de vidro de silicone ou Fibra de vidro com revestimento de silicone, este material composto \u00e9 fabricado a partir de um tecido de fibra de vidro sem \u00e1lcali de alta resist\u00eancia, impregnado e revestido com borracha de silicone org\u00e2nico por meio de calandragem ou imers\u00e3o. Uma das faces apresenta silicone j\u00e1 vulcanizado (curado), enquanto a outra permanece semicurada, permitindo uma uni\u00e3o excepcional durante processos de vulcaniza\u00e7\u00e3o a quente. Esta tela de silicone para altas temperaturas \u00e9 ideal para a cria\u00e7\u00e3o de almofadas calefatoras integradas, oferecendo resist\u00eancia t\u00e9rmica cont\u00ednua de -20\u00b0C a 280\u00b0C, excelente isolamento el\u00e9trico e propriedades ign\u00edfugas. Seu design inovador garante uma ades\u00e3o superior entre o silicone e os elementos calefatores, como fios ou l\u00e2minas, resultando em um produto final com desempenho de isolamento, resist\u00eancia a altas temperaturas e propriedades ign\u00edfugas incompar\u00e1veis. \u00c9 uma manta\/tela ign\u00edfuga revestida vers\u00e1til e de alto desempenho, livre de halog\u00eanios e em conformidade com os padr\u00f5es RoHS.<\/p>\n","protected":false},"excerpt":{"rendered":"<p>Descubra nossa avan\u00e7ada Tela de Fibra de Vidrio com Silicone Vulcanizado, uma solu\u00e7\u00e3o de engenharia de alto desempenho projetada para as aplica\u00e7\u00f5es mais exigentes. Conhecida tamb\u00e9m como Tecido de fibra de vidro de silicone ou Fibra de vidro com revestimento de silicone, este material composto \u00e9 fabricado a partir de um tecido de fibra de vidro sem \u00e1lcali de alta resist\u00eancia, impregnado e revestido com borracha de silicone org\u00e2nico por meio de calandragem ou imers\u00e3o. Uma das faces apresenta silicone j\u00e1 vulcanizado (curado), enquanto a outra permanece semicurada, permitindo uma uni\u00e3o excepcional durante processos de vulcaniza\u00e7\u00e3o a quente. Esta tela de silicone para altas temperaturas \u00e9 ideal para a cria\u00e7\u00e3o de almofadas calefatoras integradas, oferecendo resist\u00eancia t\u00e9rmica cont\u00ednua de -20\u00b0C a 280\u00b0C, excelente isolamento el\u00e9trico e propriedades ign\u00edfugas. Seu design inovador garante uma ades\u00e3o superior entre o silicone e os elementos calefatores, como fios ou l\u00e2minas, resultando em um produto final com desempenho de isolamento, resist\u00eancia a altas temperaturas e propriedades ign\u00edfugas incompar\u00e1veis. \u00c9 uma manta\/tela ign\u00edfuga revestida vers\u00e1til e de alto desempenho, livre de halog\u00eanios e em conformidade com os padr\u00f5es RoHS.<\/p>\n","protected":false},"featured_media":1062,"comment_status":"open","ping_status":"closed","template":"","meta":{"site-sidebar-layout":"default","site-content-layout":"default","ast-global-header-display":"","ast-main-header-display":"","ast-hfb-above-header-display":"","ast-hfb-below-header-display":"","ast-hfb-mobile-header-display":"","site-post-title":"disabled","ast-breadcrumbs-content":"","ast-featured-img":"","footer-sml-layout":"","theme-transparent-header-meta":"default","adv-header-id-meta":"","stick-header-meta":"","header-above-stick-meta":"","header-main-stick-meta":"","header-below-stick-meta":""},"product_brand":[],"product_cat":[28,18],"product_tag":[],"class_list":{"0":"post-1061","1":"product","2":"type-product","3":"status-publish","4":"has-post-thumbnail","6":"product_cat-teflon-ptfe","7":"product_cat-materias-primas","9":"first","10":"instock","11":"shipping-taxable","12":"product-type-simple"},"_links":{"self":[{"href":"https:\/\/www.heatecx.com\/pt\/wp-json\/wp\/v2\/product\/1061","targetHints":{"allow":["GET"]}}],"collection":[{"href":"https:\/\/www.heatecx.com\/pt\/wp-json\/wp\/v2\/product"}],"about":[{"href":"https:\/\/www.heatecx.com\/pt\/wp-json\/wp\/v2\/types\/product"}],"replies":[{"embeddable":true,"href":"https:\/\/www.heatecx.com\/pt\/wp-json\/wp\/v2\/comments?post=1061"}],"wp:featuredmedia":[{"embeddable":true,"href":"https:\/\/www.heatecx.com\/pt\/wp-json\/wp\/v2\/media\/1062"}],"wp:attachment":[{"href":"https:\/\/www.heatecx.com\/pt\/wp-json\/wp\/v2\/media?parent=1061"}],"wp:term":[{"taxonomy":"product_brand","embeddable":true,"href":"https:\/\/www.heatecx.com\/pt\/wp-json\/wp\/v2\/product_brand?post=1061"},{"taxonomy":"product_cat","embeddable":true,"href":"https:\/\/www.heatecx.com\/pt\/wp-json\/wp\/v2\/product_cat?post=1061"},{"taxonomy":"product_tag","embeddable":true,"href":"https:\/\/www.heatecx.com\/pt\/wp-json\/wp\/v2\/product_tag?post=1061"}],"curies":[{"name":"wp","href":"https:\/\/api.w.org\/{rel}","templated":true}]}}