{"id":1067,"date":"2026-03-30T02:27:30","date_gmt":"2026-03-30T02:27:30","guid":{"rendered":"https:\/\/www.heatecx.com\/pt\/?post_type=product&#038;p=1067"},"modified":"2026-03-30T02:27:31","modified_gmt":"2026-03-30T02:27:31","slug":"espaguete-de-fibra-de-vidro-600c","status":"publish","type":"product","link":"https:\/\/www.heatecx.com\/pt\/producto\/espaguete-de-fibra-de-vidro-600c\/","title":{"rendered":"Espaguete de Fibra de Vidro 600\u00b0C"},"content":{"rendered":"<p>Descubra o nosso Espaguete de Fibra de Vidro, a solu\u00e7\u00e3o definitiva para a prote\u00e7\u00e3o de cabos em ambientes de alta exig\u00eancia. Fabricado com fibra de vidro sem \u00e1lcali da mais alta qualidade, este produto foi projetado para oferecer uma resist\u00eancia t\u00e9rmica excepcional, suportando temperaturas cont\u00ednuas de at\u00e9 400\u00b0C e picos instant\u00e2neos de at\u00e9 600\u00b0C. Ideal para salvaguardar a integridade das instala\u00e7\u00f5es el\u00e9tricas, tanto em ambientes internos quanto externos, a nossa manga de fibra de vidro proporciona um isolamento robusto e dur\u00e1vel. A sua versatilidade estende-se a uma vasta gama de aplica\u00e7\u00f5es, garantindo a seguran\u00e7a e o desempenho ideal dos seus sistemas el\u00e9tricos.<\/p>\n","protected":false},"excerpt":{"rendered":"<p>Descubra o nosso Espaguete de Fibra de Vidro, a solu\u00e7\u00e3o definitiva para a prote\u00e7\u00e3o de cabos em ambientes de alta exig\u00eancia. Fabricado com fibra de vidro sem \u00e1lcali da mais alta qualidade, este produto foi projetado para oferecer uma resist\u00eancia t\u00e9rmica excepcional, suportando temperaturas cont\u00ednuas de at\u00e9 400\u00b0C e picos instant\u00e2neos de at\u00e9 600\u00b0C. Ideal para salvaguardar a integridade das instala\u00e7\u00f5es el\u00e9tricas, tanto em ambientes internos quanto externos, a nossa manga de fibra de vidro proporciona um isolamento robusto e dur\u00e1vel. A sua versatilidade estende-se a uma vasta gama de aplica\u00e7\u00f5es, garantindo a seguran\u00e7a e o desempenho ideal dos seus sistemas el\u00e9tricos.<\/p>\n","protected":false},"featured_media":1068,"comment_status":"open","ping_status":"closed","template":"","meta":{"site-sidebar-layout":"default","site-content-layout":"default","ast-global-header-display":"","ast-main-header-display":"","ast-hfb-above-header-display":"","ast-hfb-below-header-display":"","ast-hfb-mobile-header-display":"","site-post-title":"disabled","ast-breadcrumbs-content":"","ast-featured-img":"","footer-sml-layout":"","theme-transparent-header-meta":"default","adv-header-id-meta":"","stick-header-meta":"","header-above-stick-meta":"","header-main-stick-meta":"","header-below-stick-meta":""},"product_brand":[],"product_cat":[54,18],"product_tag":[],"class_list":{"0":"post-1067","1":"product","2":"type-product","3":"status-publish","4":"has-post-thumbnail","6":"product_cat-espaguetes-de-alta-temperatura","7":"product_cat-materias-primas","9":"first","10":"instock","11":"shipping-taxable","12":"product-type-simple"},"_links":{"self":[{"href":"https:\/\/www.heatecx.com\/pt\/wp-json\/wp\/v2\/product\/1067","targetHints":{"allow":["GET"]}}],"collection":[{"href":"https:\/\/www.heatecx.com\/pt\/wp-json\/wp\/v2\/product"}],"about":[{"href":"https:\/\/www.heatecx.com\/pt\/wp-json\/wp\/v2\/types\/product"}],"replies":[{"embeddable":true,"href":"https:\/\/www.heatecx.com\/pt\/wp-json\/wp\/v2\/comments?post=1067"}],"wp:featuredmedia":[{"embeddable":true,"href":"https:\/\/www.heatecx.com\/pt\/wp-json\/wp\/v2\/media\/1068"}],"wp:attachment":[{"href":"https:\/\/www.heatecx.com\/pt\/wp-json\/wp\/v2\/media?parent=1067"}],"wp:term":[{"taxonomy":"product_brand","embeddable":true,"href":"https:\/\/www.heatecx.com\/pt\/wp-json\/wp\/v2\/product_brand?post=1067"},{"taxonomy":"product_cat","embeddable":true,"href":"https:\/\/www.heatecx.com\/pt\/wp-json\/wp\/v2\/product_cat?post=1067"},{"taxonomy":"product_tag","embeddable":true,"href":"https:\/\/www.heatecx.com\/pt\/wp-json\/wp\/v2\/product_tag?post=1067"}],"curies":[{"name":"wp","href":"https:\/\/api.w.org\/{rel}","templated":true}]}}