{"id":1084,"date":"2026-03-30T07:17:41","date_gmt":"2026-03-30T07:17:41","guid":{"rendered":"https:\/\/www.heatecx.com\/pt\/?post_type=product&#038;p=1084"},"modified":"2026-03-30T07:17:42","modified_gmt":"2026-03-30T07:17:42","slug":"cabo-de-alta-temperatura-agr-200c-fibra-de-vidro-e-silicone","status":"publish","type":"product","link":"https:\/\/www.heatecx.com\/pt\/producto\/cabo-de-alta-temperatura-agr-200c-fibra-de-vidro-e-silicone\/","title":{"rendered":"Cabo de Alta Temperatura AGR 200\u00b0C (Fibra de Vidro e Silicone)"},"content":{"rendered":"<p>Se voc\u00ea busca um cabo resistente ao calor que ofere\u00e7a flexibilidade e durabilidade para seus projetos, o modelo AGR 200\u00b0C \u00e9 a escolha perfeita. Este cabo de fibra de vidro e silicone \u00e9 otimizado para aplica\u00e7\u00f5es de alta temperatura na ind\u00fastria e no lar, fornecendo uma solu\u00e7\u00e3o confi\u00e1vel para o cabeamento de aparelhos el\u00e9tricos e equipamentos de ilumina\u00e7\u00e3o. Sua capacidade de suportar temperaturas de at\u00e9 200\u00b0C, junto com sua excelente resist\u00eancia ao choque t\u00e9rmico e sua resist\u00eancia mec\u00e2nica aprimorada, o tornam um cabeamento el\u00e9trico de silicone de alto desempenho. \u00c9 a op\u00e7\u00e3o ideal para fabricantes e t\u00e9cnicos que precisam de um cabo com aprova\u00e7\u00e3o UL que combine seguran\u00e7a, efici\u00eancia e longa vida \u00fatil em ambientes de calor moderado a elevado.<\/p>\n","protected":false},"excerpt":{"rendered":"<p>Se voc\u00ea busca um cabo resistente ao calor que ofere\u00e7a flexibilidade e durabilidade para seus projetos, o modelo AGR 200\u00b0C \u00e9 a escolha perfeita. Este cabo de fibra de vidro e silicone \u00e9 otimizado para aplica\u00e7\u00f5es de alta temperatura na ind\u00fastria e no lar, fornecendo uma solu\u00e7\u00e3o confi\u00e1vel para o cabeamento de aparelhos el\u00e9tricos e equipamentos de ilumina\u00e7\u00e3o. Sua capacidade de suportar temperaturas de at\u00e9 200\u00b0C, junto com sua excelente resist\u00eancia ao choque t\u00e9rmico e sua resist\u00eancia mec\u00e2nica aprimorada, o tornam um cabeamento el\u00e9trico de silicone de alto desempenho. \u00c9 a op\u00e7\u00e3o ideal para fabricantes e t\u00e9cnicos que precisam de um cabo com aprova\u00e7\u00e3o UL que combine seguran\u00e7a, efici\u00eancia e longa vida \u00fatil em ambientes de calor moderado a elevado.<\/p>\n","protected":false},"featured_media":1085,"comment_status":"open","ping_status":"closed","template":"","meta":{"site-sidebar-layout":"default","site-content-layout":"default","ast-global-header-display":"","ast-main-header-display":"","ast-hfb-above-header-display":"","ast-hfb-below-header-display":"","ast-hfb-mobile-header-display":"","site-post-title":"disabled","ast-breadcrumbs-content":"","ast-featured-img":"","footer-sml-layout":"","theme-transparent-header-meta":"default","adv-header-id-meta":"","stick-header-meta":"","header-above-stick-meta":"","header-main-stick-meta":"","header-below-stick-meta":""},"product_brand":[],"product_cat":[53,18],"product_tag":[],"class_list":{"0":"post-1084","1":"product","2":"type-product","3":"status-publish","4":"has-post-thumbnail","6":"product_cat-cabos-de-alta-temperatura","7":"product_cat-materias-primas","9":"first","10":"instock","11":"shipping-taxable","12":"product-type-simple"},"_links":{"self":[{"href":"https:\/\/www.heatecx.com\/pt\/wp-json\/wp\/v2\/product\/1084","targetHints":{"allow":["GET"]}}],"collection":[{"href":"https:\/\/www.heatecx.com\/pt\/wp-json\/wp\/v2\/product"}],"about":[{"href":"https:\/\/www.heatecx.com\/pt\/wp-json\/wp\/v2\/types\/product"}],"replies":[{"embeddable":true,"href":"https:\/\/www.heatecx.com\/pt\/wp-json\/wp\/v2\/comments?post=1084"}],"wp:featuredmedia":[{"embeddable":true,"href":"https:\/\/www.heatecx.com\/pt\/wp-json\/wp\/v2\/media\/1085"}],"wp:attachment":[{"href":"https:\/\/www.heatecx.com\/pt\/wp-json\/wp\/v2\/media?parent=1084"}],"wp:term":[{"taxonomy":"product_brand","embeddable":true,"href":"https:\/\/www.heatecx.com\/pt\/wp-json\/wp\/v2\/product_brand?post=1084"},{"taxonomy":"product_cat","embeddable":true,"href":"https:\/\/www.heatecx.com\/pt\/wp-json\/wp\/v2\/product_cat?post=1084"},{"taxonomy":"product_tag","embeddable":true,"href":"https:\/\/www.heatecx.com\/pt\/wp-json\/wp\/v2\/product_tag?post=1084"}],"curies":[{"name":"wp","href":"https:\/\/api.w.org\/{rel}","templated":true}]}}