{"id":1101,"date":"2026-03-31T01:11:53","date_gmt":"2026-03-31T01:11:53","guid":{"rendered":"https:\/\/www.heatecx.com\/pt\/?post_type=product&#038;p=1101"},"modified":"2026-03-31T01:11:53","modified_gmt":"2026-03-31T01:11:53","slug":"bridas-flanges-industriais","status":"publish","type":"product","link":"https:\/\/www.heatecx.com\/pt\/producto\/bridas-flanges-industriais\/","title":{"rendered":"Bridas | Flanges Industriais"},"content":{"rendered":"<p>As bridas, tamb\u00e9m conhecidas como flanges, s\u00e3o componentes essenciais na ind\u00fastria, projetadas para unir se\u00e7\u00f5es de tubula\u00e7\u00f5es, v\u00e1lvulas, bombas e outros equipamentos, criando um sistema de conex\u00e3o robusto e herm\u00e9tico. Sua fun\u00e7\u00e3o principal \u00e9 permitir a montagem e desmontagem dos sistemas de forma segura e eficiente, facilitando tarefas de manuten\u00e7\u00e3o, inspe\u00e7\u00e3o ou modifica\u00e7\u00e3o. Essas pe\u00e7as se caracterizam por sua superf\u00edcie plana ou elevada com orif\u00edcios para parafusos, que se alinham com os da contra-brida, assegurando uma uni\u00e3o firme mediante o uso de juntas ou empaques para selar a conex\u00e3o. A escolha da brida adequada \u00e9 crucial para garantir a integridade e o rendimento de qualquer instala\u00e7\u00e3o industrial, especialmente em ambientes de alta press\u00e3o, temperatura ou com fluidos corrosivos. S\u00e3o fundamentais em uma ampla gama de setores, desde a petroqu\u00edmica e a gera\u00e7\u00e3o de energia at\u00e9 o tratamento de \u00e1guas e a ind\u00fastria aliment\u00edcia.<\/p>\n","protected":false},"excerpt":{"rendered":"<p>As bridas, tamb\u00e9m conhecidas como flanges, s\u00e3o componentes essenciais na ind\u00fastria, projetadas para unir se\u00e7\u00f5es de tubula\u00e7\u00f5es, v\u00e1lvulas, bombas e outros equipamentos, criando um sistema de conex\u00e3o robusto e herm\u00e9tico. Sua fun\u00e7\u00e3o principal \u00e9 permitir a montagem e desmontagem dos sistemas de forma segura e eficiente, facilitando tarefas de manuten\u00e7\u00e3o, inspe\u00e7\u00e3o ou modifica\u00e7\u00e3o. Essas pe\u00e7as se caracterizam por sua superf\u00edcie plana ou elevada com orif\u00edcios para parafusos, que se alinham com os da contra-brida, assegurando uma uni\u00e3o firme mediante o uso de juntas ou empaques para selar a conex\u00e3o. A escolha da brida adequada \u00e9 crucial para garantir a integridade e o rendimento de qualquer instala\u00e7\u00e3o industrial, especialmente em ambientes de alta press\u00e3o, temperatura ou com fluidos corrosivos. S\u00e3o fundamentais em uma ampla gama de setores, desde a petroqu\u00edmica e a gera\u00e7\u00e3o de energia at\u00e9 o tratamento de \u00e1guas e a ind\u00fastria aliment\u00edcia.<\/p>\n","protected":false},"featured_media":1102,"comment_status":"open","ping_status":"closed","template":"","meta":{"site-sidebar-layout":"default","site-content-layout":"default","ast-global-header-display":"","ast-main-header-display":"","ast-hfb-above-header-display":"","ast-hfb-below-header-display":"","ast-hfb-mobile-header-display":"","site-post-title":"disabled","ast-breadcrumbs-content":"","ast-featured-img":"","footer-sml-layout":"","theme-transparent-header-meta":"default","adv-header-id-meta":"","stick-header-meta":"","header-above-stick-meta":"","header-main-stick-meta":"","header-below-stick-meta":""},"product_brand":[],"product_cat":[56,18],"product_tag":[],"class_list":{"0":"post-1101","1":"product","2":"type-product","3":"status-publish","4":"has-post-thumbnail","6":"product_cat-materias-primas-metalicas","7":"product_cat-materias-primas","9":"first","10":"instock","11":"shipping-taxable","12":"product-type-simple"},"_links":{"self":[{"href":"https:\/\/www.heatecx.com\/pt\/wp-json\/wp\/v2\/product\/1101","targetHints":{"allow":["GET"]}}],"collection":[{"href":"https:\/\/www.heatecx.com\/pt\/wp-json\/wp\/v2\/product"}],"about":[{"href":"https:\/\/www.heatecx.com\/pt\/wp-json\/wp\/v2\/types\/product"}],"replies":[{"embeddable":true,"href":"https:\/\/www.heatecx.com\/pt\/wp-json\/wp\/v2\/comments?post=1101"}],"wp:featuredmedia":[{"embeddable":true,"href":"https:\/\/www.heatecx.com\/pt\/wp-json\/wp\/v2\/media\/1102"}],"wp:attachment":[{"href":"https:\/\/www.heatecx.com\/pt\/wp-json\/wp\/v2\/media?parent=1101"}],"wp:term":[{"taxonomy":"product_brand","embeddable":true,"href":"https:\/\/www.heatecx.com\/pt\/wp-json\/wp\/v2\/product_brand?post=1101"},{"taxonomy":"product_cat","embeddable":true,"href":"https:\/\/www.heatecx.com\/pt\/wp-json\/wp\/v2\/product_cat?post=1101"},{"taxonomy":"product_tag","embeddable":true,"href":"https:\/\/www.heatecx.com\/pt\/wp-json\/wp\/v2\/product_tag?post=1101"}],"curies":[{"name":"wp","href":"https:\/\/api.w.org\/{rel}","templated":true}]}}