{"id":1113,"date":"2026-03-31T01:50:05","date_gmt":"2026-03-31T01:50:05","guid":{"rendered":"https:\/\/www.heatecx.com\/pt\/?post_type=product&#038;p=1113"},"modified":"2026-03-31T01:50:05","modified_gmt":"2026-03-31T01:50:05","slug":"terminais-eletricos-de-olhal-para-alta-temperatura","status":"publish","type":"product","link":"https:\/\/www.heatecx.com\/pt\/producto\/terminais-eletricos-de-olhal-para-alta-temperatura\/","title":{"rendered":"Terminais El\u00e9tricos de Olhal para Alta Temperatura"},"content":{"rendered":"<p>Nossos terminais el\u00e9tricos de olhal da s\u00e9rie OT, tamb\u00e9m conhecidos como grampos de alta temperatura ou terminais tipo &#8220;faston&#8221; de olhal, s\u00e3o componentes de conex\u00e3o de primeira linha, projetados para garantir desempenho superior e seguran\u00e7a inquebr\u00e1vel nas aplica\u00e7\u00f5es el\u00e9tricas mais exigentes. Fabricados com cobre roxo de alta pureza (99,9%) e acabamento estanhado, esses terminais oferecem condutividade el\u00e9trica excepcional, minimizando a gera\u00e7\u00e3o de calor e prevenindo falhas por superaquecimento. Seu design robusto assegura uma conex\u00e3o el\u00e9trica est\u00e1vel e confi\u00e1vel, tornando-os a solu\u00e7\u00e3o ideal para termina\u00e7\u00f5es de cabos que requerem durabilidade e resist\u00eancia a altas temperaturas. Cada terminal \u00e9 projetado para suportar tens\u00e3o de at\u00e9 600V, cumprindo com os mais altos padr\u00f5es da ind\u00fastria, incluindo as certifica\u00e7\u00f5es CE, ISO9001 e RoHS.<\/p>\n","protected":false},"excerpt":{"rendered":"<p>Nossos terminais el\u00e9tricos de olhal da s\u00e9rie OT, tamb\u00e9m conhecidos como grampos de alta temperatura ou terminais tipo &#8220;faston&#8221; de olhal, s\u00e3o componentes de conex\u00e3o de primeira linha, projetados para garantir desempenho superior e seguran\u00e7a inquebr\u00e1vel nas aplica\u00e7\u00f5es el\u00e9tricas mais exigentes. Fabricados com cobre roxo de alta pureza (99,9%) e acabamento estanhado, esses terminais oferecem condutividade el\u00e9trica excepcional, minimizando a gera\u00e7\u00e3o de calor e prevenindo falhas por superaquecimento. Seu design robusto assegura uma conex\u00e3o el\u00e9trica est\u00e1vel e confi\u00e1vel, tornando-os a solu\u00e7\u00e3o ideal para termina\u00e7\u00f5es de cabos que requerem durabilidade e resist\u00eancia a altas temperaturas. Cada terminal \u00e9 projetado para suportar tens\u00e3o de at\u00e9 600V, cumprindo com os mais altos padr\u00f5es da ind\u00fastria, incluindo as certifica\u00e7\u00f5es CE, ISO9001 e RoHS.<\/p>\n","protected":false},"featured_media":1114,"comment_status":"open","ping_status":"closed","template":"","meta":{"site-sidebar-layout":"default","site-content-layout":"default","ast-global-header-display":"","ast-main-header-display":"","ast-hfb-above-header-display":"","ast-hfb-below-header-display":"","ast-hfb-mobile-header-display":"","site-post-title":"disabled","ast-breadcrumbs-content":"","ast-featured-img":"","footer-sml-layout":"","theme-transparent-header-meta":"default","adv-header-id-meta":"","stick-header-meta":"","header-above-stick-meta":"","header-main-stick-meta":"","header-below-stick-meta":""},"product_brand":[],"product_cat":[56,18],"product_tag":[],"class_list":{"0":"post-1113","1":"product","2":"type-product","3":"status-publish","4":"has-post-thumbnail","6":"product_cat-materias-primas-metalicas","7":"product_cat-materias-primas","9":"first","10":"instock","11":"shipping-taxable","12":"product-type-simple"},"_links":{"self":[{"href":"https:\/\/www.heatecx.com\/pt\/wp-json\/wp\/v2\/product\/1113","targetHints":{"allow":["GET"]}}],"collection":[{"href":"https:\/\/www.heatecx.com\/pt\/wp-json\/wp\/v2\/product"}],"about":[{"href":"https:\/\/www.heatecx.com\/pt\/wp-json\/wp\/v2\/types\/product"}],"replies":[{"embeddable":true,"href":"https:\/\/www.heatecx.com\/pt\/wp-json\/wp\/v2\/comments?post=1113"}],"wp:featuredmedia":[{"embeddable":true,"href":"https:\/\/www.heatecx.com\/pt\/wp-json\/wp\/v2\/media\/1114"}],"wp:attachment":[{"href":"https:\/\/www.heatecx.com\/pt\/wp-json\/wp\/v2\/media?parent=1113"}],"wp:term":[{"taxonomy":"product_brand","embeddable":true,"href":"https:\/\/www.heatecx.com\/pt\/wp-json\/wp\/v2\/product_brand?post=1113"},{"taxonomy":"product_cat","embeddable":true,"href":"https:\/\/www.heatecx.com\/pt\/wp-json\/wp\/v2\/product_cat?post=1113"},{"taxonomy":"product_tag","embeddable":true,"href":"https:\/\/www.heatecx.com\/pt\/wp-json\/wp\/v2\/product_tag?post=1113"}],"curies":[{"name":"wp","href":"https:\/\/api.w.org\/{rel}","templated":true}]}}