{"id":1119,"date":"2026-03-31T02:32:33","date_gmt":"2026-03-31T02:32:33","guid":{"rendered":"https:\/\/www.heatecx.com\/pt\/?post_type=product&#038;p=1119"},"modified":"2026-03-31T02:32:34","modified_gmt":"2026-03-31T02:32:34","slug":"plugues-e-conectores-industriais-de-alta-temperatura","status":"publish","type":"product","link":"https:\/\/www.heatecx.com\/pt\/producto\/plugues-e-conectores-industriais-de-alta-temperatura\/","title":{"rendered":"Plugues e Conectores Industriais de Alta Temperatura"},"content":{"rendered":"<p>Nossos Plugues de Alta Temperatura e Conectores para Alta Temperatura s\u00e3o projetados especificamente para operar nos ambientes industriais mais exigentes, onde as condi\u00e7\u00f5es t\u00e9rmicas excedem as capacidades dos conectores padr\u00e3o. Fabricados com materiais cer\u00e2micos e met\u00e1licos de primeira qualidade, esses Plugues Industriais garantem uma conex\u00e3o el\u00e9trica segura e est\u00e1vel, mesmo quando expostos a calor extremo e flutua\u00e7\u00f5es t\u00e9rmicas constantes. Sua constru\u00e7\u00e3o robusta assegura uma durabilidade excepcional e uma resist\u00eancia superior \u00e0 corros\u00e3o e ao desgaste mec\u00e2nico, tornando-os a solu\u00e7\u00e3o ideal para manter a continuidade operacional em processos cr\u00edticos. S\u00e3o componentes essenciais para qualquer sistema que exija uma transmiss\u00e3o de energia confi\u00e1vel sob estresse t\u00e9rmico.<\/p>\n","protected":false},"excerpt":{"rendered":"<p>Nossos Plugues de Alta Temperatura e Conectores para Alta Temperatura s\u00e3o projetados especificamente para operar nos ambientes industriais mais exigentes, onde as condi\u00e7\u00f5es t\u00e9rmicas excedem as capacidades dos conectores padr\u00e3o. Fabricados com materiais cer\u00e2micos e met\u00e1licos de primeira qualidade, esses Plugues Industriais garantem uma conex\u00e3o el\u00e9trica segura e est\u00e1vel, mesmo quando expostos a calor extremo e flutua\u00e7\u00f5es t\u00e9rmicas constantes. Sua constru\u00e7\u00e3o robusta assegura uma durabilidade excepcional e uma resist\u00eancia superior \u00e0 corros\u00e3o e ao desgaste mec\u00e2nico, tornando-os a solu\u00e7\u00e3o ideal para manter a continuidade operacional em processos cr\u00edticos. S\u00e3o componentes essenciais para qualquer sistema que exija uma transmiss\u00e3o de energia confi\u00e1vel sob estresse t\u00e9rmico.<\/p>\n","protected":false},"featured_media":1120,"comment_status":"open","ping_status":"closed","template":"","meta":{"site-sidebar-layout":"default","site-content-layout":"default","ast-global-header-display":"","ast-main-header-display":"","ast-hfb-above-header-display":"","ast-hfb-below-header-display":"","ast-hfb-mobile-header-display":"","site-post-title":"disabled","ast-breadcrumbs-content":"","ast-featured-img":"","footer-sml-layout":"","theme-transparent-header-meta":"default","adv-header-id-meta":"","stick-header-meta":"","header-above-stick-meta":"","header-main-stick-meta":"","header-below-stick-meta":""},"product_brand":[],"product_cat":[56,18],"product_tag":[],"class_list":{"0":"post-1119","1":"product","2":"type-product","3":"status-publish","4":"has-post-thumbnail","6":"product_cat-materias-primas-metalicas","7":"product_cat-materias-primas","9":"first","10":"instock","11":"shipping-taxable","12":"product-type-simple"},"_links":{"self":[{"href":"https:\/\/www.heatecx.com\/pt\/wp-json\/wp\/v2\/product\/1119","targetHints":{"allow":["GET"]}}],"collection":[{"href":"https:\/\/www.heatecx.com\/pt\/wp-json\/wp\/v2\/product"}],"about":[{"href":"https:\/\/www.heatecx.com\/pt\/wp-json\/wp\/v2\/types\/product"}],"replies":[{"embeddable":true,"href":"https:\/\/www.heatecx.com\/pt\/wp-json\/wp\/v2\/comments?post=1119"}],"wp:featuredmedia":[{"embeddable":true,"href":"https:\/\/www.heatecx.com\/pt\/wp-json\/wp\/v2\/media\/1120"}],"wp:attachment":[{"href":"https:\/\/www.heatecx.com\/pt\/wp-json\/wp\/v2\/media?parent=1119"}],"wp:term":[{"taxonomy":"product_brand","embeddable":true,"href":"https:\/\/www.heatecx.com\/pt\/wp-json\/wp\/v2\/product_brand?post=1119"},{"taxonomy":"product_cat","embeddable":true,"href":"https:\/\/www.heatecx.com\/pt\/wp-json\/wp\/v2\/product_cat?post=1119"},{"taxonomy":"product_tag","embeddable":true,"href":"https:\/\/www.heatecx.com\/pt\/wp-json\/wp\/v2\/product_tag?post=1119"}],"curies":[{"name":"wp","href":"https:\/\/api.w.org\/{rel}","templated":true}]}}