{"id":1134,"date":"2026-03-31T07:18:51","date_gmt":"2026-03-31T07:18:51","guid":{"rendered":"https:\/\/www.heatecx.com\/pt\/?post_type=product&#038;p=1134"},"modified":"2026-03-31T07:40:33","modified_gmt":"2026-03-31T07:40:33","slug":"cabecotes-de-conexao-para-rtds-e-termopares","status":"publish","type":"product","link":"https:\/\/www.heatecx.com\/pt\/producto\/cabecotes-de-conexao-para-rtds-e-termopares\/","title":{"rendered":"Cabe\u00e7otes de Conex\u00e3o para RTDs e Termopares"},"content":{"rendered":"<p>Os cabe\u00e7otes de conex\u00e3o, tamb\u00e9m conhecidos como cabe\u00e7as ou caixas de terminais, s\u00e3o componentes essenciais em sistemas de medi\u00e7\u00e3o de temperatura que utilizam RTDs (Detectores de Temperatura por Resist\u00eancia) e termopares. Sua fun\u00e7\u00e3o principal \u00e9 fornecer um inv\u00f3lucro protetor para as conex\u00f5es el\u00e9tricas desses sensores, resguardando-as de danos mec\u00e2nicos, umidade, poeira e outros fatores ambientais adversos. Esses dispositivos asseguram a integridade do sinal de temperatura, garantindo medi\u00e7\u00f5es precisas e confi\u00e1veis em uma ampla gama de ambientes industriais e comerciais. Est\u00e3o dispon\u00edveis em diversos materiais, como a\u00e7o inoxid\u00e1vel, baquelite e liga de alum\u00ednio, cada um oferecendo propriedades espec\u00edficas para se adaptar a diferentes condi\u00e7\u00f5es operacionais e requisitos de aplica\u00e7\u00e3o.<\/p>\n","protected":false},"excerpt":{"rendered":"<p>Os cabe\u00e7otes de conex\u00e3o, tamb\u00e9m conhecidos como cabe\u00e7as ou caixas de terminais, s\u00e3o componentes essenciais em sistemas de medi\u00e7\u00e3o de temperatura que utilizam RTDs (Detectores de Temperatura por Resist\u00eancia) e termopares. Sua fun\u00e7\u00e3o principal \u00e9 fornecer um inv\u00f3lucro protetor para as conex\u00f5es el\u00e9tricas desses sensores, resguardando-as de danos mec\u00e2nicos, umidade, poeira e outros fatores ambientais adversos. Esses dispositivos asseguram a integridade do sinal de temperatura, garantindo medi\u00e7\u00f5es precisas e confi\u00e1veis em uma ampla gama de ambientes industriais e comerciais. Est\u00e3o dispon\u00edveis em diversos materiais, como a\u00e7o inoxid\u00e1vel, baquelite e liga de alum\u00ednio, cada um oferecendo propriedades espec\u00edficas para se adaptar a diferentes condi\u00e7\u00f5es operacionais e requisitos de aplica\u00e7\u00e3o.<\/p>\n","protected":false},"featured_media":1135,"comment_status":"open","ping_status":"closed","template":"","meta":{"site-sidebar-layout":"default","site-content-layout":"default","ast-global-header-display":"","ast-main-header-display":"","ast-hfb-above-header-display":"","ast-hfb-below-header-display":"","ast-hfb-mobile-header-display":"","site-post-title":"disabled","ast-breadcrumbs-content":"","ast-featured-img":"","footer-sml-layout":"","theme-transparent-header-meta":"default","adv-header-id-meta":"","stick-header-meta":"","header-above-stick-meta":"","header-main-stick-meta":"","header-below-stick-meta":""},"product_brand":[],"product_cat":[60,18],"product_tag":[],"class_list":{"0":"post-1134","1":"product","2":"type-product","3":"status-publish","4":"has-post-thumbnail","6":"product_cat-acessorios-para-sensores","7":"product_cat-materias-primas","9":"first","10":"instock","11":"shipping-taxable","12":"product-type-simple"},"_links":{"self":[{"href":"https:\/\/www.heatecx.com\/pt\/wp-json\/wp\/v2\/product\/1134","targetHints":{"allow":["GET"]}}],"collection":[{"href":"https:\/\/www.heatecx.com\/pt\/wp-json\/wp\/v2\/product"}],"about":[{"href":"https:\/\/www.heatecx.com\/pt\/wp-json\/wp\/v2\/types\/product"}],"replies":[{"embeddable":true,"href":"https:\/\/www.heatecx.com\/pt\/wp-json\/wp\/v2\/comments?post=1134"}],"wp:featuredmedia":[{"embeddable":true,"href":"https:\/\/www.heatecx.com\/pt\/wp-json\/wp\/v2\/media\/1135"}],"wp:attachment":[{"href":"https:\/\/www.heatecx.com\/pt\/wp-json\/wp\/v2\/media?parent=1134"}],"wp:term":[{"taxonomy":"product_brand","embeddable":true,"href":"https:\/\/www.heatecx.com\/pt\/wp-json\/wp\/v2\/product_brand?post=1134"},{"taxonomy":"product_cat","embeddable":true,"href":"https:\/\/www.heatecx.com\/pt\/wp-json\/wp\/v2\/product_cat?post=1134"},{"taxonomy":"product_tag","embeddable":true,"href":"https:\/\/www.heatecx.com\/pt\/wp-json\/wp\/v2\/product_tag?post=1134"}],"curies":[{"name":"wp","href":"https:\/\/api.w.org\/{rel}","templated":true}]}}