{"id":1142,"date":"2026-03-31T07:39:23","date_gmt":"2026-03-31T07:39:23","guid":{"rendered":"https:\/\/www.heatecx.com\/pt\/?post_type=product&#038;p=1142"},"modified":"2026-03-31T07:39:23","modified_gmt":"2026-03-31T07:39:23","slug":"bloco-terminal-bloco-ceramico-para-sensores-de-temperatura","status":"publish","type":"product","link":"https:\/\/www.heatecx.com\/pt\/producto\/bloco-terminal-bloco-ceramico-para-sensores-de-temperatura\/","title":{"rendered":"Bloco Terminal | Bloco Cer\u00e2mico para Sensores de Temperatura"},"content":{"rendered":"<p>O bloco terminal, tamb\u00e9m conhecido como bloco cer\u00e2mico ou soquete de conex\u00e3o, \u00e9 um componente cr\u00edtico projetado para facilitar a interconex\u00e3o el\u00e9trica segura e est\u00e1vel entre os elementos sensores (RTD ou termopares) e os cabos de extens\u00e3o ou transmiss\u00e3o. Estes blocos s\u00e3o tipicamente instalados dentro do cabe\u00e7ote de conex\u00e3o do sensor, atuando como o ponto de jun\u00e7\u00e3o onde os sinais de milivolts (termopares) ou de resist\u00eancia (RTD) s\u00e3o transferidos para o sistema de monitoramento. Fabricados com materiais isolantes de alta qualidade, como cer\u00e2mica t\u00e9cnica ou baquelite, estes acess\u00f3rios para termopares s\u00e3o projetados para suportar condi\u00e7\u00f5es t\u00e9rmicas extremas e proporcionar um isolamento el\u00e9trico superior, evitando curtos-circuitos ou interfer\u00eancias que poderiam comprometer a precis\u00e3o da medi\u00e7\u00e3o.<\/p>\n","protected":false},"excerpt":{"rendered":"<p>O bloco terminal, tamb\u00e9m conhecido como bloco cer\u00e2mico ou soquete de conex\u00e3o, \u00e9 um componente cr\u00edtico projetado para facilitar a interconex\u00e3o el\u00e9trica segura e est\u00e1vel entre os elementos sensores (RTD ou termopares) e os cabos de extens\u00e3o ou transmiss\u00e3o. Estes blocos s\u00e3o tipicamente instalados dentro do cabe\u00e7ote de conex\u00e3o do sensor, atuando como o ponto de jun\u00e7\u00e3o onde os sinais de milivolts (termopares) ou de resist\u00eancia (RTD) s\u00e3o transferidos para o sistema de monitoramento. Fabricados com materiais isolantes de alta qualidade, como cer\u00e2mica t\u00e9cnica ou baquelite, estes acess\u00f3rios para termopares s\u00e3o projetados para suportar condi\u00e7\u00f5es t\u00e9rmicas extremas e proporcionar um isolamento el\u00e9trico superior, evitando curtos-circuitos ou interfer\u00eancias que poderiam comprometer a precis\u00e3o da medi\u00e7\u00e3o.<\/p>\n","protected":false},"featured_media":1143,"comment_status":"open","ping_status":"closed","template":"","meta":{"site-sidebar-layout":"default","site-content-layout":"default","ast-global-header-display":"","ast-main-header-display":"","ast-hfb-above-header-display":"","ast-hfb-below-header-display":"","ast-hfb-mobile-header-display":"","site-post-title":"disabled","ast-breadcrumbs-content":"","ast-featured-img":"","footer-sml-layout":"","theme-transparent-header-meta":"default","adv-header-id-meta":"","stick-header-meta":"","header-above-stick-meta":"","header-main-stick-meta":"","header-below-stick-meta":""},"product_brand":[],"product_cat":[60,18],"product_tag":[],"class_list":{"0":"post-1142","1":"product","2":"type-product","3":"status-publish","4":"has-post-thumbnail","6":"product_cat-acessorios-para-sensores","7":"product_cat-materias-primas","9":"first","10":"instock","11":"shipping-taxable","12":"product-type-simple"},"_links":{"self":[{"href":"https:\/\/www.heatecx.com\/pt\/wp-json\/wp\/v2\/product\/1142","targetHints":{"allow":["GET"]}}],"collection":[{"href":"https:\/\/www.heatecx.com\/pt\/wp-json\/wp\/v2\/product"}],"about":[{"href":"https:\/\/www.heatecx.com\/pt\/wp-json\/wp\/v2\/types\/product"}],"replies":[{"embeddable":true,"href":"https:\/\/www.heatecx.com\/pt\/wp-json\/wp\/v2\/comments?post=1142"}],"wp:featuredmedia":[{"embeddable":true,"href":"https:\/\/www.heatecx.com\/pt\/wp-json\/wp\/v2\/media\/1143"}],"wp:attachment":[{"href":"https:\/\/www.heatecx.com\/pt\/wp-json\/wp\/v2\/media?parent=1142"}],"wp:term":[{"taxonomy":"product_brand","embeddable":true,"href":"https:\/\/www.heatecx.com\/pt\/wp-json\/wp\/v2\/product_brand?post=1142"},{"taxonomy":"product_cat","embeddable":true,"href":"https:\/\/www.heatecx.com\/pt\/wp-json\/wp\/v2\/product_cat?post=1142"},{"taxonomy":"product_tag","embeddable":true,"href":"https:\/\/www.heatecx.com\/pt\/wp-json\/wp\/v2\/product_tag?post=1142"}],"curies":[{"name":"wp","href":"https:\/\/api.w.org\/{rel}","templated":true}]}}