{"id":1157,"date":"2026-04-02T03:00:26","date_gmt":"2026-04-02T03:00:26","guid":{"rendered":"https:\/\/www.heatecx.com\/pt\/?post_type=product&#038;p=1157"},"modified":"2026-04-02T03:00:26","modified_gmt":"2026-04-02T03:00:26","slug":"resistencia-de-dissiliceto-de-molibdenio-mosi2-tipo-l","status":"publish","type":"product","link":"https:\/\/www.heatecx.com\/pt\/producto\/resistencia-de-dissiliceto-de-molibdenio-mosi2-tipo-l\/","title":{"rendered":"Resist\u00eancia de Dissiliceto de Molibd\u00eanio (MoSi2) Tipo L"},"content":{"rendered":"<p>A <strong>Resist\u00eancia<\/strong>\u200b de Dissiliceto de Molibd\u00eanio (MoSi2) Tipo L \u00e9 um elemento de aquecimento de alta temperatura projetado para aplica\u00e7\u00f5es onde \u00e9 necess\u00e1ria uma configura\u00e7\u00e3o angular espec\u00edfica, semelhante a um &#8220;L&#8221;. Fabricada com MoSi2 de alta pureza, esta <strong>resist\u00eancia<\/strong>\u200b aquecedora de MoSi2 oferece uma solu\u00e7\u00e3o compacta e eficiente para fornos com geometrias complexas ou espa\u00e7os reduzidos. \u00c9 uma op\u00e7\u00e3o robusta para ambientes que exigem temperaturas de at\u00e9 1850\u00b0C, destacando-se por sua excelente resist\u00eancia \u00e0 oxida\u00e7\u00e3o e uma longa vida \u00fatil. Como elemento aquecedor de forno de alta temperatura com design em L, \u00e9 ideal para otimizar a distribui\u00e7\u00e3o de calor em cantos ou zonas espec\u00edficas da c\u00e2mara de aquecimento.<\/p>\n","protected":false},"excerpt":{"rendered":"<p>A <strong>Resist\u00eancia<\/strong>\u200b de Dissiliceto de Molibd\u00eanio (MoSi2) Tipo L \u00e9 um elemento de aquecimento de alta temperatura projetado para aplica\u00e7\u00f5es onde \u00e9 necess\u00e1ria uma configura\u00e7\u00e3o angular espec\u00edfica, semelhante a um &#8220;L&#8221;. Fabricada com MoSi2 de alta pureza, esta <strong>resist\u00eancia<\/strong>\u200b aquecedora de MoSi2 oferece uma solu\u00e7\u00e3o compacta e eficiente para fornos com geometrias complexas ou espa\u00e7os reduzidos. \u00c9 uma op\u00e7\u00e3o robusta para ambientes que exigem temperaturas de at\u00e9 1850\u00b0C, destacando-se por sua excelente resist\u00eancia \u00e0 oxida\u00e7\u00e3o e uma longa vida \u00fatil. Como elemento aquecedor de forno de alta temperatura com design em L, \u00e9 ideal para otimizar a distribui\u00e7\u00e3o de calor em cantos ou zonas espec\u00edficas da c\u00e2mara de aquecimento.<\/p>\n","protected":false},"featured_media":1158,"comment_status":"open","ping_status":"closed","template":"","meta":{"site-sidebar-layout":"default","site-content-layout":"default","ast-global-header-display":"","ast-main-header-display":"","ast-hfb-above-header-display":"","ast-hfb-below-header-display":"","ast-hfb-mobile-header-display":"","site-post-title":"disabled","ast-breadcrumbs-content":"","ast-featured-img":"","footer-sml-layout":"","theme-transparent-header-meta":"default","adv-header-id-meta":"","stick-header-meta":"","header-above-stick-meta":"","header-main-stick-meta":"","header-below-stick-meta":""},"product_brand":[],"product_cat":[25,19],"product_tag":[],"class_list":{"0":"post-1157","1":"product","2":"type-product","3":"status-publish","4":"has-post-thumbnail","6":"product_cat-resistencias-silicio-molibdenio","7":"product_cat-resistencias","9":"first","10":"instock","11":"shipping-taxable","12":"product-type-simple"},"_links":{"self":[{"href":"https:\/\/www.heatecx.com\/pt\/wp-json\/wp\/v2\/product\/1157","targetHints":{"allow":["GET"]}}],"collection":[{"href":"https:\/\/www.heatecx.com\/pt\/wp-json\/wp\/v2\/product"}],"about":[{"href":"https:\/\/www.heatecx.com\/pt\/wp-json\/wp\/v2\/types\/product"}],"replies":[{"embeddable":true,"href":"https:\/\/www.heatecx.com\/pt\/wp-json\/wp\/v2\/comments?post=1157"}],"wp:featuredmedia":[{"embeddable":true,"href":"https:\/\/www.heatecx.com\/pt\/wp-json\/wp\/v2\/media\/1158"}],"wp:attachment":[{"href":"https:\/\/www.heatecx.com\/pt\/wp-json\/wp\/v2\/media?parent=1157"}],"wp:term":[{"taxonomy":"product_brand","embeddable":true,"href":"https:\/\/www.heatecx.com\/pt\/wp-json\/wp\/v2\/product_brand?post=1157"},{"taxonomy":"product_cat","embeddable":true,"href":"https:\/\/www.heatecx.com\/pt\/wp-json\/wp\/v2\/product_cat?post=1157"},{"taxonomy":"product_tag","embeddable":true,"href":"https:\/\/www.heatecx.com\/pt\/wp-json\/wp\/v2\/product_tag?post=1157"}],"curies":[{"name":"wp","href":"https:\/\/api.w.org\/{rel}","templated":true}]}}