{"id":1237,"date":"2026-04-06T13:35:23","date_gmt":"2026-04-06T13:35:23","guid":{"rendered":"https:\/\/www.heatecx.com\/pt\/?post_type=product&#038;p=1237"},"modified":"2026-04-06T13:35:24","modified_gmt":"2026-04-06T13:35:24","slug":"maquina-de-enchimento-de-po-de-mgo-para-resistencias-planas-ht-p10","status":"publish","type":"product","link":"https:\/\/www.heatecx.com\/pt\/producto\/maquina-de-enchimento-de-po-de-mgo-para-resistencias-planas-ht-p10\/","title":{"rendered":"M\u00e1quina de Enchimento de P\u00f3 de MgO para Resistencias Planas HT-P10"},"content":{"rendered":"<p>Na Heatecx Limited, compreendemos a necessidade cr\u00edtica de precis\u00e3o e efici\u00eancia na fabrica\u00e7\u00e3o de <strong>resistencias<\/strong>\u200b el\u00e9tricas. Apresentamos a nossa inovadora m\u00e1quina de enchimento de p\u00f3 de MgO para tubos planos, uma solu\u00e7\u00e3o de vanguarda concebida especificamente para otimizar o processo de produ\u00e7\u00e3o de <strong>resistencias<\/strong>\u200b planas e elementos aquecedores tubulares com geometrias n\u00e3o convencionais. Esta m\u00e1quina industrial de \u00faltima gera\u00e7\u00e3o n\u00e3o \u00e9 uma m\u00e1quina de enchimento de MgO convencional; a sua estrutura especial adapta-se perfeitamente \u00e0s complexidades dos tubos planos, garantindo um enchimento de p\u00f3 de magn\u00e9sio uniforme e de alta densidade. \u00c9 a escolha ideal para fabricantes que procuram melhorar a qualidade das <strong>resistencias<\/strong>, assegurar um isolamento el\u00e9trico \u00f3timo e maximizar a efici\u00eancia de enchimento nas suas linhas de produ\u00e7\u00e3o. Com a m\u00e1quina de enchimento de MgO da Heatecx Limited, a automa\u00e7\u00e3o industrial atinge um novo n\u00edvel de precis\u00e3o, reduzindo os custos operacionais e elevando o padr\u00e3o dos seus produtos finais.<\/p>\n","protected":false},"excerpt":{"rendered":"<p>Na Heatecx Limited, compreendemos a necessidade cr\u00edtica de precis\u00e3o e efici\u00eancia na fabrica\u00e7\u00e3o de <strong>resistencias<\/strong>\u200b el\u00e9tricas. Apresentamos a nossa inovadora m\u00e1quina de enchimento de p\u00f3 de MgO para tubos planos, uma solu\u00e7\u00e3o de vanguarda concebida especificamente para otimizar o processo de produ\u00e7\u00e3o de <strong>resistencias<\/strong>\u200b planas e elementos aquecedores tubulares com geometrias n\u00e3o convencionais. Esta m\u00e1quina industrial de \u00faltima gera\u00e7\u00e3o n\u00e3o \u00e9 uma m\u00e1quina de enchimento de MgO convencional; a sua estrutura especial adapta-se perfeitamente \u00e0s complexidades dos tubos planos, garantindo um enchimento de p\u00f3 de magn\u00e9sio uniforme e de alta densidade. \u00c9 a escolha ideal para fabricantes que procuram melhorar a qualidade das <strong>resistencias<\/strong>, assegurar um isolamento el\u00e9trico \u00f3timo e maximizar a efici\u00eancia de enchimento nas suas linhas de produ\u00e7\u00e3o. Com a m\u00e1quina de enchimento de MgO da Heatecx Limited, a automa\u00e7\u00e3o industrial atinge um novo n\u00edvel de precis\u00e3o, reduzindo os custos operacionais e elevando o padr\u00e3o dos seus produtos finais.<\/p>\n","protected":false},"featured_media":1238,"comment_status":"open","ping_status":"closed","template":"","meta":{"site-sidebar-layout":"default","site-content-layout":"default","ast-global-header-display":"","ast-main-header-display":"","ast-hfb-above-header-display":"","ast-hfb-below-header-display":"","ast-hfb-mobile-header-display":"","site-post-title":"disabled","ast-breadcrumbs-content":"","ast-featured-img":"","footer-sml-layout":"","theme-transparent-header-meta":"default","adv-header-id-meta":"","stick-header-meta":"","header-above-stick-meta":"","header-main-stick-meta":"","header-below-stick-meta":""},"product_brand":[],"product_cat":[22,17],"product_tag":[],"class_list":{"0":"post-1237","1":"product","2":"type-product","3":"status-publish","4":"has-post-thumbnail","6":"product_cat-encher-mgo","7":"product_cat-maquinas","9":"first","10":"instock","11":"shipping-taxable","12":"product-type-simple"},"_links":{"self":[{"href":"https:\/\/www.heatecx.com\/pt\/wp-json\/wp\/v2\/product\/1237","targetHints":{"allow":["GET"]}}],"collection":[{"href":"https:\/\/www.heatecx.com\/pt\/wp-json\/wp\/v2\/product"}],"about":[{"href":"https:\/\/www.heatecx.com\/pt\/wp-json\/wp\/v2\/types\/product"}],"replies":[{"embeddable":true,"href":"https:\/\/www.heatecx.com\/pt\/wp-json\/wp\/v2\/comments?post=1237"}],"wp:featuredmedia":[{"embeddable":true,"href":"https:\/\/www.heatecx.com\/pt\/wp-json\/wp\/v2\/media\/1238"}],"wp:attachment":[{"href":"https:\/\/www.heatecx.com\/pt\/wp-json\/wp\/v2\/media?parent=1237"}],"wp:term":[{"taxonomy":"product_brand","embeddable":true,"href":"https:\/\/www.heatecx.com\/pt\/wp-json\/wp\/v2\/product_brand?post=1237"},{"taxonomy":"product_cat","embeddable":true,"href":"https:\/\/www.heatecx.com\/pt\/wp-json\/wp\/v2\/product_cat?post=1237"},{"taxonomy":"product_tag","embeddable":true,"href":"https:\/\/www.heatecx.com\/pt\/wp-json\/wp\/v2\/product_tag?post=1237"}],"curies":[{"name":"wp","href":"https:\/\/api.w.org\/{rel}","templated":true}]}}