{"id":1240,"date":"2026-04-06T14:25:38","date_gmt":"2026-04-06T14:25:38","guid":{"rendered":"https:\/\/www.heatecx.com\/pt\/?post_type=product&#038;p=1240"},"modified":"2026-04-06T14:25:38","modified_gmt":"2026-04-06T14:25:38","slug":"maquina-dobladora-de-resistencias-em-espiral-ht-b5","status":"publish","type":"product","link":"https:\/\/www.heatecx.com\/pt\/producto\/maquina-dobladora-de-resistencias-em-espiral-ht-b5\/","title":{"rendered":"M\u00e1quina Dobladora de Resist\u00eancias em Espiral HT-B5"},"content":{"rendered":"<p>A M\u00e1quina Dobladora de Tubos HT-B5 \u00e9 um equipamento industrial de alto desempenho, projetado especificamente para a curvatura e conforma\u00e7\u00e3o de tubos. Esta vers\u00e1til m\u00e1quina para curvar tubos especializa-se na cria\u00e7\u00e3o de formas complexas, como espirais, convolu\u00e7\u00f5es (serpentinas), c\u00edrculos completos e semic\u00edrculos. O seu design baseia-se num sistema de moldes intercambi\u00e1veis que permite ao operador alternar de forma r\u00e1pida e simples entre diferentes tipos de curvatura, adaptando-se \u00e0s necessidades de produ\u00e7\u00e3o com uma agilidade sem precedentes. Toda a opera\u00e7\u00e3o \u00e9 governada por um controlador l\u00f3gico program\u00e1vel (PLC), o que garante uma precis\u00e3o milim\u00e9trica, uma repetibilidade perfeita em cada pe\u00e7a e uma alta efici\u00eancia produtiva, minimizando a interven\u00e7\u00e3o manual e os erros.<\/p>\n","protected":false},"excerpt":{"rendered":"<p>A M\u00e1quina Dobladora de Tubos HT-B5 \u00e9 um equipamento industrial de alto desempenho, projetado especificamente para a curvatura e conforma\u00e7\u00e3o de tubos. Esta vers\u00e1til m\u00e1quina para curvar tubos especializa-se na cria\u00e7\u00e3o de formas complexas, como espirais, convolu\u00e7\u00f5es (serpentinas), c\u00edrculos completos e semic\u00edrculos. O seu design baseia-se num sistema de moldes intercambi\u00e1veis que permite ao operador alternar de forma r\u00e1pida e simples entre diferentes tipos de curvatura, adaptando-se \u00e0s necessidades de produ\u00e7\u00e3o com uma agilidade sem precedentes. Toda a opera\u00e7\u00e3o \u00e9 governada por um controlador l\u00f3gico program\u00e1vel (PLC), o que garante uma precis\u00e3o milim\u00e9trica, uma repetibilidade perfeita em cada pe\u00e7a e uma alta efici\u00eancia produtiva, minimizando a interven\u00e7\u00e3o manual e os erros.<\/p>\n","protected":false},"featured_media":1241,"comment_status":"open","ping_status":"closed","template":"","meta":{"site-sidebar-layout":"default","site-content-layout":"default","ast-global-header-display":"","ast-main-header-display":"","ast-hfb-above-header-display":"","ast-hfb-below-header-display":"","ast-hfb-mobile-header-display":"","site-post-title":"disabled","ast-breadcrumbs-content":"","ast-featured-img":"","footer-sml-layout":"","theme-transparent-header-meta":"default","adv-header-id-meta":"","stick-header-meta":"","header-above-stick-meta":"","header-main-stick-meta":"","header-below-stick-meta":""},"product_brand":[],"product_cat":[29,17],"product_tag":[],"class_list":{"0":"post-1240","1":"product","2":"type-product","3":"status-publish","4":"has-post-thumbnail","6":"product_cat-dobladoras","7":"product_cat-maquinas","9":"first","10":"instock","11":"shipping-taxable","12":"product-type-simple"},"_links":{"self":[{"href":"https:\/\/www.heatecx.com\/pt\/wp-json\/wp\/v2\/product\/1240","targetHints":{"allow":["GET"]}}],"collection":[{"href":"https:\/\/www.heatecx.com\/pt\/wp-json\/wp\/v2\/product"}],"about":[{"href":"https:\/\/www.heatecx.com\/pt\/wp-json\/wp\/v2\/types\/product"}],"replies":[{"embeddable":true,"href":"https:\/\/www.heatecx.com\/pt\/wp-json\/wp\/v2\/comments?post=1240"}],"wp:featuredmedia":[{"embeddable":true,"href":"https:\/\/www.heatecx.com\/pt\/wp-json\/wp\/v2\/media\/1241"}],"wp:attachment":[{"href":"https:\/\/www.heatecx.com\/pt\/wp-json\/wp\/v2\/media?parent=1240"}],"wp:term":[{"taxonomy":"product_brand","embeddable":true,"href":"https:\/\/www.heatecx.com\/pt\/wp-json\/wp\/v2\/product_brand?post=1240"},{"taxonomy":"product_cat","embeddable":true,"href":"https:\/\/www.heatecx.com\/pt\/wp-json\/wp\/v2\/product_cat?post=1240"},{"taxonomy":"product_tag","embeddable":true,"href":"https:\/\/www.heatecx.com\/pt\/wp-json\/wp\/v2\/product_tag?post=1240"}],"curies":[{"name":"wp","href":"https:\/\/api.w.org\/{rel}","templated":true}]}}