{"id":1246,"date":"2026-04-07T03:02:11","date_gmt":"2026-04-07T03:02:11","guid":{"rendered":"https:\/\/www.heatecx.com\/pt\/?post_type=product&#038;p=1246"},"modified":"2026-04-07T03:02:11","modified_gmt":"2026-04-07T03:02:11","slug":"cinta-de-mica-flogopita","status":"publish","type":"product","link":"https:\/\/www.heatecx.com\/pt\/producto\/cinta-de-mica-flogopita\/","title":{"rendered":"Cinta de Mica Flogopita"},"content":{"rendered":"<p>A Cinta de Mica Flogopita \u00e9 um material isolante de alto desempenho, especificamente concebido para oferecer uma excepcional <strong>resistencias<\/strong>\u200b ao fogo e <strong>resistencias<\/strong>\u200b t\u00e9rmica at\u00e9 950\u00b0C \u2013 1000\u00b0C. Fabricada a partir de mica flogopita de alta qualidade, esta fita \u00e9 composta por camadas de mica aderidas a um suporte de refor\u00e7o de fibra de vidro e, em alguns casos, uma pel\u00edcula de polietileno ou filme de poli\u00e9ster, utilizando uma resina de silicone de alta temperatura como aglutinante. A sua estrutura multicamada garante uma integridade superior sob condi\u00e7\u00f5es extremas, sendo um componente cr\u00edtico para a prote\u00e7\u00e3o de circuitos cr\u00edticos em sistemas el\u00e9ctricos e electr\u00f3nicos. \u00c9 um produto livre de halog\u00e9neos, o que garante que, em caso de inc\u00eandio, n\u00e3o s\u00e3o gerados fumos t\u00f3xicos nem corrosivos, contribuindo para a seguran\u00e7a em ambientes sens\u00edveis.<\/p>\n","protected":false},"excerpt":{"rendered":"<p>A Cinta de Mica Flogopita \u00e9 um material isolante de alto desempenho, especificamente concebido para oferecer uma excepcional <strong>resistencias<\/strong>\u200b ao fogo e <strong>resistencias<\/strong>\u200b t\u00e9rmica at\u00e9 950\u00b0C \u2013 1000\u00b0C. Fabricada a partir de mica flogopita de alta qualidade, esta fita \u00e9 composta por camadas de mica aderidas a um suporte de refor\u00e7o de fibra de vidro e, em alguns casos, uma pel\u00edcula de polietileno ou filme de poli\u00e9ster, utilizando uma resina de silicone de alta temperatura como aglutinante. A sua estrutura multicamada garante uma integridade superior sob condi\u00e7\u00f5es extremas, sendo um componente cr\u00edtico para a prote\u00e7\u00e3o de circuitos cr\u00edticos em sistemas el\u00e9ctricos e electr\u00f3nicos. \u00c9 um produto livre de halog\u00e9neos, o que garante que, em caso de inc\u00eandio, n\u00e3o s\u00e3o gerados fumos t\u00f3xicos nem corrosivos, contribuindo para a seguran\u00e7a em ambientes sens\u00edveis.<\/p>\n","protected":false},"featured_media":1247,"comment_status":"open","ping_status":"closed","template":"","meta":{"site-sidebar-layout":"default","site-content-layout":"default","ast-global-header-display":"","ast-main-header-display":"","ast-hfb-above-header-display":"","ast-hfb-below-header-display":"","ast-hfb-mobile-header-display":"","site-post-title":"disabled","ast-breadcrumbs-content":"","ast-featured-img":"","footer-sml-layout":"","theme-transparent-header-meta":"default","adv-header-id-meta":"","stick-header-meta":"","header-above-stick-meta":"","header-main-stick-meta":"","header-below-stick-meta":""},"product_brand":[],"product_cat":[26,18],"product_tag":[],"class_list":{"0":"post-1246","1":"product","2":"type-product","3":"status-publish","4":"has-post-thumbnail","6":"product_cat-mica","7":"product_cat-materias-primas","9":"first","10":"instock","11":"shipping-taxable","12":"product-type-simple"},"_links":{"self":[{"href":"https:\/\/www.heatecx.com\/pt\/wp-json\/wp\/v2\/product\/1246","targetHints":{"allow":["GET"]}}],"collection":[{"href":"https:\/\/www.heatecx.com\/pt\/wp-json\/wp\/v2\/product"}],"about":[{"href":"https:\/\/www.heatecx.com\/pt\/wp-json\/wp\/v2\/types\/product"}],"replies":[{"embeddable":true,"href":"https:\/\/www.heatecx.com\/pt\/wp-json\/wp\/v2\/comments?post=1246"}],"wp:featuredmedia":[{"embeddable":true,"href":"https:\/\/www.heatecx.com\/pt\/wp-json\/wp\/v2\/media\/1247"}],"wp:attachment":[{"href":"https:\/\/www.heatecx.com\/pt\/wp-json\/wp\/v2\/media?parent=1246"}],"wp:term":[{"taxonomy":"product_brand","embeddable":true,"href":"https:\/\/www.heatecx.com\/pt\/wp-json\/wp\/v2\/product_brand?post=1246"},{"taxonomy":"product_cat","embeddable":true,"href":"https:\/\/www.heatecx.com\/pt\/wp-json\/wp\/v2\/product_cat?post=1246"},{"taxonomy":"product_tag","embeddable":true,"href":"https:\/\/www.heatecx.com\/pt\/wp-json\/wp\/v2\/product_tag?post=1246"}],"curies":[{"name":"wp","href":"https:\/\/api.w.org\/{rel}","templated":true}]}}