{"id":1252,"date":"2026-04-07T03:15:16","date_gmt":"2026-04-07T03:15:16","guid":{"rendered":"https:\/\/www.heatecx.com\/pt\/?post_type=product&#038;p=1252"},"modified":"2026-04-07T03:15:16","modified_gmt":"2026-04-07T03:15:16","slug":"fio-de-niquel-puro","status":"publish","type":"product","link":"https:\/\/www.heatecx.com\/pt\/producto\/fio-de-niquel-puro\/","title":{"rendered":"Fio de N\u00edquel Puro"},"content":{"rendered":"<p>O Fio de N\u00edquel Puro \u00e9 um material met\u00e1lico de alta qualidade, reconhecido pela sua excecional pureza e propriedades \u00fanicas. Este produto \u00e9 fabricado principalmente em graus como N\u00edquel 200 e N\u00edquel 201, que correspondem \u00e0s designa\u00e7\u00f5es UNS N02200 e UNS N02201, respetivamente. Caracterizado por uma pureza de 99.6% (ou at\u00e9 99.9% de acordo com o padr\u00e3o espec\u00edfico e o grau, atingindo mesmo 99.99% nas suas formas mais puras), este fio \u00e9 fundamental em aplica\u00e7\u00f5es onde a resist\u00eancia \u00e0 corros\u00e3o e as propriedades el\u00e9tricas s\u00e3o cr\u00edticas. A sua composi\u00e7\u00e3o garante uma resist\u00eancia superior \u00e0 corros\u00e3o alcalina, uma alta condutividade t\u00e9rmica e uma baixa resistividade el\u00e9trica, o que o torna uma escolha ideal para ambientes exigentes e componentes de precis\u00e3o.<\/p>\n","protected":false},"excerpt":{"rendered":"<p>O Fio de N\u00edquel Puro \u00e9 um material met\u00e1lico de alta qualidade, reconhecido pela sua excecional pureza e propriedades \u00fanicas. Este produto \u00e9 fabricado principalmente em graus como N\u00edquel 200 e N\u00edquel 201, que correspondem \u00e0s designa\u00e7\u00f5es UNS N02200 e UNS N02201, respetivamente. Caracterizado por uma pureza de 99.6% (ou at\u00e9 99.9% de acordo com o padr\u00e3o espec\u00edfico e o grau, atingindo mesmo 99.99% nas suas formas mais puras), este fio \u00e9 fundamental em aplica\u00e7\u00f5es onde a resist\u00eancia \u00e0 corros\u00e3o e as propriedades el\u00e9tricas s\u00e3o cr\u00edticas. A sua composi\u00e7\u00e3o garante uma resist\u00eancia superior \u00e0 corros\u00e3o alcalina, uma alta condutividade t\u00e9rmica e uma baixa resistividade el\u00e9trica, o que o torna uma escolha ideal para ambientes exigentes e componentes de precis\u00e3o.<\/p>\n","protected":false},"featured_media":1253,"comment_status":"open","ping_status":"closed","template":"","meta":{"site-sidebar-layout":"default","site-content-layout":"default","ast-global-header-display":"","ast-main-header-display":"","ast-hfb-above-header-display":"","ast-hfb-below-header-display":"","ast-hfb-mobile-header-display":"","site-post-title":"disabled","ast-breadcrumbs-content":"","ast-featured-img":"","footer-sml-layout":"","theme-transparent-header-meta":"default","adv-header-id-meta":"","stick-header-meta":"","header-above-stick-meta":"","header-main-stick-meta":"","header-below-stick-meta":""},"product_brand":[],"product_cat":[27,18],"product_tag":[],"class_list":{"0":"post-1252","1":"product","2":"type-product","3":"status-publish","4":"has-post-thumbnail","6":"product_cat-fios-e-fitas-resistivas","7":"product_cat-materias-primas","9":"first","10":"instock","11":"shipping-taxable","12":"product-type-simple"},"_links":{"self":[{"href":"https:\/\/www.heatecx.com\/pt\/wp-json\/wp\/v2\/product\/1252","targetHints":{"allow":["GET"]}}],"collection":[{"href":"https:\/\/www.heatecx.com\/pt\/wp-json\/wp\/v2\/product"}],"about":[{"href":"https:\/\/www.heatecx.com\/pt\/wp-json\/wp\/v2\/types\/product"}],"replies":[{"embeddable":true,"href":"https:\/\/www.heatecx.com\/pt\/wp-json\/wp\/v2\/comments?post=1252"}],"wp:featuredmedia":[{"embeddable":true,"href":"https:\/\/www.heatecx.com\/pt\/wp-json\/wp\/v2\/media\/1253"}],"wp:attachment":[{"href":"https:\/\/www.heatecx.com\/pt\/wp-json\/wp\/v2\/media?parent=1252"}],"wp:term":[{"taxonomy":"product_brand","embeddable":true,"href":"https:\/\/www.heatecx.com\/pt\/wp-json\/wp\/v2\/product_brand?post=1252"},{"taxonomy":"product_cat","embeddable":true,"href":"https:\/\/www.heatecx.com\/pt\/wp-json\/wp\/v2\/product_cat?post=1252"},{"taxonomy":"product_tag","embeddable":true,"href":"https:\/\/www.heatecx.com\/pt\/wp-json\/wp\/v2\/product_tag?post=1252"}],"curies":[{"name":"wp","href":"https:\/\/api.w.org\/{rel}","templated":true}]}}