{"id":1254,"date":"2026-04-07T04:19:26","date_gmt":"2026-04-07T04:19:26","guid":{"rendered":"https:\/\/www.heatecx.com\/pt\/?post_type=product&#038;p=1254"},"modified":"2026-04-07T04:19:26","modified_gmt":"2026-04-07T04:19:26","slug":"maquina-multifuncional-para-resistencias-electricas","status":"publish","type":"product","link":"https:\/\/www.heatecx.com\/pt\/producto\/maquina-multifuncional-para-resistencias-electricas\/","title":{"rendered":"M\u00e1quina Multifuncional para Resistencias El\u00e9ctricas"},"content":{"rendered":"<p>A M\u00e1quina Multifuncional MFH-01 representa a vanguarda na automa\u00e7\u00e3o da produ\u00e7\u00e3o de elementos de aquecimento. Concebida especificamente por e para fabricantes de <strong>resistencias<\/strong>\u200b el\u00e9ctricas, esta unidade integrada permite otimizar drasticamente os processos industriais, reduzindo custos operacionais e maximizando a efici\u00eancia na f\u00e1brica. A MFH-01 \u00e9 uma esta\u00e7\u00e3o de trabalho automatizada de alta precis\u00e3o, idealizada para integrar m\u00faltiplas etapas cr\u00edticas no ciclo de vida da <strong>resistencia<\/strong>\u200b el\u00e9ctrica tubular. A sua arquitetura modular consolida opera\u00e7\u00f5es que tradicionalmente requeriam m\u00faltiplas m\u00e1quinas e oper\u00e1rios num \u00fanico fluxo de trabalho cont\u00ednuo e controlado. \u00c9 a solu\u00e7\u00e3o definitiva para empresas que procuram uma produ\u00e7\u00e3o em s\u00e9rie de alta qualidade com uma interven\u00e7\u00e3o humana m\u00ednima.<\/p>\n","protected":false},"excerpt":{"rendered":"<p>A M\u00e1quina Multifuncional MFH-01 representa a vanguarda na automa\u00e7\u00e3o da produ\u00e7\u00e3o de elementos de aquecimento. Concebida especificamente por e para fabricantes de <strong>resistencias<\/strong>\u200b el\u00e9ctricas, esta unidade integrada permite otimizar drasticamente os processos industriais, reduzindo custos operacionais e maximizando a efici\u00eancia na f\u00e1brica. A MFH-01 \u00e9 uma esta\u00e7\u00e3o de trabalho automatizada de alta precis\u00e3o, idealizada para integrar m\u00faltiplas etapas cr\u00edticas no ciclo de vida da <strong>resistencia<\/strong>\u200b el\u00e9ctrica tubular. A sua arquitetura modular consolida opera\u00e7\u00f5es que tradicionalmente requeriam m\u00faltiplas m\u00e1quinas e oper\u00e1rios num \u00fanico fluxo de trabalho cont\u00ednuo e controlado. \u00c9 a solu\u00e7\u00e3o definitiva para empresas que procuram uma produ\u00e7\u00e3o em s\u00e9rie de alta qualidade com uma interven\u00e7\u00e3o humana m\u00ednima.<\/p>\n","protected":false},"featured_media":1255,"comment_status":"open","ping_status":"closed","template":"","meta":{"site-sidebar-layout":"default","site-content-layout":"default","ast-global-header-display":"","ast-main-header-display":"","ast-hfb-above-header-display":"","ast-hfb-below-header-display":"","ast-hfb-mobile-header-display":"","site-post-title":"disabled","ast-breadcrumbs-content":"","ast-featured-img":"","footer-sml-layout":"","theme-transparent-header-meta":"default","adv-header-id-meta":"","stick-header-meta":"","header-above-stick-meta":"","header-main-stick-meta":"","header-below-stick-meta":""},"product_brand":[],"product_cat":[64,17],"product_tag":[],"class_list":{"0":"post-1254","1":"product","2":"type-product","3":"status-publish","4":"has-post-thumbnail","6":"product_cat-tecnologia-multifuncional","7":"product_cat-maquinas","9":"first","10":"instock","11":"shipping-taxable","12":"product-type-simple"},"_links":{"self":[{"href":"https:\/\/www.heatecx.com\/pt\/wp-json\/wp\/v2\/product\/1254","targetHints":{"allow":["GET"]}}],"collection":[{"href":"https:\/\/www.heatecx.com\/pt\/wp-json\/wp\/v2\/product"}],"about":[{"href":"https:\/\/www.heatecx.com\/pt\/wp-json\/wp\/v2\/types\/product"}],"replies":[{"embeddable":true,"href":"https:\/\/www.heatecx.com\/pt\/wp-json\/wp\/v2\/comments?post=1254"}],"wp:featuredmedia":[{"embeddable":true,"href":"https:\/\/www.heatecx.com\/pt\/wp-json\/wp\/v2\/media\/1255"}],"wp:attachment":[{"href":"https:\/\/www.heatecx.com\/pt\/wp-json\/wp\/v2\/media?parent=1254"}],"wp:term":[{"taxonomy":"product_brand","embeddable":true,"href":"https:\/\/www.heatecx.com\/pt\/wp-json\/wp\/v2\/product_brand?post=1254"},{"taxonomy":"product_cat","embeddable":true,"href":"https:\/\/www.heatecx.com\/pt\/wp-json\/wp\/v2\/product_cat?post=1254"},{"taxonomy":"product_tag","embeddable":true,"href":"https:\/\/www.heatecx.com\/pt\/wp-json\/wp\/v2\/product_tag?post=1254"}],"curies":[{"name":"wp","href":"https:\/\/api.w.org\/{rel}","templated":true}]}}