{"id":1256,"date":"2026-04-07T04:39:19","date_gmt":"2026-04-07T04:39:19","guid":{"rendered":"https:\/\/www.heatecx.com\/pt\/?post_type=product&#038;p=1256"},"modified":"2026-04-07T04:39:19","modified_gmt":"2026-04-07T04:39:19","slug":"registrador-graficador-de-temperatura-com-papel","status":"publish","type":"product","link":"https:\/\/www.heatecx.com\/pt\/producto\/registrador-graficador-de-temperatura-com-papel\/","title":{"rendered":"Registrador\/Graficador de Temperatura com Papel"},"content":{"rendered":"<p>O Registrador\/Graficador de Temperatura com Papel MIK-R1000 \u00e9 um instrumento de medi\u00e7\u00e3o industrial de alta precis\u00e3o, concebido para a monitoriza\u00e7\u00e3o e o registo cont\u00ednuo de dados de temperatura e de outras vari\u00e1veis de processo. Este registador de dados industrial utiliza um sistema de impress\u00e3o em papel para fornecer um registo f\u00edsico e inalter\u00e1vel das medi\u00e7\u00f5es, tornando-o uma solu\u00e7\u00e3o ideal para aplica\u00e7\u00f5es que requerem rastreabilidade e conformidade normativa. O MIK-R1000 \u00e9 um graficador de temperatura vers\u00e1til, capaz de aceitar uma ampla gama de sinais de entrada, incluindo corrente padr\u00e3o, tens\u00e3o, <strong>resistencia t\u00e9rmica<\/strong>\u200b e termopares, assegurando a sua adaptabilidade a diversos ambientes e sensores. O seu design robusto e interface intuitiva posicionam-no como uma ferramenta essencial para o controlo de processos e a seguran\u00e7a de dados em m\u00faltiplos setores.<\/p>\n","protected":false},"excerpt":{"rendered":"<p>O Registrador\/Graficador de Temperatura com Papel MIK-R1000 \u00e9 um instrumento de medi\u00e7\u00e3o industrial de alta precis\u00e3o, concebido para a monitoriza\u00e7\u00e3o e o registo cont\u00ednuo de dados de temperatura e de outras vari\u00e1veis de processo. Este registador de dados industrial utiliza um sistema de impress\u00e3o em papel para fornecer um registo f\u00edsico e inalter\u00e1vel das medi\u00e7\u00f5es, tornando-o uma solu\u00e7\u00e3o ideal para aplica\u00e7\u00f5es que requerem rastreabilidade e conformidade normativa. O MIK-R1000 \u00e9 um graficador de temperatura vers\u00e1til, capaz de aceitar uma ampla gama de sinais de entrada, incluindo corrente padr\u00e3o, tens\u00e3o, <strong>resistencia t\u00e9rmica<\/strong>\u200b e termopares, assegurando a sua adaptabilidade a diversos ambientes e sensores. O seu design robusto e interface intuitiva posicionam-no como uma ferramenta essencial para o controlo de processos e a seguran\u00e7a de dados em m\u00faltiplos setores.<\/p>\n","protected":false},"featured_media":1257,"comment_status":"open","ping_status":"closed","template":"","meta":{"site-sidebar-layout":"default","site-content-layout":"default","ast-global-header-display":"","ast-main-header-display":"","ast-hfb-above-header-display":"","ast-hfb-below-header-display":"","ast-hfb-mobile-header-display":"","site-post-title":"disabled","ast-breadcrumbs-content":"","ast-featured-img":"","footer-sml-layout":"","theme-transparent-header-meta":"default","adv-header-id-meta":"","stick-header-meta":"","header-above-stick-meta":"","header-main-stick-meta":"","header-below-stick-meta":""},"product_brand":[],"product_cat":[61,17],"product_tag":[],"class_list":{"0":"post-1256","1":"product","2":"type-product","3":"status-publish","4":"has-post-thumbnail","6":"product_cat-controladores-de-temperatura","7":"product_cat-maquinas","9":"first","10":"instock","11":"shipping-taxable","12":"product-type-simple"},"_links":{"self":[{"href":"https:\/\/www.heatecx.com\/pt\/wp-json\/wp\/v2\/product\/1256","targetHints":{"allow":["GET"]}}],"collection":[{"href":"https:\/\/www.heatecx.com\/pt\/wp-json\/wp\/v2\/product"}],"about":[{"href":"https:\/\/www.heatecx.com\/pt\/wp-json\/wp\/v2\/types\/product"}],"replies":[{"embeddable":true,"href":"https:\/\/www.heatecx.com\/pt\/wp-json\/wp\/v2\/comments?post=1256"}],"wp:featuredmedia":[{"embeddable":true,"href":"https:\/\/www.heatecx.com\/pt\/wp-json\/wp\/v2\/media\/1257"}],"wp:attachment":[{"href":"https:\/\/www.heatecx.com\/pt\/wp-json\/wp\/v2\/media?parent=1256"}],"wp:term":[{"taxonomy":"product_brand","embeddable":true,"href":"https:\/\/www.heatecx.com\/pt\/wp-json\/wp\/v2\/product_brand?post=1256"},{"taxonomy":"product_cat","embeddable":true,"href":"https:\/\/www.heatecx.com\/pt\/wp-json\/wp\/v2\/product_cat?post=1256"},{"taxonomy":"product_tag","embeddable":true,"href":"https:\/\/www.heatecx.com\/pt\/wp-json\/wp\/v2\/product_tag?post=1256"}],"curies":[{"name":"wp","href":"https:\/\/api.w.org\/{rel}","templated":true}]}}