{"id":1258,"date":"2026-04-07T04:54:32","date_gmt":"2026-04-07T04:54:32","guid":{"rendered":"https:\/\/www.heatecx.com\/pt\/?post_type=product&#038;p=1258"},"modified":"2026-04-07T04:54:32","modified_gmt":"2026-04-07T04:54:32","slug":"registrador-graficador-de-temperatura-digital","status":"publish","type":"product","link":"https:\/\/www.heatecx.com\/pt\/producto\/registrador-graficador-de-temperatura-digital\/","title":{"rendered":"Registrador\/Graficador de Temperatura Digital"},"content":{"rendered":"<p>O Registrador\/Graficador de Temperatura Digital SIN-R5000C \u00e9 um <em>data logger<\/em>sem papel avan\u00e7ado, concebido para a monitoriza\u00e7\u00e3o e o registo cont\u00ednuo de dados em ambientes industriais exigentes. Este registrador digital de temperatura elimina a necessidade de consum\u00edveis, como papel e canetas, oferecendo uma solu\u00e7\u00e3o moderna e eficiente para a gest\u00e3o de dados de processo. Equipado com um ecr\u00e3 TFT de 7 polegadas, o SIN-R5000C proporciona uma visualiza\u00e7\u00e3o clara e em tempo real das tend\u00eancias e dos valores medidos. A sua capacidade para processar at\u00e9 12 canais de entrada anal\u00f3gicos e uma vasta gama de sinais (corrente, tens\u00e3o, termopares, RTD) torna-o num instrumento de medi\u00e7\u00e3o industrial altamente vers\u00e1til, ideal para aplica\u00e7\u00f5es que exigem precis\u00e3o e rastreabilidade digital.<\/p>\n","protected":false},"excerpt":{"rendered":"<p>O Registrador\/Graficador de Temperatura Digital SIN-R5000C \u00e9 um <em>data logger<\/em>sem papel avan\u00e7ado, concebido para a monitoriza\u00e7\u00e3o e o registo cont\u00ednuo de dados em ambientes industriais exigentes. Este registrador digital de temperatura elimina a necessidade de consum\u00edveis, como papel e canetas, oferecendo uma solu\u00e7\u00e3o moderna e eficiente para a gest\u00e3o de dados de processo. Equipado com um ecr\u00e3 TFT de 7 polegadas, o SIN-R5000C proporciona uma visualiza\u00e7\u00e3o clara e em tempo real das tend\u00eancias e dos valores medidos. A sua capacidade para processar at\u00e9 12 canais de entrada anal\u00f3gicos e uma vasta gama de sinais (corrente, tens\u00e3o, termopares, RTD) torna-o num instrumento de medi\u00e7\u00e3o industrial altamente vers\u00e1til, ideal para aplica\u00e7\u00f5es que exigem precis\u00e3o e rastreabilidade digital.<\/p>\n","protected":false},"featured_media":1259,"comment_status":"open","ping_status":"closed","template":"","meta":{"site-sidebar-layout":"default","site-content-layout":"default","ast-global-header-display":"","ast-main-header-display":"","ast-hfb-above-header-display":"","ast-hfb-below-header-display":"","ast-hfb-mobile-header-display":"","site-post-title":"disabled","ast-breadcrumbs-content":"","ast-featured-img":"","footer-sml-layout":"","theme-transparent-header-meta":"default","adv-header-id-meta":"","stick-header-meta":"","header-above-stick-meta":"","header-main-stick-meta":"","header-below-stick-meta":""},"product_brand":[],"product_cat":[61,17],"product_tag":[],"class_list":{"0":"post-1258","1":"product","2":"type-product","3":"status-publish","4":"has-post-thumbnail","6":"product_cat-controladores-de-temperatura","7":"product_cat-maquinas","9":"first","10":"instock","11":"shipping-taxable","12":"product-type-simple"},"_links":{"self":[{"href":"https:\/\/www.heatecx.com\/pt\/wp-json\/wp\/v2\/product\/1258","targetHints":{"allow":["GET"]}}],"collection":[{"href":"https:\/\/www.heatecx.com\/pt\/wp-json\/wp\/v2\/product"}],"about":[{"href":"https:\/\/www.heatecx.com\/pt\/wp-json\/wp\/v2\/types\/product"}],"replies":[{"embeddable":true,"href":"https:\/\/www.heatecx.com\/pt\/wp-json\/wp\/v2\/comments?post=1258"}],"wp:featuredmedia":[{"embeddable":true,"href":"https:\/\/www.heatecx.com\/pt\/wp-json\/wp\/v2\/media\/1259"}],"wp:attachment":[{"href":"https:\/\/www.heatecx.com\/pt\/wp-json\/wp\/v2\/media?parent=1258"}],"wp:term":[{"taxonomy":"product_brand","embeddable":true,"href":"https:\/\/www.heatecx.com\/pt\/wp-json\/wp\/v2\/product_brand?post=1258"},{"taxonomy":"product_cat","embeddable":true,"href":"https:\/\/www.heatecx.com\/pt\/wp-json\/wp\/v2\/product_cat?post=1258"},{"taxonomy":"product_tag","embeddable":true,"href":"https:\/\/www.heatecx.com\/pt\/wp-json\/wp\/v2\/product_tag?post=1258"}],"curies":[{"name":"wp","href":"https:\/\/api.w.org\/{rel}","templated":true}]}}