{"id":1263,"date":"2026-04-07T05:21:23","date_gmt":"2026-04-07T05:21:23","guid":{"rendered":"https:\/\/www.heatecx.com\/pt\/?post_type=product&#038;p=1263"},"modified":"2026-04-07T05:22:28","modified_gmt":"2026-04-07T05:22:28","slug":"maquina-automatica-de-montagem-de-terminais-de-pino-e-bobina-me-p04","status":"publish","type":"product","link":"https:\/\/www.heatecx.com\/pt\/producto\/maquina-automatica-de-montagem-de-terminais-de-pino-e-bobina-me-p04\/","title":{"rendered":"M\u00e1quina Autom\u00e1tica de Montagem de Terminais de Pino e Bobina ME-P04"},"content":{"rendered":"<p>A M\u00e1quina Autom\u00e1tica de Montagem de Pinos e Bobinas, conhecida como Auto Pin Coil Assemble Machine, \u00e9 uma solu\u00e7\u00e3o de ponta concebida especificamente para a fabrica\u00e7\u00e3o de elementos aquecedores. Esta m\u00e1quina de montagem de terminais multifuncional automatiza com precis\u00e3o o processo de jun\u00e7\u00e3o entre o terminal de pino e a bobina <strong>resistiva<\/strong>, bem como a inser\u00e7\u00e3o do pino com a tampagem pl\u00e1stica. O seu design robusto e a sua capacidade de integrar fun\u00e7\u00f5es adicionais, como a soldadura para a liga\u00e7\u00e3o pino-bobina e testes de qualidade, tornam-na numa prensa de pinos para <strong>resistencias<\/strong>\u200b indispens\u00e1vel. Facilita a montagem de extremidades de <strong>resistencias<\/strong>\u200b e \u00e9 fundamental para melhorar a liga\u00e7\u00e3o entre a bobina e o terminal de pino, garantindo a integridade e o desempenho ideal dos componentes. Representa um avan\u00e7o significativo na automa\u00e7\u00e3o de terminais para <strong>resistencias<\/strong>\u200b de cartucho ou tubulares, otimizando a linha de produ\u00e7\u00e3o de elementos aquecedores.<\/p>\n","protected":false},"excerpt":{"rendered":"<p>A M\u00e1quina Autom\u00e1tica de Montagem de Pinos e Bobinas, conhecida como Auto Pin Coil Assemble Machine, \u00e9 uma solu\u00e7\u00e3o de ponta concebida especificamente para a fabrica\u00e7\u00e3o de elementos aquecedores. Esta m\u00e1quina de montagem de terminais multifuncional automatiza com precis\u00e3o o processo de jun\u00e7\u00e3o entre o terminal de pino e a bobina <strong>resistiva<\/strong>, bem como a inser\u00e7\u00e3o do pino com a tampagem pl\u00e1stica. O seu design robusto e a sua capacidade de integrar fun\u00e7\u00f5es adicionais, como a soldadura para a liga\u00e7\u00e3o pino-bobina e testes de qualidade, tornam-na numa prensa de pinos para <strong>resistencias<\/strong>\u200b indispens\u00e1vel. Facilita a montagem de extremidades de <strong>resistencias<\/strong>\u200b e \u00e9 fundamental para melhorar a liga\u00e7\u00e3o entre a bobina e o terminal de pino, garantindo a integridade e o desempenho ideal dos componentes. Representa um avan\u00e7o significativo na automa\u00e7\u00e3o de terminais para <strong>resistencias<\/strong>\u200b de cartucho ou tubulares, otimizando a linha de produ\u00e7\u00e3o de elementos aquecedores.<\/p>\n","protected":false},"featured_media":1264,"comment_status":"open","ping_status":"closed","template":"","meta":{"site-sidebar-layout":"default","site-content-layout":"default","ast-global-header-display":"","ast-main-header-display":"","ast-hfb-above-header-display":"","ast-hfb-below-header-display":"","ast-hfb-mobile-header-display":"","site-post-title":"disabled","ast-breadcrumbs-content":"","ast-featured-img":"","footer-sml-layout":"","theme-transparent-header-meta":"default","adv-header-id-meta":"","stick-header-meta":"","header-above-stick-meta":"","header-main-stick-meta":"","header-below-stick-meta":""},"product_brand":[],"product_cat":[40,17],"product_tag":[],"class_list":{"0":"post-1263","1":"product","2":"type-product","3":"status-publish","4":"has-post-thumbnail","6":"product_cat-maquinas-para-terminais","7":"product_cat-maquinas","9":"first","10":"instock","11":"shipping-taxable","12":"product-type-simple"},"_links":{"self":[{"href":"https:\/\/www.heatecx.com\/pt\/wp-json\/wp\/v2\/product\/1263","targetHints":{"allow":["GET"]}}],"collection":[{"href":"https:\/\/www.heatecx.com\/pt\/wp-json\/wp\/v2\/product"}],"about":[{"href":"https:\/\/www.heatecx.com\/pt\/wp-json\/wp\/v2\/types\/product"}],"replies":[{"embeddable":true,"href":"https:\/\/www.heatecx.com\/pt\/wp-json\/wp\/v2\/comments?post=1263"}],"wp:featuredmedia":[{"embeddable":true,"href":"https:\/\/www.heatecx.com\/pt\/wp-json\/wp\/v2\/media\/1264"}],"wp:attachment":[{"href":"https:\/\/www.heatecx.com\/pt\/wp-json\/wp\/v2\/media?parent=1263"}],"wp:term":[{"taxonomy":"product_brand","embeddable":true,"href":"https:\/\/www.heatecx.com\/pt\/wp-json\/wp\/v2\/product_brand?post=1263"},{"taxonomy":"product_cat","embeddable":true,"href":"https:\/\/www.heatecx.com\/pt\/wp-json\/wp\/v2\/product_cat?post=1263"},{"taxonomy":"product_tag","embeddable":true,"href":"https:\/\/www.heatecx.com\/pt\/wp-json\/wp\/v2\/product_tag?post=1263"}],"curies":[{"name":"wp","href":"https:\/\/api.w.org\/{rel}","templated":true}]}}