{"id":1265,"date":"2026-04-07T05:44:48","date_gmt":"2026-04-07T05:44:48","guid":{"rendered":"https:\/\/www.heatecx.com\/pt\/?post_type=product&#038;p=1265"},"modified":"2026-04-07T05:44:48","modified_gmt":"2026-04-07T05:44:48","slug":"maquina-de-soldadura-de-termopares-st-03","status":"publish","type":"product","link":"https:\/\/www.heatecx.com\/pt\/producto\/maquina-de-soldadura-de-termopares-st-03\/","title":{"rendered":"M\u00e1quina de Soldadura de Termopares ST-03"},"content":{"rendered":"<p>A m\u00e1quina de soldadura de termopares por descarga capacitiva \u00e9 um equipamento especializado que utiliza o princ\u00edpio de soldadura por resist\u00eancia ou soldadura por contacto para unir os fios dos termopares. O seu funcionamento baseia-se na descarga controlada de energia armazenada em condensadores, o que permite gerar um pulso de corrente de alta intensidade e de curta dura\u00e7\u00e3o. Este m\u00e9todo \u00e9 ideal para a soldadura de precis\u00e3o de materiais delicados, como os utilizados em termopares, minimizando a zona afetada pelo calor e garantindo a integridade da junta. Incorpora tecnologia de alta frequ\u00eancia e um princ\u00edpio de a\u00e7\u00e3o de invers\u00e3o, o que se traduz numa efici\u00eancia energ\u00e9tica superior e num controlo preciso do processo de soldadura. \u00c9 uma soldadora de termopares port\u00e1til e tamb\u00e9m adapt\u00e1vel para uso em bancada, oferecendo versatilidade em qualquer ambiente de trabalho.<\/p>\n","protected":false},"excerpt":{"rendered":"<p>A m\u00e1quina de soldadura de termopares por descarga capacitiva \u00e9 um equipamento especializado que utiliza o princ\u00edpio de soldadura por resist\u00eancia ou soldadura por contacto para unir os fios dos termopares. O seu funcionamento baseia-se na descarga controlada de energia armazenada em condensadores, o que permite gerar um pulso de corrente de alta intensidade e de curta dura\u00e7\u00e3o. Este m\u00e9todo \u00e9 ideal para a soldadura de precis\u00e3o de materiais delicados, como os utilizados em termopares, minimizando a zona afetada pelo calor e garantindo a integridade da junta. Incorpora tecnologia de alta frequ\u00eancia e um princ\u00edpio de a\u00e7\u00e3o de invers\u00e3o, o que se traduz numa efici\u00eancia energ\u00e9tica superior e num controlo preciso do processo de soldadura. \u00c9 uma soldadora de termopares port\u00e1til e tamb\u00e9m adapt\u00e1vel para uso em bancada, oferecendo versatilidade em qualquer ambiente de trabalho.<\/p>\n","protected":false},"featured_media":1266,"comment_status":"open","ping_status":"closed","template":"","meta":{"site-sidebar-layout":"default","site-content-layout":"default","ast-global-header-display":"","ast-main-header-display":"","ast-hfb-above-header-display":"","ast-hfb-below-header-display":"","ast-hfb-mobile-header-display":"","site-post-title":"disabled","ast-breadcrumbs-content":"","ast-featured-img":"","footer-sml-layout":"","theme-transparent-header-meta":"default","adv-header-id-meta":"","stick-header-meta":"","header-above-stick-meta":"","header-main-stick-meta":"","header-below-stick-meta":""},"product_brand":[],"product_cat":[36,17],"product_tag":[],"class_list":{"0":"post-1265","1":"product","2":"type-product","3":"status-publish","4":"has-post-thumbnail","6":"product_cat-maquinas-de-solda","7":"product_cat-maquinas","9":"first","10":"instock","11":"shipping-taxable","12":"product-type-simple"},"_links":{"self":[{"href":"https:\/\/www.heatecx.com\/pt\/wp-json\/wp\/v2\/product\/1265","targetHints":{"allow":["GET"]}}],"collection":[{"href":"https:\/\/www.heatecx.com\/pt\/wp-json\/wp\/v2\/product"}],"about":[{"href":"https:\/\/www.heatecx.com\/pt\/wp-json\/wp\/v2\/types\/product"}],"replies":[{"embeddable":true,"href":"https:\/\/www.heatecx.com\/pt\/wp-json\/wp\/v2\/comments?post=1265"}],"wp:featuredmedia":[{"embeddable":true,"href":"https:\/\/www.heatecx.com\/pt\/wp-json\/wp\/v2\/media\/1266"}],"wp:attachment":[{"href":"https:\/\/www.heatecx.com\/pt\/wp-json\/wp\/v2\/media?parent=1265"}],"wp:term":[{"taxonomy":"product_brand","embeddable":true,"href":"https:\/\/www.heatecx.com\/pt\/wp-json\/wp\/v2\/product_brand?post=1265"},{"taxonomy":"product_cat","embeddable":true,"href":"https:\/\/www.heatecx.com\/pt\/wp-json\/wp\/v2\/product_cat?post=1265"},{"taxonomy":"product_tag","embeddable":true,"href":"https:\/\/www.heatecx.com\/pt\/wp-json\/wp\/v2\/product_tag?post=1265"}],"curies":[{"name":"wp","href":"https:\/\/api.w.org\/{rel}","templated":true}]}}