{"id":1268,"date":"2026-04-07T06:17:04","date_gmt":"2026-04-07T06:17:04","guid":{"rendered":"https:\/\/www.heatecx.com\/pt\/?post_type=product&#038;p=1268"},"modified":"2026-04-07T06:17:04","modified_gmt":"2026-04-07T06:17:04","slug":"cortadora-a-laser-de-folha-de-mica-de-alta-precisao-ct-04","status":"publish","type":"product","link":"https:\/\/www.heatecx.com\/pt\/producto\/cortadora-a-laser-de-folha-de-mica-de-alta-precisao-ct-04\/","title":{"rendered":"Cortadora a Laser de Folha de Mica de Alta Precis\u00e3o CT-04"},"content":{"rendered":"<p>Apresentamos a nossa m\u00e1quina de corte a laser de folhas de mica CT-04, uma solu\u00e7\u00e3o de engenharia avan\u00e7ada concebida para setores que requerem a m\u00e1xima fidelidade no processamento de materiais isolantes e minerais. Gra\u00e7as \u00e0 sua tecnologia de CO2 de 130W, este equipamento garante um corte de mica com bordos lisos e sem rebarbas, otimizando os processos de fabrico na ind\u00fastria el\u00e9trica e eletr\u00f3nica.<\/p>\n<p>No ambiente industrial atual, a efici\u00eancia mede-se pela qualidade do acabamento final e pela redu\u00e7\u00e3o de desperd\u00edcios. A maquinaria de corte a laser para materiais n\u00e3o met\u00e1licos CT-04 foi desenvolvida para responder \u00e0 procura de componentes de mica com toler\u00e2ncias m\u00ednimas. Ao contr\u00e1rio das troqueladoras tradicionais que podem lascar ou delaminar a estrutura mineral da mica, o modelo CT-04 realiza um processo sem contacto f\u00edsico. Isto n\u00e3o s\u00f3 preserva as propriedades diel\u00e9tricas do material, como tamb\u00e9m permite a cria\u00e7\u00e3o de geometrias complexas que seriam imposs\u00edveis de alcan\u00e7ar com ferramentas f\u00edsicas, posicionando-se como a melhor solu\u00e7\u00e3o de corte industrial para mica e isoladores t\u00e9rmicos.<\/p>\n","protected":false},"excerpt":{"rendered":"<p>Apresentamos a nossa m\u00e1quina de corte a laser de folhas de mica CT-04, uma solu\u00e7\u00e3o de engenharia avan\u00e7ada concebida para setores que requerem a m\u00e1xima fidelidade no processamento de materiais isolantes e minerais. Gra\u00e7as \u00e0 sua tecnologia de CO2 de 130W, este equipamento garante um corte de mica com bordos lisos e sem rebarbas, otimizando os processos de fabrico na ind\u00fastria el\u00e9trica e eletr\u00f3nica.<\/p>\n<p>No ambiente industrial atual, a efici\u00eancia mede-se pela qualidade do acabamento final e pela redu\u00e7\u00e3o de desperd\u00edcios. A maquinaria de corte a laser para materiais n\u00e3o met\u00e1licos CT-04 foi desenvolvida para responder \u00e0 procura de componentes de mica com toler\u00e2ncias m\u00ednimas. Ao contr\u00e1rio das troqueladoras tradicionais que podem lascar ou delaminar a estrutura mineral da mica, o modelo CT-04 realiza um processo sem contacto f\u00edsico. Isto n\u00e3o s\u00f3 preserva as propriedades diel\u00e9tricas do material, como tamb\u00e9m permite a cria\u00e7\u00e3o de geometrias complexas que seriam imposs\u00edveis de alcan\u00e7ar com ferramentas f\u00edsicas, posicionando-se como a melhor solu\u00e7\u00e3o de corte industrial para mica e isoladores t\u00e9rmicos.<\/p>\n","protected":false},"featured_media":1269,"comment_status":"open","ping_status":"closed","template":"","meta":{"site-sidebar-layout":"default","site-content-layout":"default","ast-global-header-display":"","ast-main-header-display":"","ast-hfb-above-header-display":"","ast-hfb-below-header-display":"","ast-hfb-mobile-header-display":"","site-post-title":"disabled","ast-breadcrumbs-content":"","ast-featured-img":"","footer-sml-layout":"","theme-transparent-header-meta":"default","adv-header-id-meta":"","stick-header-meta":"","header-above-stick-meta":"","header-main-stick-meta":"","header-below-stick-meta":""},"product_brand":[],"product_cat":[35,17],"product_tag":[],"class_list":{"0":"post-1268","1":"product","2":"type-product","3":"status-publish","4":"has-post-thumbnail","6":"product_cat-cortadoras-de-tubos","7":"product_cat-maquinas","9":"first","10":"instock","11":"shipping-taxable","12":"product-type-simple"},"_links":{"self":[{"href":"https:\/\/www.heatecx.com\/pt\/wp-json\/wp\/v2\/product\/1268","targetHints":{"allow":["GET"]}}],"collection":[{"href":"https:\/\/www.heatecx.com\/pt\/wp-json\/wp\/v2\/product"}],"about":[{"href":"https:\/\/www.heatecx.com\/pt\/wp-json\/wp\/v2\/types\/product"}],"replies":[{"embeddable":true,"href":"https:\/\/www.heatecx.com\/pt\/wp-json\/wp\/v2\/comments?post=1268"}],"wp:featuredmedia":[{"embeddable":true,"href":"https:\/\/www.heatecx.com\/pt\/wp-json\/wp\/v2\/media\/1269"}],"wp:attachment":[{"href":"https:\/\/www.heatecx.com\/pt\/wp-json\/wp\/v2\/media?parent=1268"}],"wp:term":[{"taxonomy":"product_brand","embeddable":true,"href":"https:\/\/www.heatecx.com\/pt\/wp-json\/wp\/v2\/product_brand?post=1268"},{"taxonomy":"product_cat","embeddable":true,"href":"https:\/\/www.heatecx.com\/pt\/wp-json\/wp\/v2\/product_cat?post=1268"},{"taxonomy":"product_tag","embeddable":true,"href":"https:\/\/www.heatecx.com\/pt\/wp-json\/wp\/v2\/product_tag?post=1268"}],"curies":[{"name":"wp","href":"https:\/\/api.w.org\/{rel}","templated":true}]}}