{"id":1273,"date":"2026-04-07T06:36:29","date_gmt":"2026-04-07T06:36:29","guid":{"rendered":"https:\/\/www.heatecx.com\/pt\/?post_type=product&#038;p=1273"},"modified":"2026-04-07T06:36:30","modified_gmt":"2026-04-07T06:36:30","slug":"maquina-de-polir-para-tubo-plano-oval-e-quadrado-mp-06","status":"publish","type":"product","link":"https:\/\/www.heatecx.com\/pt\/producto\/maquina-de-polir-para-tubo-plano-oval-e-quadrado-mp-06\/","title":{"rendered":"M\u00e1quina de Polir para Tubo Plano, Oval e Quadrado MP-06"},"content":{"rendered":"<p>A M\u00e1quina de Polir para Tubo Plano, Tubo Oval e Tubo Quadrado \u00e9 um equipamento industrial de alta precis\u00e3o, concebido para o acabamento superficial de uma ampla variedade de perfis met\u00e1licos. Operando sob um princ\u00edpio de polidura mec\u00e2nica, esta m\u00e1quina de polir tubos e perfis \u00e9 capaz de transformar superf\u00edcies brutas em acabamentos de alta qualidade, desde acabamentos satinados at\u00e9 polimento espelho para a\u00e7o inoxid\u00e1vel. A sua versatilidade torna-a numa excecional polidora de superf\u00edcies planas e quadradas, bem como numa eficiente lixadora de cinta para tubos ovais. \u00c9 uma retificadora para perfis met\u00e1licos robusta e fi\u00e1vel, ideal para processos que requerem uniformidade e excel\u00eancia no acabamento final. Este equipamento \u00e9 fundamental para a elimina\u00e7\u00e3o de rebarbas em perfis met\u00e1licos e para o tratamento de superf\u00edcies met\u00e1licas em diversas ind\u00fastrias.<\/p>\n","protected":false},"excerpt":{"rendered":"<p>A M\u00e1quina de Polir para Tubo Plano, Tubo Oval e Tubo Quadrado \u00e9 um equipamento industrial de alta precis\u00e3o, concebido para o acabamento superficial de uma ampla variedade de perfis met\u00e1licos. Operando sob um princ\u00edpio de polidura mec\u00e2nica, esta m\u00e1quina de polir tubos e perfis \u00e9 capaz de transformar superf\u00edcies brutas em acabamentos de alta qualidade, desde acabamentos satinados at\u00e9 polimento espelho para a\u00e7o inoxid\u00e1vel. A sua versatilidade torna-a numa excecional polidora de superf\u00edcies planas e quadradas, bem como numa eficiente lixadora de cinta para tubos ovais. \u00c9 uma retificadora para perfis met\u00e1licos robusta e fi\u00e1vel, ideal para processos que requerem uniformidade e excel\u00eancia no acabamento final. Este equipamento \u00e9 fundamental para a elimina\u00e7\u00e3o de rebarbas em perfis met\u00e1licos e para o tratamento de superf\u00edcies met\u00e1licas em diversas ind\u00fastrias.<\/p>\n","protected":false},"featured_media":1274,"comment_status":"open","ping_status":"closed","template":"","meta":{"site-sidebar-layout":"default","site-content-layout":"default","ast-global-header-display":"","ast-main-header-display":"","ast-hfb-above-header-display":"","ast-hfb-below-header-display":"","ast-hfb-mobile-header-display":"","site-post-title":"disabled","ast-breadcrumbs-content":"","ast-featured-img":"","footer-sml-layout":"","theme-transparent-header-meta":"default","adv-header-id-meta":"","stick-header-meta":"","header-above-stick-meta":"","header-main-stick-meta":"","header-below-stick-meta":""},"product_brand":[],"product_cat":[31,17],"product_tag":[],"class_list":{"0":"post-1273","1":"product","2":"type-product","3":"status-publish","4":"has-post-thumbnail","6":"product_cat-maquinas-de-polimento","7":"product_cat-maquinas","9":"first","10":"instock","11":"shipping-taxable","12":"product-type-simple"},"_links":{"self":[{"href":"https:\/\/www.heatecx.com\/pt\/wp-json\/wp\/v2\/product\/1273","targetHints":{"allow":["GET"]}}],"collection":[{"href":"https:\/\/www.heatecx.com\/pt\/wp-json\/wp\/v2\/product"}],"about":[{"href":"https:\/\/www.heatecx.com\/pt\/wp-json\/wp\/v2\/types\/product"}],"replies":[{"embeddable":true,"href":"https:\/\/www.heatecx.com\/pt\/wp-json\/wp\/v2\/comments?post=1273"}],"wp:featuredmedia":[{"embeddable":true,"href":"https:\/\/www.heatecx.com\/pt\/wp-json\/wp\/v2\/media\/1274"}],"wp:attachment":[{"href":"https:\/\/www.heatecx.com\/pt\/wp-json\/wp\/v2\/media?parent=1273"}],"wp:term":[{"taxonomy":"product_brand","embeddable":true,"href":"https:\/\/www.heatecx.com\/pt\/wp-json\/wp\/v2\/product_brand?post=1273"},{"taxonomy":"product_cat","embeddable":true,"href":"https:\/\/www.heatecx.com\/pt\/wp-json\/wp\/v2\/product_cat?post=1273"},{"taxonomy":"product_tag","embeddable":true,"href":"https:\/\/www.heatecx.com\/pt\/wp-json\/wp\/v2\/product_tag?post=1273"}],"curies":[{"name":"wp","href":"https:\/\/api.w.org\/{rel}","templated":true}]}}