{"id":1278,"date":"2026-04-08T03:00:24","date_gmt":"2026-04-08T03:00:24","guid":{"rendered":"https:\/\/www.heatecx.com\/pt\/?post_type=product&#038;p=1278"},"modified":"2026-04-08T03:00:24","modified_gmt":"2026-04-08T03:00:24","slug":"emissor-de-infrarvermelho-ceramico-plano-da-serie-ixsfs","status":"publish","type":"product","link":"https:\/\/www.heatecx.com\/pt\/producto\/emissor-de-infrarvermelho-ceramico-plano-da-serie-ixsfs\/","title":{"rendered":"Emissor de Infrarvermelho Cer\u00e2mico Plano da S\u00e9rie IXSFS"},"content":{"rendered":"<p>O Emissor de Infrarvermelho Cer\u00e2mico Plano da s\u00e9rie IXSFS \u00e9 um componente de aquecimento industrial de vanguarda, concebido para fornecer calor radiante de Onda Longa e Infravermelho Long\u00ednquo com alta efici\u00eancia e precis\u00e3o. Estas <strong>resistencias<\/strong>\u200b s\u00e3o fabricadas atrav\u00e9s de um robusto processo de moldagem por fundi\u00e7\u00e3o, que encapsula uma <strong>Resist\u00eancia de Nicr\u00f3mio Embutida<\/strong>\u200b no interior de um corpo cer\u00e2mico de alta qualidade. A superf\u00edcie \u00e9 acabada com um <strong>Esmalte Vitrificado<\/strong>\u200b dur\u00e1vel, o que garante uma excelente resist\u00eancia \u00e0 corros\u00e3o e uma emiss\u00e3o uniforme de calor. Ideal para aplica\u00e7\u00f5es que requerem uma distribui\u00e7\u00e3o t\u00e9rmica homog\u00e9nea e um controlo exato da temperatura, as nossas <strong>resistencias<\/strong>\u200b infravermelhas cer\u00e2micas s\u00e3o uma solu\u00e7\u00e3o fi\u00e1vel e energeticamente eficiente para uma ampla gama de processos industriais.<\/p>\n","protected":false},"excerpt":{"rendered":"<p>O Emissor de Infrarvermelho Cer\u00e2mico Plano da s\u00e9rie IXSFS \u00e9 um componente de aquecimento industrial de vanguarda, concebido para fornecer calor radiante de Onda Longa e Infravermelho Long\u00ednquo com alta efici\u00eancia e precis\u00e3o. Estas <strong>resistencias<\/strong>\u200b s\u00e3o fabricadas atrav\u00e9s de um robusto processo de moldagem por fundi\u00e7\u00e3o, que encapsula uma <strong>Resist\u00eancia de Nicr\u00f3mio Embutida<\/strong>\u200b no interior de um corpo cer\u00e2mico de alta qualidade. A superf\u00edcie \u00e9 acabada com um <strong>Esmalte Vitrificado<\/strong>\u200b dur\u00e1vel, o que garante uma excelente resist\u00eancia \u00e0 corros\u00e3o e uma emiss\u00e3o uniforme de calor. Ideal para aplica\u00e7\u00f5es que requerem uma distribui\u00e7\u00e3o t\u00e9rmica homog\u00e9nea e um controlo exato da temperatura, as nossas <strong>resistencias<\/strong>\u200b infravermelhas cer\u00e2micas s\u00e3o uma solu\u00e7\u00e3o fi\u00e1vel e energeticamente eficiente para uma ampla gama de processos industriais.<\/p>\n","protected":false},"featured_media":1279,"comment_status":"open","ping_status":"closed","template":"","meta":{"site-sidebar-layout":"default","site-content-layout":"default","ast-global-header-display":"","ast-main-header-display":"","ast-hfb-above-header-display":"","ast-hfb-below-header-display":"","ast-hfb-mobile-header-display":"","site-post-title":"disabled","ast-breadcrumbs-content":"","ast-featured-img":"","footer-sml-layout":"","theme-transparent-header-meta":"default","adv-header-id-meta":"","stick-header-meta":"","header-above-stick-meta":"","header-main-stick-meta":"","header-below-stick-meta":""},"product_brand":[],"product_cat":[63,19],"product_tag":[],"class_list":{"0":"post-1278","1":"product","2":"type-product","3":"status-publish","4":"has-post-thumbnail","6":"product_cat-resistencias-ceramicas-infravermelhas","7":"product_cat-resistencias","9":"first","10":"instock","11":"shipping-taxable","12":"product-type-simple"},"_links":{"self":[{"href":"https:\/\/www.heatecx.com\/pt\/wp-json\/wp\/v2\/product\/1278","targetHints":{"allow":["GET"]}}],"collection":[{"href":"https:\/\/www.heatecx.com\/pt\/wp-json\/wp\/v2\/product"}],"about":[{"href":"https:\/\/www.heatecx.com\/pt\/wp-json\/wp\/v2\/types\/product"}],"replies":[{"embeddable":true,"href":"https:\/\/www.heatecx.com\/pt\/wp-json\/wp\/v2\/comments?post=1278"}],"wp:featuredmedia":[{"embeddable":true,"href":"https:\/\/www.heatecx.com\/pt\/wp-json\/wp\/v2\/media\/1279"}],"wp:attachment":[{"href":"https:\/\/www.heatecx.com\/pt\/wp-json\/wp\/v2\/media?parent=1278"}],"wp:term":[{"taxonomy":"product_brand","embeddable":true,"href":"https:\/\/www.heatecx.com\/pt\/wp-json\/wp\/v2\/product_brand?post=1278"},{"taxonomy":"product_cat","embeddable":true,"href":"https:\/\/www.heatecx.com\/pt\/wp-json\/wp\/v2\/product_cat?post=1278"},{"taxonomy":"product_tag","embeddable":true,"href":"https:\/\/www.heatecx.com\/pt\/wp-json\/wp\/v2\/product_tag?post=1278"}],"curies":[{"name":"wp","href":"https:\/\/api.w.org\/{rel}","templated":true}]}}