{"id":1280,"date":"2026-04-08T03:30:03","date_gmt":"2026-04-08T03:30:03","guid":{"rendered":"https:\/\/www.heatecx.com\/pt\/?post_type=product&#038;p=1280"},"modified":"2026-04-08T03:30:03","modified_gmt":"2026-04-08T03:30:03","slug":"resistencias-infravermelhas-ceramicas-curvas","status":"publish","type":"product","link":"https:\/\/www.heatecx.com\/pt\/producto\/resistencias-infravermelhas-ceramicas-curvas\/","title":{"rendered":"Resistencias Infravermelhas Cer\u00e2micas Curvas"},"content":{"rendered":"<p>O Emissor de Infravermelhos Cer\u00e2mico Curvo \u00e9 um aquecedor industrial de alto rendimento, concebido para emitir calor radiante de Onda Longa e Infravermelho Long\u00ednquo com uma efici\u00eancia excecional. O seu design curvo distintivo, fabricado atrav\u00e9s de um processo de moldagem por fundi\u00e7\u00e3o, encapsula uma <strong>Resistencia<\/strong>\u200b de Nicr\u00f3mio Embutida de alta durabilidade no interior de um corpo cer\u00e2mico robusto. A superf\u00edcie est\u00e1 protegida por um Esmalte Vitrificado resistente, que n\u00e3o s\u00f3 melhora a emiss\u00e3o de calor, como tamb\u00e9m oferece uma excelente prote\u00e7\u00e3o contra a corros\u00e3o e o desgaste. Estes emissores de infravermelhos cer\u00e2micos s\u00e3o ideais para aplica\u00e7\u00f5es que requerem uma distribui\u00e7\u00e3o de calor concentrada e uma gest\u00e3o t\u00e9rmica superior na \u00e1rea de montagem, otimizando o processo de aquecimento e a efici\u00eancia energ\u00e9tica.<\/p>\n","protected":false},"excerpt":{"rendered":"<p>O Emissor de Infravermelhos Cer\u00e2mico Curvo \u00e9 um aquecedor industrial de alto rendimento, concebido para emitir calor radiante de Onda Longa e Infravermelho Long\u00ednquo com uma efici\u00eancia excecional. O seu design curvo distintivo, fabricado atrav\u00e9s de um processo de moldagem por fundi\u00e7\u00e3o, encapsula uma <strong>Resistencia<\/strong>\u200b de Nicr\u00f3mio Embutida de alta durabilidade no interior de um corpo cer\u00e2mico robusto. A superf\u00edcie est\u00e1 protegida por um Esmalte Vitrificado resistente, que n\u00e3o s\u00f3 melhora a emiss\u00e3o de calor, como tamb\u00e9m oferece uma excelente prote\u00e7\u00e3o contra a corros\u00e3o e o desgaste. Estes emissores de infravermelhos cer\u00e2micos s\u00e3o ideais para aplica\u00e7\u00f5es que requerem uma distribui\u00e7\u00e3o de calor concentrada e uma gest\u00e3o t\u00e9rmica superior na \u00e1rea de montagem, otimizando o processo de aquecimento e a efici\u00eancia energ\u00e9tica.<\/p>\n","protected":false},"featured_media":1281,"comment_status":"open","ping_status":"closed","template":"","meta":{"site-sidebar-layout":"default","site-content-layout":"default","ast-global-header-display":"","ast-main-header-display":"","ast-hfb-above-header-display":"","ast-hfb-below-header-display":"","ast-hfb-mobile-header-display":"","site-post-title":"disabled","ast-breadcrumbs-content":"","ast-featured-img":"","footer-sml-layout":"","theme-transparent-header-meta":"default","adv-header-id-meta":"","stick-header-meta":"","header-above-stick-meta":"","header-main-stick-meta":"","header-below-stick-meta":""},"product_brand":[],"product_cat":[63,19],"product_tag":[],"class_list":{"0":"post-1280","1":"product","2":"type-product","3":"status-publish","4":"has-post-thumbnail","6":"product_cat-resistencias-ceramicas-infravermelhas","7":"product_cat-resistencias","9":"first","10":"instock","11":"shipping-taxable","12":"product-type-simple"},"_links":{"self":[{"href":"https:\/\/www.heatecx.com\/pt\/wp-json\/wp\/v2\/product\/1280","targetHints":{"allow":["GET"]}}],"collection":[{"href":"https:\/\/www.heatecx.com\/pt\/wp-json\/wp\/v2\/product"}],"about":[{"href":"https:\/\/www.heatecx.com\/pt\/wp-json\/wp\/v2\/types\/product"}],"replies":[{"embeddable":true,"href":"https:\/\/www.heatecx.com\/pt\/wp-json\/wp\/v2\/comments?post=1280"}],"wp:featuredmedia":[{"embeddable":true,"href":"https:\/\/www.heatecx.com\/pt\/wp-json\/wp\/v2\/media\/1281"}],"wp:attachment":[{"href":"https:\/\/www.heatecx.com\/pt\/wp-json\/wp\/v2\/media?parent=1280"}],"wp:term":[{"taxonomy":"product_brand","embeddable":true,"href":"https:\/\/www.heatecx.com\/pt\/wp-json\/wp\/v2\/product_brand?post=1280"},{"taxonomy":"product_cat","embeddable":true,"href":"https:\/\/www.heatecx.com\/pt\/wp-json\/wp\/v2\/product_cat?post=1280"},{"taxonomy":"product_tag","embeddable":true,"href":"https:\/\/www.heatecx.com\/pt\/wp-json\/wp\/v2\/product_tag?post=1280"}],"curies":[{"name":"wp","href":"https:\/\/api.w.org\/{rel}","templated":true}]}}