{"id":1282,"date":"2026-04-08T03:51:31","date_gmt":"2026-04-08T03:51:31","guid":{"rendered":"https:\/\/www.heatecx.com\/pt\/?post_type=product&#038;p=1282"},"modified":"2026-04-08T03:51:31","modified_gmt":"2026-04-08T03:51:31","slug":"emissor-de-infravermelhos-ceramico-a-vacuo","status":"publish","type":"product","link":"https:\/\/www.heatecx.com\/pt\/producto\/emissor-de-infravermelhos-ceramico-a-vacuo\/","title":{"rendered":"Emissor de Infravermelhos Cer\u00e2mico a V\u00e1cuo"},"content":{"rendered":"<p>O Emissor de Infravermelhos Cer\u00e2mico a V\u00e1cuo da s\u00e9rie IXSHFS representa o auge da tecnologia de aquecimento industrial, concebido para oferecer um desempenho excecional na emiss\u00e3o de Onda Longa e Infravermelho Long\u00ednquo. Este aquecedor de alto rendimento fabrica-se mediante um inovador processo de moldagem por fundi\u00e7\u00e3o oca, onde uma <strong>Resistencia<\/strong>\u200b de Nicrom Embebida se aloja num corpo cer\u00e2mico e o interior se enche com um material isolante de alta densidade. Esta constru\u00e7\u00e3o \u00fanica minimiza a transfer\u00eancia de calor para a parte posterior do aquecedor, concentrando a energia radiante no alvo. O resultado \u00e9 uma maior efici\u00eancia energ\u00e9tica, uma redu\u00e7\u00e3o significativa nos tempos de pr\u00e9-aquecimento e uma capacidade superior para aquecer materiais de forma uniforme e profunda. Os emissores de infravermelhos cer\u00e2micos a v\u00e1cuo IXSHFS s\u00e3o a solu\u00e7\u00e3o ideal para processos que exigem a m\u00e1xima efici\u00eancia t\u00e9rmica e um controlo preciso da energia.<\/p>\n","protected":false},"excerpt":{"rendered":"<p>O Emissor de Infravermelhos Cer\u00e2mico a V\u00e1cuo da s\u00e9rie IXSHFS representa o auge da tecnologia de aquecimento industrial, concebido para oferecer um desempenho excecional na emiss\u00e3o de Onda Longa e Infravermelho Long\u00ednquo. Este aquecedor de alto rendimento fabrica-se mediante um inovador processo de moldagem por fundi\u00e7\u00e3o oca, onde uma <strong>Resistencia<\/strong>\u200b de Nicrom Embebida se aloja num corpo cer\u00e2mico e o interior se enche com um material isolante de alta densidade. Esta constru\u00e7\u00e3o \u00fanica minimiza a transfer\u00eancia de calor para a parte posterior do aquecedor, concentrando a energia radiante no alvo. O resultado \u00e9 uma maior efici\u00eancia energ\u00e9tica, uma redu\u00e7\u00e3o significativa nos tempos de pr\u00e9-aquecimento e uma capacidade superior para aquecer materiais de forma uniforme e profunda. Os emissores de infravermelhos cer\u00e2micos a v\u00e1cuo IXSHFS s\u00e3o a solu\u00e7\u00e3o ideal para processos que exigem a m\u00e1xima efici\u00eancia t\u00e9rmica e um controlo preciso da energia.<\/p>\n","protected":false},"featured_media":1283,"comment_status":"open","ping_status":"closed","template":"","meta":{"site-sidebar-layout":"default","site-content-layout":"default","ast-global-header-display":"","ast-main-header-display":"","ast-hfb-above-header-display":"","ast-hfb-below-header-display":"","ast-hfb-mobile-header-display":"","site-post-title":"disabled","ast-breadcrumbs-content":"","ast-featured-img":"","footer-sml-layout":"","theme-transparent-header-meta":"default","adv-header-id-meta":"","stick-header-meta":"","header-above-stick-meta":"","header-main-stick-meta":"","header-below-stick-meta":""},"product_brand":[],"product_cat":[63,19],"product_tag":[],"class_list":{"0":"post-1282","1":"product","2":"type-product","3":"status-publish","4":"has-post-thumbnail","6":"product_cat-resistencias-ceramicas-infravermelhas","7":"product_cat-resistencias","9":"first","10":"instock","11":"shipping-taxable","12":"product-type-simple"},"_links":{"self":[{"href":"https:\/\/www.heatecx.com\/pt\/wp-json\/wp\/v2\/product\/1282","targetHints":{"allow":["GET"]}}],"collection":[{"href":"https:\/\/www.heatecx.com\/pt\/wp-json\/wp\/v2\/product"}],"about":[{"href":"https:\/\/www.heatecx.com\/pt\/wp-json\/wp\/v2\/types\/product"}],"replies":[{"embeddable":true,"href":"https:\/\/www.heatecx.com\/pt\/wp-json\/wp\/v2\/comments?post=1282"}],"wp:featuredmedia":[{"embeddable":true,"href":"https:\/\/www.heatecx.com\/pt\/wp-json\/wp\/v2\/media\/1283"}],"wp:attachment":[{"href":"https:\/\/www.heatecx.com\/pt\/wp-json\/wp\/v2\/media?parent=1282"}],"wp:term":[{"taxonomy":"product_brand","embeddable":true,"href":"https:\/\/www.heatecx.com\/pt\/wp-json\/wp\/v2\/product_brand?post=1282"},{"taxonomy":"product_cat","embeddable":true,"href":"https:\/\/www.heatecx.com\/pt\/wp-json\/wp\/v2\/product_cat?post=1282"},{"taxonomy":"product_tag","embeddable":true,"href":"https:\/\/www.heatecx.com\/pt\/wp-json\/wp\/v2\/product_tag?post=1282"}],"curies":[{"name":"wp","href":"https:\/\/api.w.org\/{rel}","templated":true}]}}