{"id":1284,"date":"2026-04-08T04:06:33","date_gmt":"2026-04-08T04:06:33","guid":{"rendered":"https:\/\/www.heatecx.com\/pt\/?post_type=product&#038;p=1284"},"modified":"2026-04-08T04:06:33","modified_gmt":"2026-04-08T04:06:33","slug":"mantas-termicas-de-isolamento-industrial","status":"publish","type":"product","link":"https:\/\/www.heatecx.com\/pt\/producto\/mantas-termicas-de-isolamento-industrial\/","title":{"rendered":"Mantas T\u00e9rmicas de Isolamento Industrial"},"content":{"rendered":"<p>As mantas t\u00e9rmicas de isolamento, tamb\u00e9m conhecidas no setor como cobertores t\u00e9rmicos ou <em>jackets<\/em>de isolamento, representam a evolu\u00e7\u00e3o do isolamento industrial tradicional. Este sistema de isolamento t\u00e9rmico desmont\u00e1vel foi especificamente concebido para otimizar processos t\u00e9rmicos em ambientes de alta exig\u00eancia, onde a manuten\u00e7\u00e3o preventiva e a inspe\u00e7\u00e3o frequente de componentes s\u00e3o cr\u00edticas para a operacionalidade da f\u00e1brica. No contexto atual de otimiza\u00e7\u00e3o de recursos, as nossas mantas t\u00e9rmicas posicionam-se como uma ferramenta indispens\u00e1vel para a efici\u00eancia energ\u00e9tica industrial. Ao reduzir drasticamente a perda de calor em pontos cr\u00edticos como v\u00e1lvulas, flanges e <strong>resistencias<\/strong>\u200b de banda, estas solu\u00e7\u00f5es permitem um controlo preciso da temperatura do processo, melhorando a qualidade do produto final e reduzindo o desgaste dos sistemas de aquecimento. \u00c9 um investimento de alto impacto que n\u00e3o s\u00f3 protege a integridade da maquinaria, como tamb\u00e9m garante um ambiente de trabalho seguro ao reduzir a temperatura superficial dos equipamentos, cumprindo as normativas mais rigorosas de seguran\u00e7a laboral e preven\u00e7\u00e3o de riscos.<\/p>\n","protected":false},"excerpt":{"rendered":"<p>As mantas t\u00e9rmicas de isolamento, tamb\u00e9m conhecidas no setor como cobertores t\u00e9rmicos ou <em>jackets<\/em>de isolamento, representam a evolu\u00e7\u00e3o do isolamento industrial tradicional. Este sistema de isolamento t\u00e9rmico desmont\u00e1vel foi especificamente concebido para otimizar processos t\u00e9rmicos em ambientes de alta exig\u00eancia, onde a manuten\u00e7\u00e3o preventiva e a inspe\u00e7\u00e3o frequente de componentes s\u00e3o cr\u00edticas para a operacionalidade da f\u00e1brica. No contexto atual de otimiza\u00e7\u00e3o de recursos, as nossas mantas t\u00e9rmicas posicionam-se como uma ferramenta indispens\u00e1vel para a efici\u00eancia energ\u00e9tica industrial. Ao reduzir drasticamente a perda de calor em pontos cr\u00edticos como v\u00e1lvulas, flanges e <strong>resistencias<\/strong>\u200b de banda, estas solu\u00e7\u00f5es permitem um controlo preciso da temperatura do processo, melhorando a qualidade do produto final e reduzindo o desgaste dos sistemas de aquecimento. \u00c9 um investimento de alto impacto que n\u00e3o s\u00f3 protege a integridade da maquinaria, como tamb\u00e9m garante um ambiente de trabalho seguro ao reduzir a temperatura superficial dos equipamentos, cumprindo as normativas mais rigorosas de seguran\u00e7a laboral e preven\u00e7\u00e3o de riscos.<\/p>\n","protected":false},"featured_media":1285,"comment_status":"open","ping_status":"closed","template":"","meta":{"site-sidebar-layout":"default","site-content-layout":"default","ast-global-header-display":"","ast-main-header-display":"","ast-hfb-above-header-display":"","ast-hfb-below-header-display":"","ast-hfb-mobile-header-display":"","site-post-title":"disabled","ast-breadcrumbs-content":"","ast-featured-img":"","footer-sml-layout":"","theme-transparent-header-meta":"default","adv-header-id-meta":"","stick-header-meta":"","header-above-stick-meta":"","header-main-stick-meta":"","header-below-stick-meta":""},"product_brand":[],"product_cat":[52,19],"product_tag":[],"class_list":{"0":"post-1284","1":"product","2":"type-product","3":"status-publish","4":"has-post-thumbnail","6":"product_cat-mantas-e-cintas-aquecedoras","7":"product_cat-resistencias","9":"first","10":"instock","11":"shipping-taxable","12":"product-type-simple"},"_links":{"self":[{"href":"https:\/\/www.heatecx.com\/pt\/wp-json\/wp\/v2\/product\/1284","targetHints":{"allow":["GET"]}}],"collection":[{"href":"https:\/\/www.heatecx.com\/pt\/wp-json\/wp\/v2\/product"}],"about":[{"href":"https:\/\/www.heatecx.com\/pt\/wp-json\/wp\/v2\/types\/product"}],"replies":[{"embeddable":true,"href":"https:\/\/www.heatecx.com\/pt\/wp-json\/wp\/v2\/comments?post=1284"}],"wp:featuredmedia":[{"embeddable":true,"href":"https:\/\/www.heatecx.com\/pt\/wp-json\/wp\/v2\/media\/1285"}],"wp:attachment":[{"href":"https:\/\/www.heatecx.com\/pt\/wp-json\/wp\/v2\/media?parent=1284"}],"wp:term":[{"taxonomy":"product_brand","embeddable":true,"href":"https:\/\/www.heatecx.com\/pt\/wp-json\/wp\/v2\/product_brand?post=1284"},{"taxonomy":"product_cat","embeddable":true,"href":"https:\/\/www.heatecx.com\/pt\/wp-json\/wp\/v2\/product_cat?post=1284"},{"taxonomy":"product_tag","embeddable":true,"href":"https:\/\/www.heatecx.com\/pt\/wp-json\/wp\/v2\/product_tag?post=1284"}],"curies":[{"name":"wp","href":"https:\/\/api.w.org\/{rel}","templated":true}]}}