{"id":1286,"date":"2026-04-08T04:18:57","date_gmt":"2026-04-08T04:18:57","guid":{"rendered":"https:\/\/www.heatecx.com\/pt\/?post_type=product&#038;p=1286"},"modified":"2026-04-08T04:18:57","modified_gmt":"2026-04-08T04:18:57","slug":"fitas-de-aco-inoxidavel-de-alta-resistencia","status":"publish","type":"product","link":"https:\/\/www.heatecx.com\/pt\/producto\/fitas-de-aco-inoxidavel-de-alta-resistencia\/","title":{"rendered":"Fitas de A\u00e7o Inoxid\u00e1vel de Alta Resist\u00eancia"},"content":{"rendered":"<p>As fitas de a\u00e7o inoxid\u00e1vel s\u00e3o tiras met\u00e1licas finas laminadas a frio, meticulosamente concebidas para desempenhar fun\u00e7\u00f5es cr\u00edticas de fixa\u00e7\u00e3o, agrupamento e estabiliza\u00e7\u00e3o de cargas pesadas ou de alto valor numa diversidade de ambientes industriais. Estas fitas industriais distinguem-se fundamentalmente pela sua excecional resist\u00eancia \u00e0 corros\u00e3o, uma caracter\u00edstica inerente ao a\u00e7o inoxid\u00e1vel, que lhes permite operar eficientemente em ambientes agressivos sem degrada\u00e7\u00e3o. A sua capacidade para suportar tens\u00f5es extremas sem ceder posiciona-as como uma solu\u00e7\u00e3o superior e mais fi\u00e1vel em compara\u00e7\u00e3o com alternativas como fitas de pl\u00e1stico ou poli\u00e9ster, garantindo uma seguran\u00e7a e durabilidade inigual\u00e1veis em aplica\u00e7\u00f5es de fixa\u00e7\u00e3o e embalagem industrial.<\/p>\n","protected":false},"excerpt":{"rendered":"<p>As fitas de a\u00e7o inoxid\u00e1vel s\u00e3o tiras met\u00e1licas finas laminadas a frio, meticulosamente concebidas para desempenhar fun\u00e7\u00f5es cr\u00edticas de fixa\u00e7\u00e3o, agrupamento e estabiliza\u00e7\u00e3o de cargas pesadas ou de alto valor numa diversidade de ambientes industriais. Estas fitas industriais distinguem-se fundamentalmente pela sua excecional resist\u00eancia \u00e0 corros\u00e3o, uma caracter\u00edstica inerente ao a\u00e7o inoxid\u00e1vel, que lhes permite operar eficientemente em ambientes agressivos sem degrada\u00e7\u00e3o. A sua capacidade para suportar tens\u00f5es extremas sem ceder posiciona-as como uma solu\u00e7\u00e3o superior e mais fi\u00e1vel em compara\u00e7\u00e3o com alternativas como fitas de pl\u00e1stico ou poli\u00e9ster, garantindo uma seguran\u00e7a e durabilidade inigual\u00e1veis em aplica\u00e7\u00f5es de fixa\u00e7\u00e3o e embalagem industrial.<\/p>\n","protected":false},"featured_media":1287,"comment_status":"open","ping_status":"closed","template":"","meta":{"site-sidebar-layout":"default","site-content-layout":"default","ast-global-header-display":"","ast-main-header-display":"","ast-hfb-above-header-display":"","ast-hfb-below-header-display":"","ast-hfb-mobile-header-display":"","site-post-title":"disabled","ast-breadcrumbs-content":"","ast-featured-img":"","footer-sml-layout":"","theme-transparent-header-meta":"default","adv-header-id-meta":"","stick-header-meta":"","header-above-stick-meta":"","header-main-stick-meta":"","header-below-stick-meta":""},"product_brand":[],"product_cat":[56,18],"product_tag":[],"class_list":{"0":"post-1286","1":"product","2":"type-product","3":"status-publish","4":"has-post-thumbnail","6":"product_cat-materias-primas-metalicas","7":"product_cat-materias-primas","9":"first","10":"instock","11":"shipping-taxable","12":"product-type-simple"},"_links":{"self":[{"href":"https:\/\/www.heatecx.com\/pt\/wp-json\/wp\/v2\/product\/1286","targetHints":{"allow":["GET"]}}],"collection":[{"href":"https:\/\/www.heatecx.com\/pt\/wp-json\/wp\/v2\/product"}],"about":[{"href":"https:\/\/www.heatecx.com\/pt\/wp-json\/wp\/v2\/types\/product"}],"replies":[{"embeddable":true,"href":"https:\/\/www.heatecx.com\/pt\/wp-json\/wp\/v2\/comments?post=1286"}],"wp:featuredmedia":[{"embeddable":true,"href":"https:\/\/www.heatecx.com\/pt\/wp-json\/wp\/v2\/media\/1287"}],"wp:attachment":[{"href":"https:\/\/www.heatecx.com\/pt\/wp-json\/wp\/v2\/media?parent=1286"}],"wp:term":[{"taxonomy":"product_brand","embeddable":true,"href":"https:\/\/www.heatecx.com\/pt\/wp-json\/wp\/v2\/product_brand?post=1286"},{"taxonomy":"product_cat","embeddable":true,"href":"https:\/\/www.heatecx.com\/pt\/wp-json\/wp\/v2\/product_cat?post=1286"},{"taxonomy":"product_tag","embeddable":true,"href":"https:\/\/www.heatecx.com\/pt\/wp-json\/wp\/v2\/product_tag?post=1286"}],"curies":[{"name":"wp","href":"https:\/\/api.w.org\/{rel}","templated":true}]}}