{"id":1288,"date":"2026-04-08T04:32:32","date_gmt":"2026-04-08T04:32:32","guid":{"rendered":"https:\/\/www.heatecx.com\/pt\/?post_type=product&#038;p=1288"},"modified":"2026-04-08T04:32:32","modified_gmt":"2026-04-08T04:32:32","slug":"fundas-metalicas-para-alta-temperatura","status":"publish","type":"product","link":"https:\/\/www.heatecx.com\/pt\/producto\/fundas-metalicas-para-alta-temperatura\/","title":{"rendered":"Fundas Met\u00e1licas para Alta Temperatura"},"content":{"rendered":"<p>As fundas met\u00e1licas para <strong>resistencias<\/strong>\u200b s\u00e3o componentes de engenharia concebidos especificamente para salvaguardar a integridade mec\u00e2nica e el\u00e9trica da uni\u00e3o entre o elemento aquecedor e os seus condutores de alimenta\u00e7\u00e3o. Fabricadas com materiais de alta resist\u00eancia, como o a\u00e7o inoxid\u00e1vel, estas prote\u00e7\u00f5es atuam como uma barreira f\u00edsica contra o desgaste por abras\u00e3o, os impactos e a tens\u00e3o mec\u00e2nica. A sua fun\u00e7\u00e3o principal \u00e9 refor\u00e7ar o ponto mais cr\u00edtico de falha nas <strong>resistencias<\/strong>\u200b de cartucho de alta carga, onde o isolamento do cabo (comumente de silicone ou fibra de vidro) \u00e9 suscet\u00edvel a danos por atrito ou flex\u00e3o excessiva. Estas carca\u00e7as protetoras de <strong>resistencias<\/strong>\u200b s\u00e3o cruciais para manter a fiabilidade em ambientes industriais exigentes.<\/p>\n","protected":false},"excerpt":{"rendered":"<p>As fundas met\u00e1licas para <strong>resistencias<\/strong>\u200b s\u00e3o componentes de engenharia concebidos especificamente para salvaguardar a integridade mec\u00e2nica e el\u00e9trica da uni\u00e3o entre o elemento aquecedor e os seus condutores de alimenta\u00e7\u00e3o. Fabricadas com materiais de alta resist\u00eancia, como o a\u00e7o inoxid\u00e1vel, estas prote\u00e7\u00f5es atuam como uma barreira f\u00edsica contra o desgaste por abras\u00e3o, os impactos e a tens\u00e3o mec\u00e2nica. A sua fun\u00e7\u00e3o principal \u00e9 refor\u00e7ar o ponto mais cr\u00edtico de falha nas <strong>resistencias<\/strong>\u200b de cartucho de alta carga, onde o isolamento do cabo (comumente de silicone ou fibra de vidro) \u00e9 suscet\u00edvel a danos por atrito ou flex\u00e3o excessiva. Estas carca\u00e7as protetoras de <strong>resistencias<\/strong>\u200b s\u00e3o cruciais para manter a fiabilidade em ambientes industriais exigentes.<\/p>\n","protected":false},"featured_media":1289,"comment_status":"open","ping_status":"closed","template":"","meta":{"site-sidebar-layout":"default","site-content-layout":"default","ast-global-header-display":"","ast-main-header-display":"","ast-hfb-above-header-display":"","ast-hfb-below-header-display":"","ast-hfb-mobile-header-display":"","site-post-title":"disabled","ast-breadcrumbs-content":"","ast-featured-img":"","footer-sml-layout":"","theme-transparent-header-meta":"default","adv-header-id-meta":"","stick-header-meta":"","header-above-stick-meta":"","header-main-stick-meta":"","header-below-stick-meta":""},"product_brand":[],"product_cat":[54,18],"product_tag":[],"class_list":{"0":"post-1288","1":"product","2":"type-product","3":"status-publish","4":"has-post-thumbnail","6":"product_cat-espaguetes-de-alta-temperatura","7":"product_cat-materias-primas","9":"first","10":"instock","11":"shipping-taxable","12":"product-type-simple"},"_links":{"self":[{"href":"https:\/\/www.heatecx.com\/pt\/wp-json\/wp\/v2\/product\/1288","targetHints":{"allow":["GET"]}}],"collection":[{"href":"https:\/\/www.heatecx.com\/pt\/wp-json\/wp\/v2\/product"}],"about":[{"href":"https:\/\/www.heatecx.com\/pt\/wp-json\/wp\/v2\/types\/product"}],"replies":[{"embeddable":true,"href":"https:\/\/www.heatecx.com\/pt\/wp-json\/wp\/v2\/comments?post=1288"}],"wp:featuredmedia":[{"embeddable":true,"href":"https:\/\/www.heatecx.com\/pt\/wp-json\/wp\/v2\/media\/1289"}],"wp:attachment":[{"href":"https:\/\/www.heatecx.com\/pt\/wp-json\/wp\/v2\/media?parent=1288"}],"wp:term":[{"taxonomy":"product_brand","embeddable":true,"href":"https:\/\/www.heatecx.com\/pt\/wp-json\/wp\/v2\/product_brand?post=1288"},{"taxonomy":"product_cat","embeddable":true,"href":"https:\/\/www.heatecx.com\/pt\/wp-json\/wp\/v2\/product_cat?post=1288"},{"taxonomy":"product_tag","embeddable":true,"href":"https:\/\/www.heatecx.com\/pt\/wp-json\/wp\/v2\/product_tag?post=1288"}],"curies":[{"name":"wp","href":"https:\/\/api.w.org\/{rel}","templated":true}]}}