{"id":1290,"date":"2026-04-08T04:43:27","date_gmt":"2026-04-08T04:43:27","guid":{"rendered":"https:\/\/www.heatecx.com\/pt\/?post_type=product&#038;p=1290"},"modified":"2026-04-08T04:43:28","modified_gmt":"2026-04-08T04:43:28","slug":"maquina-de-limpieza-ultrasonica-industrial-de-alta-frecuencia","status":"publish","type":"product","link":"https:\/\/www.heatecx.com\/pt\/producto\/maquina-de-limpieza-ultrasonica-industrial-de-alta-frecuencia\/","title":{"rendered":"M\u00e1quina de Limpieza Ultras\u00f3nica Industrial de Alta Frecuencia"},"content":{"rendered":"<p>A M\u00e1quina de Limpieza Ultras\u00f3nica Industrial de Alta Frequ\u00eancia S\u00e9rie XG60 \u00e9 um limpiador ultras\u00f3nico industrial de vanguarda, concebida especificamente para a limpeza profunda e eficiente de uma ampla gama de componentes e materiais. Este equipamento de lavagem ultras\u00f3nica opera mediante o princ\u00edpio da cavita\u00e7\u00e3o, um fen\u00f3meno que se produz quando as ondas ultras\u00f3nicas de alta frequ\u00eancia geram in\u00fameras microbolhas no l\u00edquido de limpeza. Estas bolhas implodem violentamente ao entrarem em contacto com a superf\u00edcie dos objetos, criando microjatos de energia que desprendem eficazmente a sujidade, o \u00f3leo, a graxa, a ferrugem e outros contaminantes aderidos. \u00c9 uma cuba de ultrasons robusta e um tanque de limpeza por ultrasons ideal para ambientes industriais exigentes, garantindo resultados de limpeza superiores sem danificar as pe\u00e7as.<\/p>\n","protected":false},"excerpt":{"rendered":"<p>A M\u00e1quina de Limpieza Ultras\u00f3nica Industrial de Alta Frequ\u00eancia S\u00e9rie XG60 \u00e9 um limpiador ultras\u00f3nico industrial de vanguarda, concebida especificamente para a limpeza profunda e eficiente de uma ampla gama de componentes e materiais. Este equipamento de lavagem ultras\u00f3nica opera mediante o princ\u00edpio da cavita\u00e7\u00e3o, um fen\u00f3meno que se produz quando as ondas ultras\u00f3nicas de alta frequ\u00eancia geram in\u00fameras microbolhas no l\u00edquido de limpeza. Estas bolhas implodem violentamente ao entrarem em contacto com a superf\u00edcie dos objetos, criando microjatos de energia que desprendem eficazmente a sujidade, o \u00f3leo, a graxa, a ferrugem e outros contaminantes aderidos. \u00c9 uma cuba de ultrasons robusta e um tanque de limpeza por ultrasons ideal para ambientes industriais exigentes, garantindo resultados de limpeza superiores sem danificar as pe\u00e7as.<\/p>\n","protected":false},"featured_media":1291,"comment_status":"open","ping_status":"closed","template":"","meta":{"site-sidebar-layout":"default","site-content-layout":"default","ast-global-header-display":"","ast-main-header-display":"","ast-hfb-above-header-display":"","ast-hfb-below-header-display":"","ast-hfb-mobile-header-display":"","site-post-title":"disabled","ast-breadcrumbs-content":"","ast-featured-img":"","footer-sml-layout":"","theme-transparent-header-meta":"default","adv-header-id-meta":"","stick-header-meta":"","header-above-stick-meta":"","header-main-stick-meta":"","header-below-stick-meta":""},"product_brand":[],"product_cat":[50,17],"product_tag":[],"class_list":{"0":"post-1290","1":"product","2":"type-product","3":"status-publish","4":"has-post-thumbnail","6":"product_cat-maquinas-de-rebarbacao","7":"product_cat-maquinas","9":"first","10":"instock","11":"shipping-taxable","12":"product-type-simple"},"_links":{"self":[{"href":"https:\/\/www.heatecx.com\/pt\/wp-json\/wp\/v2\/product\/1290","targetHints":{"allow":["GET"]}}],"collection":[{"href":"https:\/\/www.heatecx.com\/pt\/wp-json\/wp\/v2\/product"}],"about":[{"href":"https:\/\/www.heatecx.com\/pt\/wp-json\/wp\/v2\/types\/product"}],"replies":[{"embeddable":true,"href":"https:\/\/www.heatecx.com\/pt\/wp-json\/wp\/v2\/comments?post=1290"}],"wp:featuredmedia":[{"embeddable":true,"href":"https:\/\/www.heatecx.com\/pt\/wp-json\/wp\/v2\/media\/1291"}],"wp:attachment":[{"href":"https:\/\/www.heatecx.com\/pt\/wp-json\/wp\/v2\/media?parent=1290"}],"wp:term":[{"taxonomy":"product_brand","embeddable":true,"href":"https:\/\/www.heatecx.com\/pt\/wp-json\/wp\/v2\/product_brand?post=1290"},{"taxonomy":"product_cat","embeddable":true,"href":"https:\/\/www.heatecx.com\/pt\/wp-json\/wp\/v2\/product_cat?post=1290"},{"taxonomy":"product_tag","embeddable":true,"href":"https:\/\/www.heatecx.com\/pt\/wp-json\/wp\/v2\/product_tag?post=1290"}],"curies":[{"name":"wp","href":"https:\/\/api.w.org\/{rel}","templated":true}]}}