{"id":1339,"date":"2026-04-16T03:01:13","date_gmt":"2026-04-16T03:01:13","guid":{"rendered":"https:\/\/www.heatecx.com\/pt\/?post_type=product&#038;p=1339"},"modified":"2026-04-16T13:19:33","modified_gmt":"2026-04-16T13:19:33","slug":"fita-de-aquecimento-eletrico-de-fibra-de-vidro-tipo-abbdc","status":"publish","type":"product","link":"https:\/\/www.heatecx.com\/pt\/producto\/fita-de-aquecimento-eletrico-de-fibra-de-vidro-tipo-abbdc\/","title":{"rendered":"Fita de Aquecimento El\u00e9trico de Fibra de Vidro Tipo ABBDC"},"content":{"rendered":"<p>A fita de aquecimento el\u00e9trico de fibra de vidro tipo ABBDC \u00a0\u00e9 um elemento de aquecimento flex\u00edvel, projetado especificamente para a rastreamento de calor e prote\u00e7\u00e3o contra congelamento de tubula\u00e7\u00f5es, tanques, vasos e outros recipientes em equipamentos industriais. Utiliza um elemento de aquecimento de liga de n\u00edquel-cromo e isolamento de fibra de vidro livre de \u00e1lcali multicamadas, caracterizando-se por aquecimento r\u00e1pido, instala\u00e7\u00e3o simples e opera\u00e7\u00e3o segura e confi\u00e1vel.<\/p>\n","protected":false},"excerpt":{"rendered":"<p>A fita de aquecimento el\u00e9trico de fibra de vidro tipo ABBDC \u00e9 um elemento de aquecimento flex\u00edvel, projetado especificamente para a rastreamento de calor e prote\u00e7\u00e3o contra congelamento de tubula\u00e7\u00f5es, tanques, vasos e outros recipientes em equipamentos industriais. Utiliza um elemento de aquecimento de liga de n\u00edquel-cromo e isolamento de fibra de vidro livre de \u00e1lcali multicamadas, caracterizando-se por aquecimento r\u00e1pido, instala\u00e7\u00e3o simples e opera\u00e7\u00e3o segura e confi\u00e1vel.<\/p>\n","protected":false},"featured_media":1340,"comment_status":"open","ping_status":"closed","template":"","meta":{"site-sidebar-layout":"default","site-content-layout":"default","ast-global-header-display":"","ast-main-header-display":"","ast-hfb-above-header-display":"","ast-hfb-below-header-display":"","ast-hfb-mobile-header-display":"","site-post-title":"disabled","ast-breadcrumbs-content":"","ast-featured-img":"","footer-sml-layout":"","theme-transparent-header-meta":"default","adv-header-id-meta":"","stick-header-meta":"","header-above-stick-meta":"","header-main-stick-meta":"","header-below-stick-meta":""},"product_brand":[],"product_cat":[48,19],"product_tag":[],"class_list":{"0":"post-1339","1":"product","2":"type-product","3":"status-publish","4":"has-post-thumbnail","6":"product_cat-tracado-eletrico","7":"product_cat-resistencias","9":"first","10":"instock","11":"shipping-taxable","12":"product-type-simple"},"_links":{"self":[{"href":"https:\/\/www.heatecx.com\/pt\/wp-json\/wp\/v2\/product\/1339","targetHints":{"allow":["GET"]}}],"collection":[{"href":"https:\/\/www.heatecx.com\/pt\/wp-json\/wp\/v2\/product"}],"about":[{"href":"https:\/\/www.heatecx.com\/pt\/wp-json\/wp\/v2\/types\/product"}],"replies":[{"embeddable":true,"href":"https:\/\/www.heatecx.com\/pt\/wp-json\/wp\/v2\/comments?post=1339"}],"wp:featuredmedia":[{"embeddable":true,"href":"https:\/\/www.heatecx.com\/pt\/wp-json\/wp\/v2\/media\/1340"}],"wp:attachment":[{"href":"https:\/\/www.heatecx.com\/pt\/wp-json\/wp\/v2\/media?parent=1339"}],"wp:term":[{"taxonomy":"product_brand","embeddable":true,"href":"https:\/\/www.heatecx.com\/pt\/wp-json\/wp\/v2\/product_brand?post=1339"},{"taxonomy":"product_cat","embeddable":true,"href":"https:\/\/www.heatecx.com\/pt\/wp-json\/wp\/v2\/product_cat?post=1339"},{"taxonomy":"product_tag","embeddable":true,"href":"https:\/\/www.heatecx.com\/pt\/wp-json\/wp\/v2\/product_tag?post=1339"}],"curies":[{"name":"wp","href":"https:\/\/api.w.org\/{rel}","templated":true}]}}