{"id":1341,"date":"2026-04-16T04:06:49","date_gmt":"2026-04-16T04:06:49","guid":{"rendered":"https:\/\/www.heatecx.com\/pt\/?post_type=product&#038;p=1341"},"modified":"2026-04-16T13:17:55","modified_gmt":"2026-04-16T13:17:55","slug":"serie-especial-de-tracado-termico-eletrico","status":"publish","type":"product","link":"https:\/\/www.heatecx.com\/pt\/producto\/serie-especial-de-tracado-termico-eletrico\/","title":{"rendered":"S\u00e9rie Especial de Tra\u00e7ado T\u00e9rmico El\u00e9trico"},"content":{"rendered":"<p>A s\u00e9rie ABRDC-G de tra\u00e7ado t\u00e9rmico el\u00e9trico de silicone oferece excelente desempenho \u00e0 prova d&#8217;\u00e1gua e flexibilidade, sendo ideal para aquecimento, conserva\u00e7\u00e3o de calor e anti-congelamento em v\u00e1rias aplica\u00e7\u00f5es industriais e laboratoriais. Sua natureza macia e flex\u00edvel permite o enrolamento direto sobre as superf\u00edcies a serem aquecidas, fornecendo solu\u00e7\u00f5es t\u00e9rmicas eficientes e confi\u00e1veis.<\/p>\n","protected":false},"excerpt":{"rendered":"<p>A s\u00e9rie ABRDC-G de tra\u00e7ado t\u00e9rmico el\u00e9trico de silicone oferece excelente desempenho \u00e0 prova d&#8217;\u00e1gua e flexibilidade, sendo ideal para aquecimento, conserva\u00e7\u00e3o de calor e anti-congelamento em v\u00e1rias aplica\u00e7\u00f5es industriais e laboratoriais. Sua natureza macia e flex\u00edvel permite o enrolamento direto sobre as superf\u00edcies a serem aquecidas, fornecendo solu\u00e7\u00f5es t\u00e9rmicas eficientes e confi\u00e1veis.<\/p>\n","protected":false},"featured_media":1348,"comment_status":"open","ping_status":"closed","template":"","meta":{"site-sidebar-layout":"default","site-content-layout":"default","ast-global-header-display":"","ast-main-header-display":"","ast-hfb-above-header-display":"","ast-hfb-below-header-display":"","ast-hfb-mobile-header-display":"","site-post-title":"disabled","ast-breadcrumbs-content":"","ast-featured-img":"","footer-sml-layout":"","theme-transparent-header-meta":"default","adv-header-id-meta":"","stick-header-meta":"","header-above-stick-meta":"","header-main-stick-meta":"","header-below-stick-meta":""},"product_brand":[],"product_cat":[48,19],"product_tag":[],"class_list":{"0":"post-1341","1":"product","2":"type-product","3":"status-publish","4":"has-post-thumbnail","6":"product_cat-tracado-eletrico","7":"product_cat-resistencias","9":"first","10":"instock","11":"shipping-taxable","12":"product-type-simple"},"_links":{"self":[{"href":"https:\/\/www.heatecx.com\/pt\/wp-json\/wp\/v2\/product\/1341","targetHints":{"allow":["GET"]}}],"collection":[{"href":"https:\/\/www.heatecx.com\/pt\/wp-json\/wp\/v2\/product"}],"about":[{"href":"https:\/\/www.heatecx.com\/pt\/wp-json\/wp\/v2\/types\/product"}],"replies":[{"embeddable":true,"href":"https:\/\/www.heatecx.com\/pt\/wp-json\/wp\/v2\/comments?post=1341"}],"wp:featuredmedia":[{"embeddable":true,"href":"https:\/\/www.heatecx.com\/pt\/wp-json\/wp\/v2\/media\/1348"}],"wp:attachment":[{"href":"https:\/\/www.heatecx.com\/pt\/wp-json\/wp\/v2\/media?parent=1341"}],"wp:term":[{"taxonomy":"product_brand","embeddable":true,"href":"https:\/\/www.heatecx.com\/pt\/wp-json\/wp\/v2\/product_brand?post=1341"},{"taxonomy":"product_cat","embeddable":true,"href":"https:\/\/www.heatecx.com\/pt\/wp-json\/wp\/v2\/product_cat?post=1341"},{"taxonomy":"product_tag","embeddable":true,"href":"https:\/\/www.heatecx.com\/pt\/wp-json\/wp\/v2\/product_tag?post=1341"}],"curies":[{"name":"wp","href":"https:\/\/api.w.org\/{rel}","templated":true}]}}