{"id":1350,"date":"2026-04-16T07:34:15","date_gmt":"2026-04-16T07:34:15","guid":{"rendered":"https:\/\/www.heatecx.com\/pt\/?post_type=product&#038;p=1350"},"modified":"2026-04-16T13:15:20","modified_gmt":"2026-04-16T13:15:20","slug":"quadro-de-distribuicao-a-prova-de-explosao-bxm","status":"publish","type":"product","link":"https:\/\/www.heatecx.com\/pt\/producto\/quadro-de-distribuicao-a-prova-de-explosao-bxm\/","title":{"rendered":"Quadro de Distribui\u00e7\u00e3o \u00e0 Prova de Explos\u00e3o BXM"},"content":{"rendered":"<p>O Quadro de Distribui\u00e7\u00e3o \u00e0 Prova de Explos\u00e3o BXM \u00e9 um equipamento padr\u00e3o de distribui\u00e7\u00e3o el\u00e9trica \u00e0 prova de explos\u00e3o, projetado especificamente para sistemas de rastreamento de calor el\u00e9trico. Possui uma carca\u00e7a robusta de liga de alum\u00ednio, oferece prote\u00e7\u00f5es m\u00faltiplas contra sobrecarga, curto-circuito e fuga \u00e0 terra, e pode alcan\u00e7ar controle autom\u00e1tico por meio de um termostato. \u00c9 o componente central que fornece uma solu\u00e7\u00e3o de distribui\u00e7\u00e3o de energia segura e confi\u00e1vel para produtos de rastreamento de calor em \u00e1reas perigosas inflam\u00e1veis e explosivas.<\/p>\n","protected":false},"excerpt":{"rendered":"<p>O Quadro de Distribui\u00e7\u00e3o \u00e0 Prova de Explos\u00e3o BXM \u00e9 um equipamento padr\u00e3o de distribui\u00e7\u00e3o el\u00e9trica \u00e0 prova de explos\u00e3o, projetado especificamente para sistemas de rastreamento de calor el\u00e9trico. Possui uma carca\u00e7a robusta de liga de alum\u00ednio, oferece prote\u00e7\u00f5es m\u00faltiplas contra sobrecarga, curto-circuito e fuga \u00e0 terra, e pode alcan\u00e7ar controle autom\u00e1tico por meio de um termostato. \u00c9 o componente central que fornece uma solu\u00e7\u00e3o de distribui\u00e7\u00e3o de energia segura e confi\u00e1vel para produtos de rastreamento de calor em \u00e1reas perigosas inflam\u00e1veis e explosivas.<\/p>\n","protected":false},"featured_media":1353,"comment_status":"open","ping_status":"closed","template":"","meta":{"site-sidebar-layout":"default","site-content-layout":"default","ast-global-header-display":"","ast-main-header-display":"","ast-hfb-above-header-display":"","ast-hfb-below-header-display":"","ast-hfb-mobile-header-display":"","site-post-title":"disabled","ast-breadcrumbs-content":"","ast-featured-img":"","footer-sml-layout":"","theme-transparent-header-meta":"default","adv-header-id-meta":"","stick-header-meta":"","header-above-stick-meta":"","header-main-stick-meta":"","header-below-stick-meta":""},"product_brand":[],"product_cat":[48,19],"product_tag":[],"class_list":{"0":"post-1350","1":"product","2":"type-product","3":"status-publish","4":"has-post-thumbnail","6":"product_cat-tracado-eletrico","7":"product_cat-resistencias","9":"first","10":"instock","11":"shipping-taxable","12":"product-type-simple"},"_links":{"self":[{"href":"https:\/\/www.heatecx.com\/pt\/wp-json\/wp\/v2\/product\/1350","targetHints":{"allow":["GET"]}}],"collection":[{"href":"https:\/\/www.heatecx.com\/pt\/wp-json\/wp\/v2\/product"}],"about":[{"href":"https:\/\/www.heatecx.com\/pt\/wp-json\/wp\/v2\/types\/product"}],"replies":[{"embeddable":true,"href":"https:\/\/www.heatecx.com\/pt\/wp-json\/wp\/v2\/comments?post=1350"}],"wp:featuredmedia":[{"embeddable":true,"href":"https:\/\/www.heatecx.com\/pt\/wp-json\/wp\/v2\/media\/1353"}],"wp:attachment":[{"href":"https:\/\/www.heatecx.com\/pt\/wp-json\/wp\/v2\/media?parent=1350"}],"wp:term":[{"taxonomy":"product_brand","embeddable":true,"href":"https:\/\/www.heatecx.com\/pt\/wp-json\/wp\/v2\/product_brand?post=1350"},{"taxonomy":"product_cat","embeddable":true,"href":"https:\/\/www.heatecx.com\/pt\/wp-json\/wp\/v2\/product_cat?post=1350"},{"taxonomy":"product_tag","embeddable":true,"href":"https:\/\/www.heatecx.com\/pt\/wp-json\/wp\/v2\/product_tag?post=1350"}],"curies":[{"name":"wp","href":"https:\/\/api.w.org\/{rel}","templated":true}]}}