{"id":1356,"date":"2026-04-16T10:06:27","date_gmt":"2026-04-16T10:06:27","guid":{"rendered":"https:\/\/www.heatecx.com\/pt\/?post_type=product&#038;p=1356"},"modified":"2026-04-16T13:08:41","modified_gmt":"2026-04-16T13:08:41","slug":"caixa-de-juncao-a-prova-de-explosao-serie-bah-40","status":"publish","type":"product","link":"https:\/\/www.heatecx.com\/pt\/producto\/caixa-de-juncao-a-prova-de-explosao-serie-bah-40\/","title":{"rendered":"Caixa de Jun\u00e7\u00e3o \u00e0 Prova de Explos\u00e3o S\u00e9rie BAH-40"},"content":{"rendered":"<p>A caixa de jun\u00e7\u00e3o \u00e0 prova de explos\u00e3o da s\u00e9rie BAH-40 \u00e9 projetada especificamente para ambientes perigosos, como os das ind\u00fastrias de petr\u00f3leo e qu\u00edmica, fornecendo uma solu\u00e7\u00e3o segura e confi\u00e1vel para conex\u00e3o e ramifica\u00e7\u00e3o de cabos. Possui diversas especifica\u00e7\u00f5es e estruturas para atender a necessidades complexas de cabeamento.<\/p>\n","protected":false},"excerpt":{"rendered":"<p>A caixa de jun\u00e7\u00e3o \u00e0 prova de explos\u00e3o da s\u00e9rie BAH-40 \u00e9 projetada especificamente para ambientes perigosos, como os das ind\u00fastrias de petr\u00f3leo e qu\u00edmica, fornecendo uma solu\u00e7\u00e3o segura e confi\u00e1vel para conex\u00e3o e ramifica\u00e7\u00e3o de cabos. Possui diversas especifica\u00e7\u00f5es e estruturas para atender a necessidades complexas de cabeamento.<\/p>\n","protected":false},"featured_media":1361,"comment_status":"open","ping_status":"closed","template":"","meta":{"site-sidebar-layout":"default","site-content-layout":"default","ast-global-header-display":"","ast-main-header-display":"","ast-hfb-above-header-display":"","ast-hfb-below-header-display":"","ast-hfb-mobile-header-display":"","site-post-title":"disabled","ast-breadcrumbs-content":"","ast-featured-img":"","footer-sml-layout":"","theme-transparent-header-meta":"default","adv-header-id-meta":"","stick-header-meta":"","header-above-stick-meta":"","header-main-stick-meta":"","header-below-stick-meta":""},"product_brand":[],"product_cat":[48,19],"product_tag":[],"class_list":{"0":"post-1356","1":"product","2":"type-product","3":"status-publish","4":"has-post-thumbnail","6":"product_cat-tracado-eletrico","7":"product_cat-resistencias","9":"first","10":"instock","11":"shipping-taxable","12":"product-type-simple"},"_links":{"self":[{"href":"https:\/\/www.heatecx.com\/pt\/wp-json\/wp\/v2\/product\/1356","targetHints":{"allow":["GET"]}}],"collection":[{"href":"https:\/\/www.heatecx.com\/pt\/wp-json\/wp\/v2\/product"}],"about":[{"href":"https:\/\/www.heatecx.com\/pt\/wp-json\/wp\/v2\/types\/product"}],"replies":[{"embeddable":true,"href":"https:\/\/www.heatecx.com\/pt\/wp-json\/wp\/v2\/comments?post=1356"}],"wp:featuredmedia":[{"embeddable":true,"href":"https:\/\/www.heatecx.com\/pt\/wp-json\/wp\/v2\/media\/1361"}],"wp:attachment":[{"href":"https:\/\/www.heatecx.com\/pt\/wp-json\/wp\/v2\/media?parent=1356"}],"wp:term":[{"taxonomy":"product_brand","embeddable":true,"href":"https:\/\/www.heatecx.com\/pt\/wp-json\/wp\/v2\/product_brand?post=1356"},{"taxonomy":"product_cat","embeddable":true,"href":"https:\/\/www.heatecx.com\/pt\/wp-json\/wp\/v2\/product_cat?post=1356"},{"taxonomy":"product_tag","embeddable":true,"href":"https:\/\/www.heatecx.com\/pt\/wp-json\/wp\/v2\/product_tag?post=1356"}],"curies":[{"name":"wp","href":"https:\/\/api.w.org\/{rel}","templated":true}]}}