{"id":1370,"date":"2026-04-17T01:50:33","date_gmt":"2026-04-17T01:50:33","guid":{"rendered":"https:\/\/www.heatecx.com\/pt\/?post_type=product&#038;p=1370"},"modified":"2026-04-17T01:50:33","modified_gmt":"2026-04-17T01:50:33","slug":"caixa-de-ligacao-a-prova-de-explosao-de-duas-vias-tipo-reto-fjh","status":"publish","type":"product","link":"https:\/\/www.heatecx.com\/pt\/producto\/caixa-de-ligacao-a-prova-de-explosao-de-duas-vias-tipo-reto-fjh\/","title":{"rendered":"Caixa de Liga\u00e7\u00e3o \u00e0 Prova de Explos\u00e3o de Duas Vias (Tipo Reto) FJH"},"content":{"rendered":"<p>A caixa de liga\u00e7\u00e3o \u00e0 prova de explos\u00e3o de duas vias tipo FJH \u00e9 projetada especificamente para estender sistemas de rastreamento de calor el\u00e9trico em \u00e1reas perigosas. Ela fornece uma conex\u00e3o segura \u00e0 prova de explos\u00e3o para estender o comprimento do cabo de aquecimento ou para conectar cabos de calor de diferentes pot\u00eancias na mesma linha de tubula\u00e7\u00e3o. \u00c9 um componente-chave para a instala\u00e7\u00e3o de rastreamento de calor el\u00e9trico em ambientes inflam\u00e1veis e explosivos.<\/p>\n","protected":false},"excerpt":{"rendered":"<p>A caixa de liga\u00e7\u00e3o \u00e0 prova de explos\u00e3o de duas vias tipo FJH \u00e9 projetada especificamente para estender sistemas de rastreamento de calor el\u00e9trico em \u00e1reas perigosas. Ela fornece uma conex\u00e3o segura \u00e0 prova de explos\u00e3o para estender o comprimento do cabo de aquecimento ou para conectar cabos de calor de diferentes pot\u00eancias na mesma linha de tubula\u00e7\u00e3o. \u00c9 um componente-chave para a instala\u00e7\u00e3o de rastreamento de calor el\u00e9trico em ambientes inflam\u00e1veis e explosivos.<\/p>\n","protected":false},"featured_media":1371,"comment_status":"open","ping_status":"closed","template":"","meta":{"site-sidebar-layout":"default","site-content-layout":"default","ast-global-header-display":"","ast-main-header-display":"","ast-hfb-above-header-display":"","ast-hfb-below-header-display":"","ast-hfb-mobile-header-display":"","site-post-title":"disabled","ast-breadcrumbs-content":"","ast-featured-img":"","footer-sml-layout":"","theme-transparent-header-meta":"default","adv-header-id-meta":"","stick-header-meta":"","header-above-stick-meta":"","header-main-stick-meta":"","header-below-stick-meta":""},"product_brand":[],"product_cat":[48,19],"product_tag":[],"class_list":{"0":"post-1370","1":"product","2":"type-product","3":"status-publish","4":"has-post-thumbnail","6":"product_cat-tracado-eletrico","7":"product_cat-resistencias","9":"first","10":"instock","11":"shipping-taxable","12":"product-type-simple"},"_links":{"self":[{"href":"https:\/\/www.heatecx.com\/pt\/wp-json\/wp\/v2\/product\/1370","targetHints":{"allow":["GET"]}}],"collection":[{"href":"https:\/\/www.heatecx.com\/pt\/wp-json\/wp\/v2\/product"}],"about":[{"href":"https:\/\/www.heatecx.com\/pt\/wp-json\/wp\/v2\/types\/product"}],"replies":[{"embeddable":true,"href":"https:\/\/www.heatecx.com\/pt\/wp-json\/wp\/v2\/comments?post=1370"}],"wp:featuredmedia":[{"embeddable":true,"href":"https:\/\/www.heatecx.com\/pt\/wp-json\/wp\/v2\/media\/1371"}],"wp:attachment":[{"href":"https:\/\/www.heatecx.com\/pt\/wp-json\/wp\/v2\/media?parent=1370"}],"wp:term":[{"taxonomy":"product_brand","embeddable":true,"href":"https:\/\/www.heatecx.com\/pt\/wp-json\/wp\/v2\/product_brand?post=1370"},{"taxonomy":"product_cat","embeddable":true,"href":"https:\/\/www.heatecx.com\/pt\/wp-json\/wp\/v2\/product_cat?post=1370"},{"taxonomy":"product_tag","embeddable":true,"href":"https:\/\/www.heatecx.com\/pt\/wp-json\/wp\/v2\/product_tag?post=1370"}],"curies":[{"name":"wp","href":"https:\/\/api.w.org\/{rel}","templated":true}]}}