{"id":1372,"date":"2026-04-17T02:33:33","date_gmt":"2026-04-17T02:33:33","guid":{"rendered":"https:\/\/www.heatecx.com\/pt\/?post_type=product&#038;p=1372"},"modified":"2026-04-17T02:33:33","modified_gmt":"2026-04-17T02:33:33","slug":"caixa-de-ligacao-a-prova-de-explosao-de-tres-vias-tipo-t-fth","status":"publish","type":"product","link":"https:\/\/www.heatecx.com\/pt\/producto\/caixa-de-ligacao-a-prova-de-explosao-de-tres-vias-tipo-t-fth\/","title":{"rendered":"Caixa de Liga\u00e7\u00e3o \u00e0 Prova de Explos\u00e3o de Tr\u00eas Vias (Tipo T) FTH"},"content":{"rendered":"<p>A caixa de liga\u00e7\u00e3o \u00e0 prova de explos\u00e3o de tr\u00eas vias (tipo T) FTH \u00e9 projetada especificamente para conex\u00f5es complexas em sistemas de rastreamento de calor el\u00e9trico em \u00e1reas perigosas. Ela fornece um n\u00f3 de conex\u00e3o seguro \u00e0 prova de explos\u00e3o, adequado para a conex\u00e3o e extens\u00e3o de cabos de aquecimento, bem como para o acoplamento de cabos de aquecimento de diferentes pot\u00eancias na mesma linha ou para lidar com condi\u00e7\u00f5es de trabalho complexas, como tubula\u00e7\u00f5es de tr\u00eas ramifica\u00e7\u00f5es.<\/p>\n","protected":false},"excerpt":{"rendered":"<p>A caixa de liga\u00e7\u00e3o \u00e0 prova de explos\u00e3o de tr\u00eas vias (tipo T) FTH \u00e9 projetada especificamente para conex\u00f5es complexas em sistemas de rastreamento de calor el\u00e9trico em \u00e1reas perigosas. Ela fornece um n\u00f3 de conex\u00e3o seguro \u00e0 prova de explos\u00e3o, adequado para a conex\u00e3o e extens\u00e3o de cabos de aquecimento, bem como para o acoplamento de cabos de aquecimento de diferentes pot\u00eancias na mesma linha ou para lidar com condi\u00e7\u00f5es de trabalho complexas, como tubula\u00e7\u00f5es de tr\u00eas ramifica\u00e7\u00f5es.<\/p>\n","protected":false},"featured_media":1373,"comment_status":"open","ping_status":"closed","template":"","meta":{"site-sidebar-layout":"default","site-content-layout":"default","ast-global-header-display":"","ast-main-header-display":"","ast-hfb-above-header-display":"","ast-hfb-below-header-display":"","ast-hfb-mobile-header-display":"","site-post-title":"disabled","ast-breadcrumbs-content":"","ast-featured-img":"","footer-sml-layout":"","theme-transparent-header-meta":"default","adv-header-id-meta":"","stick-header-meta":"","header-above-stick-meta":"","header-main-stick-meta":"","header-below-stick-meta":""},"product_brand":[],"product_cat":[48,19],"product_tag":[],"class_list":{"0":"post-1372","1":"product","2":"type-product","3":"status-publish","4":"has-post-thumbnail","6":"product_cat-tracado-eletrico","7":"product_cat-resistencias","9":"first","10":"instock","11":"shipping-taxable","12":"product-type-simple"},"_links":{"self":[{"href":"https:\/\/www.heatecx.com\/pt\/wp-json\/wp\/v2\/product\/1372","targetHints":{"allow":["GET"]}}],"collection":[{"href":"https:\/\/www.heatecx.com\/pt\/wp-json\/wp\/v2\/product"}],"about":[{"href":"https:\/\/www.heatecx.com\/pt\/wp-json\/wp\/v2\/types\/product"}],"replies":[{"embeddable":true,"href":"https:\/\/www.heatecx.com\/pt\/wp-json\/wp\/v2\/comments?post=1372"}],"wp:featuredmedia":[{"embeddable":true,"href":"https:\/\/www.heatecx.com\/pt\/wp-json\/wp\/v2\/media\/1373"}],"wp:attachment":[{"href":"https:\/\/www.heatecx.com\/pt\/wp-json\/wp\/v2\/media?parent=1372"}],"wp:term":[{"taxonomy":"product_brand","embeddable":true,"href":"https:\/\/www.heatecx.com\/pt\/wp-json\/wp\/v2\/product_brand?post=1372"},{"taxonomy":"product_cat","embeddable":true,"href":"https:\/\/www.heatecx.com\/pt\/wp-json\/wp\/v2\/product_cat?post=1372"},{"taxonomy":"product_tag","embeddable":true,"href":"https:\/\/www.heatecx.com\/pt\/wp-json\/wp\/v2\/product_tag?post=1372"}],"curies":[{"name":"wp","href":"https:\/\/api.w.org\/{rel}","templated":true}]}}