{"id":1374,"date":"2026-04-17T05:17:15","date_gmt":"2026-04-17T05:17:15","guid":{"rendered":"https:\/\/www.heatecx.com\/pt\/?post_type=product&#038;p=1374"},"modified":"2026-04-17T14:55:24","modified_gmt":"2026-04-17T14:55:24","slug":"caixa-de-ligacao-terminal-a-prova-de-explosao-tipo-fzh","status":"publish","type":"product","link":"https:\/\/www.heatecx.com\/pt\/producto\/caixa-de-ligacao-terminal-a-prova-de-explosao-tipo-fzh\/","title":{"rendered":"Caixa de Liga\u00e7\u00e3o Terminal \u00e0 Prova de Explos\u00e3o Tipo FZH"},"content":{"rendered":"<p>A caixa de liga\u00e7\u00e3o terminal \u00e0 prova de explos\u00e3o tipo FZH \u00e9 projetada especificamente para a veda\u00e7\u00e3o terminal segura de sistemas de rastreamento de calor el\u00e9trico. Ela isola de forma confi\u00e1vel a extremidade do cabo de aquecimento, fornece prote\u00e7\u00e3o contra explos\u00f5es e \u00e9 adequada para \u00e1reas perigosas em ind\u00fastrias como petr\u00f3leo e qu\u00edmica. Serve como a garantia de ponto final para a opera\u00e7\u00e3o segura de circuitos de rastreamento de calor.<\/p>\n","protected":false},"excerpt":{"rendered":"<p>A caixa de liga\u00e7\u00e3o terminal \u00e0 prova de explos\u00e3o tipo FZH \u00e9 projetada especificamente para a veda\u00e7\u00e3o terminal segura de sistemas de rastreamento de calor el\u00e9trico. Ela isola de forma confi\u00e1vel a extremidade do cabo de aquecimento, fornece prote\u00e7\u00e3o contra explos\u00f5es e \u00e9 adequada para \u00e1reas perigosas em ind\u00fastrias como petr\u00f3leo e qu\u00edmica. Serve como a garantia de ponto final para a opera\u00e7\u00e3o segura de circuitos de rastreamento de calor.<\/p>\n","protected":false},"featured_media":1375,"comment_status":"open","ping_status":"closed","template":"","meta":{"site-sidebar-layout":"default","site-content-layout":"default","ast-global-header-display":"","ast-main-header-display":"","ast-hfb-above-header-display":"","ast-hfb-below-header-display":"","ast-hfb-mobile-header-display":"","site-post-title":"disabled","ast-breadcrumbs-content":"","ast-featured-img":"","footer-sml-layout":"","theme-transparent-header-meta":"default","adv-header-id-meta":"","stick-header-meta":"","header-above-stick-meta":"","header-main-stick-meta":"","header-below-stick-meta":""},"product_brand":[],"product_cat":[48,19],"product_tag":[],"class_list":{"0":"post-1374","1":"product","2":"type-product","3":"status-publish","4":"has-post-thumbnail","6":"product_cat-tracado-eletrico","7":"product_cat-resistencias","9":"first","10":"instock","11":"shipping-taxable","12":"product-type-simple"},"_links":{"self":[{"href":"https:\/\/www.heatecx.com\/pt\/wp-json\/wp\/v2\/product\/1374","targetHints":{"allow":["GET"]}}],"collection":[{"href":"https:\/\/www.heatecx.com\/pt\/wp-json\/wp\/v2\/product"}],"about":[{"href":"https:\/\/www.heatecx.com\/pt\/wp-json\/wp\/v2\/types\/product"}],"replies":[{"embeddable":true,"href":"https:\/\/www.heatecx.com\/pt\/wp-json\/wp\/v2\/comments?post=1374"}],"wp:featuredmedia":[{"embeddable":true,"href":"https:\/\/www.heatecx.com\/pt\/wp-json\/wp\/v2\/media\/1375"}],"wp:attachment":[{"href":"https:\/\/www.heatecx.com\/pt\/wp-json\/wp\/v2\/media?parent=1374"}],"wp:term":[{"taxonomy":"product_brand","embeddable":true,"href":"https:\/\/www.heatecx.com\/pt\/wp-json\/wp\/v2\/product_brand?post=1374"},{"taxonomy":"product_cat","embeddable":true,"href":"https:\/\/www.heatecx.com\/pt\/wp-json\/wp\/v2\/product_cat?post=1374"},{"taxonomy":"product_tag","embeddable":true,"href":"https:\/\/www.heatecx.com\/pt\/wp-json\/wp\/v2\/product_tag?post=1374"}],"curies":[{"name":"wp","href":"https:\/\/api.w.org\/{rel}","templated":true}]}}