{"id":1376,"date":"2026-04-17T06:02:22","date_gmt":"2026-04-17T06:02:22","guid":{"rendered":"https:\/\/www.heatecx.com\/pt\/?post_type=product&#038;p=1376"},"modified":"2026-04-17T14:58:55","modified_gmt":"2026-04-17T14:58:55","slug":"controlador-de-temperatura-mecanico-a-prova-de-explosao-tipo-bjw51","status":"publish","type":"product","link":"https:\/\/www.heatecx.com\/pt\/producto\/controlador-de-temperatura-mecanico-a-prova-de-explosao-tipo-bjw51\/","title":{"rendered":"Controlador de Temperatura Mec\u00e2nico \u00e0 Prova de Explos\u00e3o Tipo BJW51"},"content":{"rendered":"<p>O controlador de temperatura mec\u00e2nico \u00e0 prova de explos\u00e3o tipo BJW51 \u00e9 projetado especificamente para ambientes perigosos com risco de explos\u00e3o. Ele emprega um princ\u00edpio mec\u00e2nico confi\u00e1vel de detec\u00e7\u00e3o de temperatura, n\u00e3o requer fonte de alimenta\u00e7\u00e3o externa e pode controlar automaticamente a temperatura do meio em tubula\u00e7\u00f5es ou tanques. \u00c9 o componente de controle autom\u00e1tico ideal para rastreamento de calor de processo ou prote\u00e7\u00e3o contra congelamento em ind\u00fastrias como petr\u00f3leo e qu\u00edmica.<\/p>\n","protected":false},"excerpt":{"rendered":"<p>O controlador de temperatura mec\u00e2nico \u00e0 prova de explos\u00e3o tipo BJW51 \u00e9 projetado especificamente para ambientes perigosos com risco de explos\u00e3o. Ele emprega um princ\u00edpio mec\u00e2nico confi\u00e1vel de detec\u00e7\u00e3o de temperatura, n\u00e3o requer fonte de alimenta\u00e7\u00e3o externa e pode controlar automaticamente a temperatura do meio em tubula\u00e7\u00f5es ou tanques. \u00c9 o componente de controle autom\u00e1tico ideal para rastreamento de calor de processo ou prote\u00e7\u00e3o contra congelamento em ind\u00fastrias como petr\u00f3leo e qu\u00edmica.<\/p>\n","protected":false},"featured_media":1377,"comment_status":"open","ping_status":"closed","template":"","meta":{"site-sidebar-layout":"default","site-content-layout":"default","ast-global-header-display":"","ast-main-header-display":"","ast-hfb-above-header-display":"","ast-hfb-below-header-display":"","ast-hfb-mobile-header-display":"","site-post-title":"disabled","ast-breadcrumbs-content":"","ast-featured-img":"","footer-sml-layout":"","theme-transparent-header-meta":"default","adv-header-id-meta":"","stick-header-meta":"","header-above-stick-meta":"","header-main-stick-meta":"","header-below-stick-meta":""},"product_brand":[],"product_cat":[48,19],"product_tag":[],"class_list":{"0":"post-1376","1":"product","2":"type-product","3":"status-publish","4":"has-post-thumbnail","6":"product_cat-tracado-eletrico","7":"product_cat-resistencias","9":"first","10":"instock","11":"shipping-taxable","12":"product-type-simple"},"_links":{"self":[{"href":"https:\/\/www.heatecx.com\/pt\/wp-json\/wp\/v2\/product\/1376","targetHints":{"allow":["GET"]}}],"collection":[{"href":"https:\/\/www.heatecx.com\/pt\/wp-json\/wp\/v2\/product"}],"about":[{"href":"https:\/\/www.heatecx.com\/pt\/wp-json\/wp\/v2\/types\/product"}],"replies":[{"embeddable":true,"href":"https:\/\/www.heatecx.com\/pt\/wp-json\/wp\/v2\/comments?post=1376"}],"wp:featuredmedia":[{"embeddable":true,"href":"https:\/\/www.heatecx.com\/pt\/wp-json\/wp\/v2\/media\/1377"}],"wp:attachment":[{"href":"https:\/\/www.heatecx.com\/pt\/wp-json\/wp\/v2\/media?parent=1376"}],"wp:term":[{"taxonomy":"product_brand","embeddable":true,"href":"https:\/\/www.heatecx.com\/pt\/wp-json\/wp\/v2\/product_brand?post=1376"},{"taxonomy":"product_cat","embeddable":true,"href":"https:\/\/www.heatecx.com\/pt\/wp-json\/wp\/v2\/product_cat?post=1376"},{"taxonomy":"product_tag","embeddable":true,"href":"https:\/\/www.heatecx.com\/pt\/wp-json\/wp\/v2\/product_tag?post=1376"}],"curies":[{"name":"wp","href":"https:\/\/api.w.org\/{rel}","templated":true}]}}