{"id":1378,"date":"2026-04-17T06:47:45","date_gmt":"2026-04-17T06:47:45","guid":{"rendered":"https:\/\/www.heatecx.com\/pt\/?post_type=product&#038;p=1378"},"modified":"2026-04-17T06:47:46","modified_gmt":"2026-04-17T06:47:46","slug":"controlador-de-temperatura-inteligente-a-prova-de-explosao","status":"publish","type":"product","link":"https:\/\/www.heatecx.com\/pt\/producto\/controlador-de-temperatura-inteligente-a-prova-de-explosao\/","title":{"rendered":"Controlador de Temperatura Inteligente \u00e0 Prova de Explos\u00e3o"},"content":{"rendered":"<p>O controlador de temperatura inteligente \u00e0 prova de explos\u00e3o desenvolvido por nossa empresa \u00e9 um produto de nova gera\u00e7\u00e3o projetado especificamente para o controle de temperatura terminal em sistemas de rastreamento de calor el\u00e9trico. Com base nos termostatos mec\u00e2nicos, foi totalmente otimizado, integrando controle de alimenta\u00e7\u00e3o, prote\u00e7\u00e3o contra corrente, alarme de falha e comunica\u00e7\u00e3o de monitoramento em um \u00fanico dispositivo. Oferece desempenho superior, maior precis\u00e3o e \u00e9 adequado para v\u00e1rios ambientes perigosos.<\/p>\n","protected":false},"excerpt":{"rendered":"<p>O controlador de temperatura inteligente \u00e0 prova de explos\u00e3o desenvolvido por nossa empresa \u00e9 um produto de nova gera\u00e7\u00e3o projetado especificamente para o controle de temperatura terminal em sistemas de rastreamento de calor el\u00e9trico. Com base nos termostatos mec\u00e2nicos, foi totalmente otimizado, integrando controle de alimenta\u00e7\u00e3o, prote\u00e7\u00e3o contra corrente, alarme de falha e comunica\u00e7\u00e3o de monitoramento em um \u00fanico dispositivo. Oferece desempenho superior, maior precis\u00e3o e \u00e9 adequado para v\u00e1rios ambientes perigosos.<\/p>\n","protected":false},"featured_media":1379,"comment_status":"open","ping_status":"closed","template":"","meta":{"site-sidebar-layout":"default","site-content-layout":"default","ast-global-header-display":"","ast-main-header-display":"","ast-hfb-above-header-display":"","ast-hfb-below-header-display":"","ast-hfb-mobile-header-display":"","site-post-title":"disabled","ast-breadcrumbs-content":"","ast-featured-img":"","footer-sml-layout":"","theme-transparent-header-meta":"default","adv-header-id-meta":"","stick-header-meta":"","header-above-stick-meta":"","header-main-stick-meta":"","header-below-stick-meta":""},"product_brand":[],"product_cat":[48,19],"product_tag":[],"class_list":{"0":"post-1378","1":"product","2":"type-product","3":"status-publish","4":"has-post-thumbnail","6":"product_cat-tracado-eletrico","7":"product_cat-resistencias","9":"first","10":"instock","11":"shipping-taxable","12":"product-type-simple"},"_links":{"self":[{"href":"https:\/\/www.heatecx.com\/pt\/wp-json\/wp\/v2\/product\/1378","targetHints":{"allow":["GET"]}}],"collection":[{"href":"https:\/\/www.heatecx.com\/pt\/wp-json\/wp\/v2\/product"}],"about":[{"href":"https:\/\/www.heatecx.com\/pt\/wp-json\/wp\/v2\/types\/product"}],"replies":[{"embeddable":true,"href":"https:\/\/www.heatecx.com\/pt\/wp-json\/wp\/v2\/comments?post=1378"}],"wp:featuredmedia":[{"embeddable":true,"href":"https:\/\/www.heatecx.com\/pt\/wp-json\/wp\/v2\/media\/1379"}],"wp:attachment":[{"href":"https:\/\/www.heatecx.com\/pt\/wp-json\/wp\/v2\/media?parent=1378"}],"wp:term":[{"taxonomy":"product_brand","embeddable":true,"href":"https:\/\/www.heatecx.com\/pt\/wp-json\/wp\/v2\/product_brand?post=1378"},{"taxonomy":"product_cat","embeddable":true,"href":"https:\/\/www.heatecx.com\/pt\/wp-json\/wp\/v2\/product_cat?post=1378"},{"taxonomy":"product_tag","embeddable":true,"href":"https:\/\/www.heatecx.com\/pt\/wp-json\/wp\/v2\/product_tag?post=1378"}],"curies":[{"name":"wp","href":"https:\/\/api.w.org\/{rel}","templated":true}]}}