{"id":1387,"date":"2026-04-20T08:17:55","date_gmt":"2026-04-20T08:17:55","guid":{"rendered":"https:\/\/www.heatecx.com\/pt\/?post_type=product&#038;p=1387"},"modified":"2026-04-20T08:17:55","modified_gmt":"2026-04-20T08:17:55","slug":"fita-adesiva-sensivel-a-pressao-resistente-ao-calor-para-fixacao-de-traco-eletrico","status":"publish","type":"product","link":"https:\/\/www.heatecx.com\/pt\/producto\/fita-adesiva-sensivel-a-pressao-resistente-ao-calor-para-fixacao-de-traco-eletrico\/","title":{"rendered":"Fita Adesiva Sens\u00edvel \u00e0 Press\u00e3o Resistente ao Calor (Para Fixa\u00e7\u00e3o de Tra\u00e7o El\u00e9trico)"},"content":{"rendered":"<p>Fita adesiva sens\u00edvel \u00e0 press\u00e3o resistente ao calor, utilizando fita de fibra de vidro de alta resist\u00eancia como substrato e revestida com uma cola especial de alto desempenho. \u00c9 um auxiliar confi\u00e1vel para instala\u00e7\u00e3o e fixa\u00e7\u00e3o em sistemas de <strong>Tra\u00e7o El\u00e9trico<\/strong>, garantindo que o cabo de aquecimento seja colado de forma firme e duradoura.<\/p>\n","protected":false},"excerpt":{"rendered":"<p>Fita adesiva sens\u00edvel \u00e0 press\u00e3o resistente ao calor, utilizando fita de fibra de vidro de alta resist\u00eancia como substrato e revestida com uma cola especial de alto desempenho. \u00c9 um auxiliar confi\u00e1vel para instala\u00e7\u00e3o e fixa\u00e7\u00e3o em sistemas de <strong>Tra\u00e7o El\u00e9trico<\/strong>, garantindo que o cabo de aquecimento seja colado de forma firme e duradoura.<\/p>\n","protected":false},"featured_media":1388,"comment_status":"open","ping_status":"closed","template":"","meta":{"site-sidebar-layout":"default","site-content-layout":"default","ast-global-header-display":"","ast-main-header-display":"","ast-hfb-above-header-display":"","ast-hfb-below-header-display":"","ast-hfb-mobile-header-display":"","site-post-title":"disabled","ast-breadcrumbs-content":"","ast-featured-img":"","footer-sml-layout":"","theme-transparent-header-meta":"default","adv-header-id-meta":"","stick-header-meta":"","header-above-stick-meta":"","header-main-stick-meta":"","header-below-stick-meta":""},"product_brand":[],"product_cat":[48,19],"product_tag":[],"class_list":{"0":"post-1387","1":"product","2":"type-product","3":"status-publish","4":"has-post-thumbnail","6":"product_cat-tracado-eletrico","7":"product_cat-resistencias","9":"first","10":"instock","11":"shipping-taxable","12":"product-type-simple"},"_links":{"self":[{"href":"https:\/\/www.heatecx.com\/pt\/wp-json\/wp\/v2\/product\/1387","targetHints":{"allow":["GET"]}}],"collection":[{"href":"https:\/\/www.heatecx.com\/pt\/wp-json\/wp\/v2\/product"}],"about":[{"href":"https:\/\/www.heatecx.com\/pt\/wp-json\/wp\/v2\/types\/product"}],"replies":[{"embeddable":true,"href":"https:\/\/www.heatecx.com\/pt\/wp-json\/wp\/v2\/comments?post=1387"}],"wp:featuredmedia":[{"embeddable":true,"href":"https:\/\/www.heatecx.com\/pt\/wp-json\/wp\/v2\/media\/1388"}],"wp:attachment":[{"href":"https:\/\/www.heatecx.com\/pt\/wp-json\/wp\/v2\/media?parent=1387"}],"wp:term":[{"taxonomy":"product_brand","embeddable":true,"href":"https:\/\/www.heatecx.com\/pt\/wp-json\/wp\/v2\/product_brand?post=1387"},{"taxonomy":"product_cat","embeddable":true,"href":"https:\/\/www.heatecx.com\/pt\/wp-json\/wp\/v2\/product_cat?post=1387"},{"taxonomy":"product_tag","embeddable":true,"href":"https:\/\/www.heatecx.com\/pt\/wp-json\/wp\/v2\/product_tag?post=1387"}],"curies":[{"name":"wp","href":"https:\/\/api.w.org\/{rel}","templated":true}]}}