{"id":1389,"date":"2026-04-20T11:16:29","date_gmt":"2026-04-20T11:16:29","guid":{"rendered":"https:\/\/www.heatecx.com\/pt\/?post_type=product&#038;p=1389"},"modified":"2026-04-20T11:16:30","modified_gmt":"2026-04-20T11:16:30","slug":"fita-de-aluminio-para-sistemas-de-traco-eletrico","status":"publish","type":"product","link":"https:\/\/www.heatecx.com\/pt\/producto\/fita-de-aluminio-para-sistemas-de-traco-eletrico\/","title":{"rendered":"Fita de Alum\u00ednio (Para Sistemas de Tra\u00e7o El\u00e9trico)"},"content":{"rendered":"<p>A fita de alum\u00ednio, fabricada com um substrato de alum\u00ednio revestido com um adesivo especial, \u00e9 projetada especificamente para sistemas de <strong>Tra\u00e7o El\u00e9trico<\/strong>, fornecendo ades\u00e3o confi\u00e1vel, condutividade t\u00e9rmica e prote\u00e7\u00e3o.<\/p>\n","protected":false},"excerpt":{"rendered":"<p>A fita de alum\u00ednio, fabricada com um substrato de alum\u00ednio revestido com um adesivo especial, \u00e9 projetada especificamente para sistemas de <strong>Tra\u00e7o El\u00e9trico<\/strong>, fornecendo ades\u00e3o confi\u00e1vel, condutividade t\u00e9rmica e prote\u00e7\u00e3o.<\/p>\n","protected":false},"featured_media":1390,"comment_status":"open","ping_status":"closed","template":"","meta":{"site-sidebar-layout":"default","site-content-layout":"default","ast-global-header-display":"","ast-main-header-display":"","ast-hfb-above-header-display":"","ast-hfb-below-header-display":"","ast-hfb-mobile-header-display":"","site-post-title":"disabled","ast-breadcrumbs-content":"","ast-featured-img":"","footer-sml-layout":"","theme-transparent-header-meta":"default","adv-header-id-meta":"","stick-header-meta":"","header-above-stick-meta":"","header-main-stick-meta":"","header-below-stick-meta":""},"product_brand":[],"product_cat":[48,19],"product_tag":[],"class_list":{"0":"post-1389","1":"product","2":"type-product","3":"status-publish","4":"has-post-thumbnail","6":"product_cat-tracado-eletrico","7":"product_cat-resistencias","9":"first","10":"instock","11":"shipping-taxable","12":"product-type-simple"},"_links":{"self":[{"href":"https:\/\/www.heatecx.com\/pt\/wp-json\/wp\/v2\/product\/1389","targetHints":{"allow":["GET"]}}],"collection":[{"href":"https:\/\/www.heatecx.com\/pt\/wp-json\/wp\/v2\/product"}],"about":[{"href":"https:\/\/www.heatecx.com\/pt\/wp-json\/wp\/v2\/types\/product"}],"replies":[{"embeddable":true,"href":"https:\/\/www.heatecx.com\/pt\/wp-json\/wp\/v2\/comments?post=1389"}],"wp:featuredmedia":[{"embeddable":true,"href":"https:\/\/www.heatecx.com\/pt\/wp-json\/wp\/v2\/media\/1390"}],"wp:attachment":[{"href":"https:\/\/www.heatecx.com\/pt\/wp-json\/wp\/v2\/media?parent=1389"}],"wp:term":[{"taxonomy":"product_brand","embeddable":true,"href":"https:\/\/www.heatecx.com\/pt\/wp-json\/wp\/v2\/product_brand?post=1389"},{"taxonomy":"product_cat","embeddable":true,"href":"https:\/\/www.heatecx.com\/pt\/wp-json\/wp\/v2\/product_cat?post=1389"},{"taxonomy":"product_tag","embeddable":true,"href":"https:\/\/www.heatecx.com\/pt\/wp-json\/wp\/v2\/product_tag?post=1389"}],"curies":[{"name":"wp","href":"https:\/\/api.w.org\/{rel}","templated":true}]}}