{"id":1395,"date":"2026-04-20T12:09:34","date_gmt":"2026-04-20T12:09:34","guid":{"rendered":"https:\/\/www.heatecx.com\/pt\/?post_type=product&#038;p=1395"},"modified":"2026-04-20T12:10:44","modified_gmt":"2026-04-20T12:10:44","slug":"grapa-de-acero-inoxidable-para-sistemas-de-traza-electrica","status":"publish","type":"product","link":"https:\/\/www.heatecx.com\/pt\/producto\/grapa-de-acero-inoxidable-para-sistemas-de-traza-electrica\/","title":{"rendered":"Grapa de Acero Inoxidable (Para Sistemas de Traza El\u00e9ctrica)"},"content":{"rendered":"<p>Grapa de acero inoxidable, dise\u00f1ada espec\u00edficamente para usarse con bandas de sujeci\u00f3n de acero inoxidable. Permite un ajuste preciso y un bloqueo seguro, siendo un componente central en sistemas de fijaci\u00f3n por sujeci\u00f3n, ideales para la instalaci\u00f3n y el aseguramiento de componentes en sistemas de <strong>Traza El\u00e9ctrica<\/strong>.<\/p>\n","protected":false},"excerpt":{"rendered":"<p>Grapa de acero inoxidable, dise\u00f1ada espec\u00edficamente para usarse con bandas de sujeci\u00f3n de acero inoxidable. Permite un ajuste preciso y un bloqueo seguro, siendo un componente central en sistemas de fijaci\u00f3n por sujeci\u00f3n, ideales para la instalaci\u00f3n y el aseguramiento de componentes en sistemas de <strong>Traza El\u00e9ctrica<\/strong>.<\/p>\n","protected":false},"featured_media":1396,"comment_status":"open","ping_status":"closed","template":"","meta":{"site-sidebar-layout":"default","site-content-layout":"default","ast-global-header-display":"","ast-main-header-display":"","ast-hfb-above-header-display":"","ast-hfb-below-header-display":"","ast-hfb-mobile-header-display":"","site-post-title":"disabled","ast-breadcrumbs-content":"","ast-featured-img":"","footer-sml-layout":"","theme-transparent-header-meta":"default","adv-header-id-meta":"","stick-header-meta":"","header-above-stick-meta":"","header-main-stick-meta":"","header-below-stick-meta":""},"product_brand":[],"product_cat":[48,19],"product_tag":[],"class_list":{"0":"post-1395","1":"product","2":"type-product","3":"status-publish","4":"has-post-thumbnail","6":"product_cat-tracado-eletrico","7":"product_cat-resistencias","9":"first","10":"instock","11":"shipping-taxable","12":"product-type-simple"},"_links":{"self":[{"href":"https:\/\/www.heatecx.com\/pt\/wp-json\/wp\/v2\/product\/1395","targetHints":{"allow":["GET"]}}],"collection":[{"href":"https:\/\/www.heatecx.com\/pt\/wp-json\/wp\/v2\/product"}],"about":[{"href":"https:\/\/www.heatecx.com\/pt\/wp-json\/wp\/v2\/types\/product"}],"replies":[{"embeddable":true,"href":"https:\/\/www.heatecx.com\/pt\/wp-json\/wp\/v2\/comments?post=1395"}],"wp:featuredmedia":[{"embeddable":true,"href":"https:\/\/www.heatecx.com\/pt\/wp-json\/wp\/v2\/media\/1396"}],"wp:attachment":[{"href":"https:\/\/www.heatecx.com\/pt\/wp-json\/wp\/v2\/media?parent=1395"}],"wp:term":[{"taxonomy":"product_brand","embeddable":true,"href":"https:\/\/www.heatecx.com\/pt\/wp-json\/wp\/v2\/product_brand?post=1395"},{"taxonomy":"product_cat","embeddable":true,"href":"https:\/\/www.heatecx.com\/pt\/wp-json\/wp\/v2\/product_cat?post=1395"},{"taxonomy":"product_tag","embeddable":true,"href":"https:\/\/www.heatecx.com\/pt\/wp-json\/wp\/v2\/product_tag?post=1395"}],"curies":[{"name":"wp","href":"https:\/\/api.w.org\/{rel}","templated":true}]}}