{"id":1401,"date":"2026-04-21T03:42:23","date_gmt":"2026-04-21T03:42:23","guid":{"rendered":"https:\/\/www.heatecx.com\/pt\/?post_type=product&#038;p=1401"},"modified":"2026-04-21T03:42:24","modified_gmt":"2026-04-21T03:42:24","slug":"703-adesivo-selante-adesivo-de-borracha-de-silicone","status":"publish","type":"product","link":"https:\/\/www.heatecx.com\/pt\/producto\/703-adesivo-selante-adesivo-de-borracha-de-silicone\/","title":{"rendered":"703 Adesivo (selante adesivo de borracha de silicone)"},"content":{"rendered":"<p>703 Adesivo \u00e9 um selante e adesivo de silicone. \u00c9 n\u00e3o t\u00f3xico, n\u00e3o poluente, n\u00e3o corroe metais e tem desempenho est\u00e1vel e confi\u00e1vel.<\/p>\n","protected":false},"excerpt":{"rendered":"<p>703 Adesivo \u00e9 um selante e adesivo de silicone. \u00c9 n\u00e3o t\u00f3xico, n\u00e3o poluente, n\u00e3o corroe metais e tem desempenho est\u00e1vel e confi\u00e1vel.<\/p>\n","protected":false},"featured_media":1402,"comment_status":"open","ping_status":"closed","template":"","meta":{"site-sidebar-layout":"default","site-content-layout":"default","ast-global-header-display":"","ast-main-header-display":"","ast-hfb-above-header-display":"","ast-hfb-below-header-display":"","ast-hfb-mobile-header-display":"","site-post-title":"disabled","ast-breadcrumbs-content":"","ast-featured-img":"","footer-sml-layout":"","theme-transparent-header-meta":"default","adv-header-id-meta":"","stick-header-meta":"","header-above-stick-meta":"","header-main-stick-meta":"","header-below-stick-meta":""},"product_brand":[],"product_cat":[48,19],"product_tag":[],"class_list":{"0":"post-1401","1":"product","2":"type-product","3":"status-publish","4":"has-post-thumbnail","6":"product_cat-tracado-eletrico","7":"product_cat-resistencias","9":"first","10":"instock","11":"shipping-taxable","12":"product-type-simple"},"_links":{"self":[{"href":"https:\/\/www.heatecx.com\/pt\/wp-json\/wp\/v2\/product\/1401","targetHints":{"allow":["GET"]}}],"collection":[{"href":"https:\/\/www.heatecx.com\/pt\/wp-json\/wp\/v2\/product"}],"about":[{"href":"https:\/\/www.heatecx.com\/pt\/wp-json\/wp\/v2\/types\/product"}],"replies":[{"embeddable":true,"href":"https:\/\/www.heatecx.com\/pt\/wp-json\/wp\/v2\/comments?post=1401"}],"wp:featuredmedia":[{"embeddable":true,"href":"https:\/\/www.heatecx.com\/pt\/wp-json\/wp\/v2\/media\/1402"}],"wp:attachment":[{"href":"https:\/\/www.heatecx.com\/pt\/wp-json\/wp\/v2\/media?parent=1401"}],"wp:term":[{"taxonomy":"product_brand","embeddable":true,"href":"https:\/\/www.heatecx.com\/pt\/wp-json\/wp\/v2\/product_brand?post=1401"},{"taxonomy":"product_cat","embeddable":true,"href":"https:\/\/www.heatecx.com\/pt\/wp-json\/wp\/v2\/product_cat?post=1401"},{"taxonomy":"product_tag","embeddable":true,"href":"https:\/\/www.heatecx.com\/pt\/wp-json\/wp\/v2\/product_tag?post=1401"}],"curies":[{"name":"wp","href":"https:\/\/api.w.org\/{rel}","templated":true}]}}