{"id":1412,"date":"2026-04-22T03:07:45","date_gmt":"2026-04-22T03:07:45","guid":{"rendered":"https:\/\/www.heatecx.com\/pt\/?post_type=product&#038;p=1412"},"modified":"2026-04-22T03:07:45","modified_gmt":"2026-04-22T03:07:45","slug":"placa-ceramica-para-forno-radiante-iv","status":"publish","type":"product","link":"https:\/\/www.heatecx.com\/pt\/producto\/placa-ceramica-para-forno-radiante-iv\/","title":{"rendered":"Placa Cer\u00e2mica para Forno Radiante IV"},"content":{"rendered":"<p><span data-slate-node=\"text\"><span class=\"\" data-slate-leaf=\"true\">Nossa <\/span><\/span><span data-slate-node=\"text\"><span class=\"font-[600]\" data-slate-leaf=\"true\">Placa cer\u00e2mica<\/span><\/span><span data-slate-node=\"text\"><span class=\"\" data-slate-leaf=\"true\"> de \u00faltima gera\u00e7\u00e3o foi projetada especificamente para sistemas de <\/span><\/span><span data-slate-node=\"text\"><span class=\"font-[600]\" data-slate-leaf=\"true\">forno radiante IV<\/span><\/span><span data-slate-node=\"text\"><span class=\"\" data-slate-leaf=\"true\"> e <\/span><\/span><span data-slate-node=\"text\"><span class=\"font-[600]\" data-slate-leaf=\"true\">fog\u00f5es vitrocer\u00e2micos el\u00e9tricos<\/span><\/span><span data-slate-node=\"text\"><span class=\"\" data-slate-leaf=\"true\">, oferecendo uma efici\u00eancia t\u00e9rmica superior e uma distribui\u00e7\u00e3o de calor excepcionalmente uniforme. Fabricada com <\/span><\/span><span data-slate-node=\"text\"><span class=\"font-[600]\" data-slate-leaf=\"true\">cer\u00e2mica t\u00e9cnica<\/span><\/span><span data-slate-node=\"text\"><span class=\"\" data-slate-leaf=\"true\"> de alta pureza e componentes de <\/span><\/span><span data-slate-node=\"text\"><span class=\"font-[600]\" data-slate-leaf=\"true\">cordierita<\/span><\/span><span data-slate-node=\"text\"><span class=\"\" data-slate-leaf=\"true\">, esta placa garante uma resist\u00eancia t\u00e9rmica \u00f3tima, permitindo um aquecimento r\u00e1pido e seguro em aplica\u00e7\u00f5es que requerem <\/span><\/span><span data-slate-node=\"text\"><span class=\"font-[600]\" data-slate-leaf=\"true\">combust\u00e3o sem chama<\/span><\/span><span data-slate-node=\"text\"><span class=\"\" data-slate-leaf=\"true\"> ou transfer\u00eancia de calor por <\/span><\/span><span data-slate-node=\"text\"><span class=\"font-[600]\" data-slate-leaf=\"true\">contato direto<\/span><\/span><span data-slate-node=\"text\"><span class=\"\" data-slate-leaf=\"true\">. \u00c9 o componente essencial para fabricantes que buscam integrar tecnologia de ponta em <\/span><\/span><span data-slate-node=\"text\"><span class=\"font-[600]\" data-slate-leaf=\"true\">fornos multicabe\u00e7a<\/span><\/span><span data-slate-node=\"text\" data-slate-fragment=\"JTVCJTdCJTIydHlwZSUyMiUzQSUyMnAlMjIlMkMlMjJjaGlsZHJlbiUyMiUzQSU1QiU3QiUyMnRleHQlMjIlM0ElMjJOb3NzYSUyMCUyMiU3RCUyQyU3QiUyMnRleHQlMjIlM0ElMjJQbGFjYSUyMGNlciVDMyVBMm1pY2ElMjIlMkMlMjJib2xkJTIyJTNBdHJ1ZSU3RCUyQyU3QiUyMnRleHQlMjIlM0ElMjIlMjBkZSUyMCVDMyVCQWx0aW1hJTIwZ2VyYSVDMyVBNyVDMyVBM28lMjBmb2klMjBwcm9qZXRhZGElMjBlc3BlY2lmaWNhbWVudGUlMjBwYXJhJTIwc2lzdGVtYXMlMjBkZSUyMCUyMiU3RCUyQyU3QiUyMnRleHQlMjIlM0ElMjJmb3JubyUyMHJhZGlhbnRlJTIwSVYlMjIlMkMlMjJib2xkJTIyJTNBdHJ1ZSU3RCUyQyU3QiUyMnRleHQlMjIlM0ElMjIlMjBlJTIwJTIyJTdEJTJDJTdCJTIydGV4dCUyMiUzQSUyMmZvZyVDMyVCNWVzJTIwdml0cm9jZXIlQzMlQTJtaWNvcyUyMGVsJUMzJUE5dHJpY29zJTIyJTJDJTIyYm9sZCUyMiUzQXRydWUlN0QlMkMlN0IlMjJ0ZXh0JTIyJTNBJTIyJTJDJTIwb2ZlcmVjZW5kbyUyMHVtYSUyMGVmaWNpJUMzJUFBbmNpYSUyMHQlQzMlQTlybWljYSUyMHN1cGVyaW9yJTIwZSUyMHVtYSUyMGRpc3RyaWJ1aSVDMyVBNyVDMyVBM28lMjBkZSUyMGNhbG9yJTIwZXhjZXBjaW9uYWxtZW50ZSUyMHVuaWZvcm1lLiUyMEZhYnJpY2FkYSUyMGNvbSUyMCUyMiU3RCUyQyU3QiUyMnRleHQlMjIlM0ElMjJjZXIlQzMlQTJtaWNhJTIwdCVDMyVBOWNuaWNhJTIyJTJDJTIyYm9sZCUyMiUzQXRydWUlN0QlMkMlN0IlMjJ0ZXh0JTIyJTNBJTIyJTIwZGUlMjBhbHRhJTIwcHVyZXphJTIwZSUyMGNvbXBvbmVudGVzJTIwZGUlMjAlMjIlN0QlMkMlN0IlMjJ0ZXh0JTIyJTNBJTIyY29yZGllcml0YSUyMiUyQyUyMmJvbGQlMjIlM0F0cnVlJTdEJTJDJTdCJTIydGV4dCUyMiUzQSUyMiUyQyUyMGVzdGElMjBwbGFjYSUyMGdhcmFudGUlMjB1bWElMjByZXNpc3QlQzMlQUFuY2lhJTIwdCVDMyVBOXJtaWNhJTIwJUMzJUIzdGltYSUyQyUyMHBlcm1pdGluZG8lMjB1bSUyMGFxdWVjaW1lbnRvJTIwciVDMyVBMXBpZG8lMjBlJTIwc2VndXJvJTIwZW0lMjBhcGxpY2ElQzMlQTclQzMlQjVlcyUyMHF1ZSUyMHJlcXVlcmVtJTIwJTIyJTdEJTJDJTdCJTIydGV4dCUyMiUzQSUyMmNvbWJ1c3QlQzMlQTNvJTIwc2VtJTIwY2hhbWElMjIlMkMlMjJib2xkJTIyJTNBdHJ1ZSU3RCUyQyU3QiUyMnRleHQlMjIlM0ElMjIlMjBvdSUyMHRyYW5zZmVyJUMzJUFBbmNpYSUyMGRlJTIwY2Fsb3IlMjBwb3IlMjAlMjIlN0QlMkMlN0IlMjJ0ZXh0JTIyJTNBJTIyY29udGF0byUyMGRpcmV0byUyMiUyQyUyMmJvbGQlMjIlM0F0cnVlJTdEJTJDJTdCJTIydGV4dCUyMiUzQSUyMi4lMjAlQzMlODklMjBvJTIwY29tcG9uZW50ZSUyMGVzc2VuY2lhbCUyMHBhcmElMjBmYWJyaWNhbnRlcyUyMHF1ZSUyMGJ1c2NhbSUyMGludGVncmFyJTIwdGVjbm9sb2dpYSUyMGRlJTIwcG9udGElMjBlbSUyMCUyMiU3RCUyQyU3QiUyMnRleHQlMjIlM0ElMjJmb3Jub3MlMjBtdWx0aWNhYmUlQzMlQTdhJTIyJTJDJTIyYm9sZCUyMiUzQXRydWUlN0QlMkMlN0IlMjJ0ZXh0JTIyJTNBJTIyJTIwZSUyMHNpc3RlbWFzJTIwZGUlMjBjb3ppbWVudG8lMjBkZSUyMGFsdG8lMjBkZXNlbXBlbmhvLiUyMiU3RCU1RCU3RCU1RA==\"><span class=\"\" data-slate-leaf=\"true\"> e sistemas de cozimento de alto desempenho.<\/span><\/span><\/p>\n","protected":false},"excerpt":{"rendered":"<p><span data-slate-node=\"text\"><span class=\"\" data-slate-leaf=\"true\">Nossa <\/span><\/span><span data-slate-node=\"text\"><span class=\"font-[600]\" data-slate-leaf=\"true\">Placa cer\u00e2mica<\/span><\/span><span data-slate-node=\"text\"><span class=\"\" data-slate-leaf=\"true\"> de \u00faltima gera\u00e7\u00e3o foi projetada especificamente para sistemas de <\/span><\/span><span data-slate-node=\"text\"><span class=\"font-[600]\" data-slate-leaf=\"true\">forno radiante IV<\/span><\/span><span data-slate-node=\"text\"><span class=\"\" data-slate-leaf=\"true\"> e <\/span><\/span><span data-slate-node=\"text\"><span class=\"font-[600]\" data-slate-leaf=\"true\">fog\u00f5es vitrocer\u00e2micos el\u00e9tricos<\/span><\/span><span data-slate-node=\"text\"><span class=\"\" data-slate-leaf=\"true\">, oferecendo uma efici\u00eancia t\u00e9rmica superior e uma distribui\u00e7\u00e3o de calor excepcionalmente uniforme. Fabricada com <\/span><\/span><span data-slate-node=\"text\"><span class=\"font-[600]\" data-slate-leaf=\"true\">cer\u00e2mica t\u00e9cnica<\/span><\/span><span data-slate-node=\"text\"><span class=\"\" data-slate-leaf=\"true\"> de alta pureza e componentes de <\/span><\/span><span data-slate-node=\"text\"><span class=\"font-[600]\" data-slate-leaf=\"true\">cordierita<\/span><\/span><span data-slate-node=\"text\"><span class=\"\" data-slate-leaf=\"true\">, esta placa garante uma resist\u00eancia t\u00e9rmica \u00f3tima, permitindo um aquecimento r\u00e1pido e seguro em aplica\u00e7\u00f5es que requerem <\/span><\/span><span data-slate-node=\"text\"><span class=\"font-[600]\" data-slate-leaf=\"true\">combust\u00e3o sem chama<\/span><\/span><span data-slate-node=\"text\"><span class=\"\" data-slate-leaf=\"true\"> ou transfer\u00eancia de calor por <\/span><\/span><span data-slate-node=\"text\"><span class=\"font-[600]\" data-slate-leaf=\"true\">contato direto<\/span><\/span><span data-slate-node=\"text\"><span class=\"\" data-slate-leaf=\"true\">. \u00c9 o componente essencial para fabricantes que buscam integrar tecnologia de ponta em <\/span><\/span><span data-slate-node=\"text\"><span class=\"font-[600]\" data-slate-leaf=\"true\">fornos multicabe\u00e7a<\/span><\/span><span data-slate-node=\"text\" data-slate-fragment=\"JTVCJTdCJTIydHlwZSUyMiUzQSUyMnAlMjIlMkMlMjJjaGlsZHJlbiUyMiUzQSU1QiU3QiUyMnRleHQlMjIlM0ElMjJOb3NzYSUyMCUyMiU3RCUyQyU3QiUyMnRleHQlMjIlM0ElMjJQbGFjYSUyMGNlciVDMyVBMm1pY2ElMjIlMkMlMjJib2xkJTIyJTNBdHJ1ZSU3RCUyQyU3QiUyMnRleHQlMjIlM0ElMjIlMjBkZSUyMCVDMyVCQWx0aW1hJTIwZ2VyYSVDMyVBNyVDMyVBM28lMjBmb2klMjBwcm9qZXRhZGElMjBlc3BlY2lmaWNhbWVudGUlMjBwYXJhJTIwc2lzdGVtYXMlMjBkZSUyMCUyMiU3RCUyQyU3QiUyMnRleHQlMjIlM0ElMjJmb3JubyUyMHJhZGlhbnRlJTIwSVYlMjIlMkMlMjJib2xkJTIyJTNBdHJ1ZSU3RCUyQyU3QiUyMnRleHQlMjIlM0ElMjIlMjBlJTIwJTIyJTdEJTJDJTdCJTIydGV4dCUyMiUzQSUyMmZvZyVDMyVCNWVzJTIwdml0cm9jZXIlQzMlQTJtaWNvcyUyMGVsJUMzJUE5dHJpY29zJTIyJTJDJTIyYm9sZCUyMiUzQXRydWUlN0QlMkMlN0IlMjJ0ZXh0JTIyJTNBJTIyJTJDJTIwb2ZlcmVjZW5kbyUyMHVtYSUyMGVmaWNpJUMzJUFBbmNpYSUyMHQlQzMlQTlybWljYSUyMHN1cGVyaW9yJTIwZSUyMHVtYSUyMGRpc3RyaWJ1aSVDMyVBNyVDMyVBM28lMjBkZSUyMGNhbG9yJTIwZXhjZXBjaW9uYWxtZW50ZSUyMHVuaWZvcm1lLiUyMEZhYnJpY2FkYSUyMGNvbSUyMCUyMiU3RCUyQyU3QiUyMnRleHQlMjIlM0ElMjJjZXIlQzMlQTJtaWNhJTIwdCVDMyVBOWNuaWNhJTIyJTJDJTIyYm9sZCUyMiUzQXRydWUlN0QlMkMlN0IlMjJ0ZXh0JTIyJTNBJTIyJTIwZGUlMjBhbHRhJTIwcHVyZXphJTIwZSUyMGNvbXBvbmVudGVzJTIwZGUlMjAlMjIlN0QlMkMlN0IlMjJ0ZXh0JTIyJTNBJTIyY29yZGllcml0YSUyMiUyQyUyMmJvbGQlMjIlM0F0cnVlJTdEJTJDJTdCJTIydGV4dCUyMiUzQSUyMiUyQyUyMGVzdGElMjBwbGFjYSUyMGdhcmFudGUlMjB1bWElMjByZXNpc3QlQzMlQUFuY2lhJTIwdCVDMyVBOXJtaWNhJTIwJUMzJUIzdGltYSUyQyUyMHBlcm1pdGluZG8lMjB1bSUyMGFxdWVjaW1lbnRvJTIwciVDMyVBMXBpZG8lMjBlJTIwc2VndXJvJTIwZW0lMjBhcGxpY2ElQzMlQTclQzMlQjVlcyUyMHF1ZSUyMHJlcXVlcmVtJTIwJTIyJTdEJTJDJTdCJTIydGV4dCUyMiUzQSUyMmNvbWJ1c3QlQzMlQTNvJTIwc2VtJTIwY2hhbWElMjIlMkMlMjJib2xkJTIyJTNBdHJ1ZSU3RCUyQyU3QiUyMnRleHQlMjIlM0ElMjIlMjBvdSUyMHRyYW5zZmVyJUMzJUFBbmNpYSUyMGRlJTIwY2Fsb3IlMjBwb3IlMjAlMjIlN0QlMkMlN0IlMjJ0ZXh0JTIyJTNBJTIyY29udGF0byUyMGRpcmV0byUyMiUyQyUyMmJvbGQlMjIlM0F0cnVlJTdEJTJDJTdCJTIydGV4dCUyMiUzQSUyMi4lMjAlQzMlODklMjBvJTIwY29tcG9uZW50ZSUyMGVzc2VuY2lhbCUyMHBhcmElMjBmYWJyaWNhbnRlcyUyMHF1ZSUyMGJ1c2NhbSUyMGludGVncmFyJTIwdGVjbm9sb2dpYSUyMGRlJTIwcG9udGElMjBlbSUyMCUyMiU3RCUyQyU3QiUyMnRleHQlMjIlM0ElMjJmb3Jub3MlMjBtdWx0aWNhYmUlQzMlQTdhJTIyJTJDJTIyYm9sZCUyMiUzQXRydWUlN0QlMkMlN0IlMjJ0ZXh0JTIyJTNBJTIyJTIwZSUyMHNpc3RlbWFzJTIwZGUlMjBjb3ppbWVudG8lMjBkZSUyMGFsdG8lMjBkZXNlbXBlbmhvLiUyMiU3RCU1RCU3RCU1RA==\"><span class=\"\" data-slate-leaf=\"true\"> e sistemas de cozimento de alto desempenho.<\/span><\/span><\/p>\n","protected":false},"featured_media":1413,"comment_status":"open","ping_status":"closed","template":"","meta":{"site-sidebar-layout":"default","site-content-layout":"default","ast-global-header-display":"","ast-main-header-display":"","ast-hfb-above-header-display":"","ast-hfb-below-header-display":"","ast-hfb-mobile-header-display":"","site-post-title":"disabled","ast-breadcrumbs-content":"","ast-featured-img":"","footer-sml-layout":"","theme-transparent-header-meta":"default","adv-header-id-meta":"","stick-header-meta":"","header-above-stick-meta":"","header-main-stick-meta":"","header-below-stick-meta":""},"product_brand":[],"product_cat":[65,19],"product_tag":[],"class_list":{"0":"post-1412","1":"product","2":"type-product","3":"status-publish","4":"has-post-thumbnail","6":"product_cat-placas-e-discos-aquecedores","7":"product_cat-resistencias","9":"first","10":"instock","11":"shipping-taxable","12":"product-type-simple"},"_links":{"self":[{"href":"https:\/\/www.heatecx.com\/pt\/wp-json\/wp\/v2\/product\/1412","targetHints":{"allow":["GET"]}}],"collection":[{"href":"https:\/\/www.heatecx.com\/pt\/wp-json\/wp\/v2\/product"}],"about":[{"href":"https:\/\/www.heatecx.com\/pt\/wp-json\/wp\/v2\/types\/product"}],"replies":[{"embeddable":true,"href":"https:\/\/www.heatecx.com\/pt\/wp-json\/wp\/v2\/comments?post=1412"}],"wp:featuredmedia":[{"embeddable":true,"href":"https:\/\/www.heatecx.com\/pt\/wp-json\/wp\/v2\/media\/1413"}],"wp:attachment":[{"href":"https:\/\/www.heatecx.com\/pt\/wp-json\/wp\/v2\/media?parent=1412"}],"wp:term":[{"taxonomy":"product_brand","embeddable":true,"href":"https:\/\/www.heatecx.com\/pt\/wp-json\/wp\/v2\/product_brand?post=1412"},{"taxonomy":"product_cat","embeddable":true,"href":"https:\/\/www.heatecx.com\/pt\/wp-json\/wp\/v2\/product_cat?post=1412"},{"taxonomy":"product_tag","embeddable":true,"href":"https:\/\/www.heatecx.com\/pt\/wp-json\/wp\/v2\/product_tag?post=1412"}],"curies":[{"name":"wp","href":"https:\/\/api.w.org\/{rel}","templated":true}]}}