{"id":1431,"date":"2026-04-23T03:56:22","date_gmt":"2026-04-23T03:56:22","guid":{"rendered":"https:\/\/www.heatecx.com\/pt\/?post_type=product&#038;p=1431"},"modified":"2026-04-23T03:56:22","modified_gmt":"2026-04-23T03:56:22","slug":"discos-de-fogao-eletricos-de-ferro-fundido","status":"publish","type":"product","link":"https:\/\/www.heatecx.com\/pt\/producto\/discos-de-fogao-eletricos-de-ferro-fundido\/","title":{"rendered":"Discos de Fog\u00e3o El\u00e9tricos de Ferro Fundido"},"content":{"rendered":"<p>Descubra a nossa gama de Discos de Fog\u00e3o de alto rendimento, a solu\u00e7\u00e3o perfeita para uma cozedura eficiente e duradoura. Cada Placa El\u00e9trica de Ferro Fundido \u00e9 fabricada com ferro fundido de alta densidade, garantindo uma distribui\u00e7\u00e3o de calor superior e uma resist\u00eancia excecional. Dispon\u00edveis como Resist\u00eancia de Disco padr\u00e3o ou Disco R\u00e1pido (Red Dot\/Ponto Vermelho) com protetor t\u00e9rmico integrado, os nossos produtos s\u00e3o ideais para substituir ou melhorar o seu fog\u00e3o el\u00e9trico. O seu design robusto e a qualidade dos seus materiais asseguram uma longa vida \u00fatil e um desempenho constante, tornando cada refei\u00e7\u00e3o numa experi\u00eancia culin\u00e1ria mais simples e eficaz.<\/p>\n","protected":false},"excerpt":{"rendered":"<p>Descubra a nossa gama de Discos de Fog\u00e3o de alto rendimento, a solu\u00e7\u00e3o perfeita para uma cozedura eficiente e duradoura. Cada Placa El\u00e9trica de Ferro Fundido \u00e9 fabricada com ferro fundido de alta densidade, garantindo uma distribui\u00e7\u00e3o de calor superior e uma resist\u00eancia excecional. Dispon\u00edveis como Resist\u00eancia de Disco padr\u00e3o ou Disco R\u00e1pido (Red Dot\/Ponto Vermelho) com protetor t\u00e9rmico integrado, os nossos produtos s\u00e3o ideais para substituir ou melhorar o seu fog\u00e3o el\u00e9trico. O seu design robusto e a qualidade dos seus materiais asseguram uma longa vida \u00fatil e um desempenho constante, tornando cada refei\u00e7\u00e3o numa experi\u00eancia culin\u00e1ria mais simples e eficaz.<\/p>\n","protected":false},"featured_media":1432,"comment_status":"open","ping_status":"closed","template":"","meta":{"site-sidebar-layout":"default","site-content-layout":"default","ast-global-header-display":"","ast-main-header-display":"","ast-hfb-above-header-display":"","ast-hfb-below-header-display":"","ast-hfb-mobile-header-display":"","site-post-title":"disabled","ast-breadcrumbs-content":"","ast-featured-img":"","footer-sml-layout":"","theme-transparent-header-meta":"default","adv-header-id-meta":"","stick-header-meta":"","header-above-stick-meta":"","header-main-stick-meta":"","header-below-stick-meta":""},"product_brand":[],"product_cat":[65,19],"product_tag":[],"class_list":{"0":"post-1431","1":"product","2":"type-product","3":"status-publish","4":"has-post-thumbnail","6":"product_cat-placas-e-discos-aquecedores","7":"product_cat-resistencias","9":"first","10":"instock","11":"shipping-taxable","12":"product-type-simple"},"_links":{"self":[{"href":"https:\/\/www.heatecx.com\/pt\/wp-json\/wp\/v2\/product\/1431","targetHints":{"allow":["GET"]}}],"collection":[{"href":"https:\/\/www.heatecx.com\/pt\/wp-json\/wp\/v2\/product"}],"about":[{"href":"https:\/\/www.heatecx.com\/pt\/wp-json\/wp\/v2\/types\/product"}],"replies":[{"embeddable":true,"href":"https:\/\/www.heatecx.com\/pt\/wp-json\/wp\/v2\/comments?post=1431"}],"wp:featuredmedia":[{"embeddable":true,"href":"https:\/\/www.heatecx.com\/pt\/wp-json\/wp\/v2\/media\/1432"}],"wp:attachment":[{"href":"https:\/\/www.heatecx.com\/pt\/wp-json\/wp\/v2\/media?parent=1431"}],"wp:term":[{"taxonomy":"product_brand","embeddable":true,"href":"https:\/\/www.heatecx.com\/pt\/wp-json\/wp\/v2\/product_brand?post=1431"},{"taxonomy":"product_cat","embeddable":true,"href":"https:\/\/www.heatecx.com\/pt\/wp-json\/wp\/v2\/product_cat?post=1431"},{"taxonomy":"product_tag","embeddable":true,"href":"https:\/\/www.heatecx.com\/pt\/wp-json\/wp\/v2\/product_tag?post=1431"}],"curies":[{"name":"wp","href":"https:\/\/api.w.org\/{rel}","templated":true}]}}