{"id":1437,"date":"2026-04-24T04:45:37","date_gmt":"2026-04-24T04:45:37","guid":{"rendered":"https:\/\/www.heatecx.com\/pt\/?post_type=product&#038;p=1437"},"modified":"2026-04-24T07:07:36","modified_gmt":"2026-04-24T07:07:36","slug":"maquina-de-extracao-de-po-de-alta-potencia-x-b30","status":"publish","type":"product","link":"https:\/\/www.heatecx.com\/pt\/producto\/maquina-de-extracao-de-po-de-alta-potencia-x-b30\/","title":{"rendered":"M\u00e1quina de Extra\u00e7\u00e3o de P\u00f3 de Alta Pot\u00eancia X-B30"},"content":{"rendered":"<p>A M\u00e1quina de Extra\u00e7\u00e3o de P\u00f3 de Alta Pot\u00eancia X-B30 \u00e9 uma m\u00e1quina de extra\u00e7\u00e3o por ultrassom MI eficiente e profissional, projetada especificamente para cabos MI, como termopares blindados, termorresist\u00eancias e tubos de aquecimento. Utiliza tecnologia ultrass\u00f4nica avan\u00e7ada para realizar uma descascagem de cabos MI\u200b precisa e r\u00e1pida, extraindo a camada isolante de p\u00f3 de \u00f3xido de magn\u00e9sio (Extra\u00e7\u00e3o de p\u00f3 de MgO) de cabos com di\u00e2metros de 2 a 12 mm, garantindo que os condutores internos permane\u00e7am intactos e sem danos. Este equipamento melhora muito a efici\u00eancia da produ\u00e7\u00e3o e a qualidade do produto. Seu design compacto e desempenho poderoso o tornam a escolha ideal para o processamento de cabos de precis\u00e3o.<\/p>\n","protected":false},"excerpt":{"rendered":"<p>A M\u00e1quina de Extra\u00e7\u00e3o de P\u00f3 de Alta Pot\u00eancia X-B30 \u00e9 uma m\u00e1quina de extra\u00e7\u00e3o por ultrassom MI eficiente e profissional, projetada especificamente para cabos MI, como termopares blindados, termorresist\u00eancias e tubos de aquecimento. Utiliza tecnologia ultrass\u00f4nica avan\u00e7ada para realizar uma descascagem de cabos MI\u200b precisa e r\u00e1pida, extraindo a camada isolante de p\u00f3 de \u00f3xido de magn\u00e9sio (Extra\u00e7\u00e3o de p\u00f3 de MgO) de cabos com di\u00e2metros de 2 a 12 mm, garantindo que os condutores internos permane\u00e7am intactos e sem danos. Este equipamento melhora muito a efici\u00eancia da produ\u00e7\u00e3o e a qualidade do produto. Seu design compacto e desempenho poderoso o tornam a escolha ideal para o processamento de cabos de precis\u00e3o.<\/p>\n","protected":false},"featured_media":1443,"comment_status":"open","ping_status":"closed","template":"","meta":{"site-sidebar-layout":"default","site-content-layout":"default","ast-global-header-display":"","ast-main-header-display":"","ast-hfb-above-header-display":"","ast-hfb-below-header-display":"","ast-hfb-mobile-header-display":"","site-post-title":"disabled","ast-breadcrumbs-content":"","ast-featured-img":"","footer-sml-layout":"","theme-transparent-header-meta":"default","adv-header-id-meta":"","stick-header-meta":"","header-above-stick-meta":"","header-main-stick-meta":"","header-below-stick-meta":""},"product_brand":[],"product_cat":[47,17],"product_tag":[],"class_list":{"0":"post-1437","1":"product","2":"type-product","3":"status-publish","4":"has-post-thumbnail","6":"product_cat-maquinas-para-cabos-mi","7":"product_cat-maquinas","9":"first","10":"instock","11":"shipping-taxable","12":"product-type-simple"},"_links":{"self":[{"href":"https:\/\/www.heatecx.com\/pt\/wp-json\/wp\/v2\/product\/1437","targetHints":{"allow":["GET"]}}],"collection":[{"href":"https:\/\/www.heatecx.com\/pt\/wp-json\/wp\/v2\/product"}],"about":[{"href":"https:\/\/www.heatecx.com\/pt\/wp-json\/wp\/v2\/types\/product"}],"replies":[{"embeddable":true,"href":"https:\/\/www.heatecx.com\/pt\/wp-json\/wp\/v2\/comments?post=1437"}],"wp:featuredmedia":[{"embeddable":true,"href":"https:\/\/www.heatecx.com\/pt\/wp-json\/wp\/v2\/media\/1443"}],"wp:attachment":[{"href":"https:\/\/www.heatecx.com\/pt\/wp-json\/wp\/v2\/media?parent=1437"}],"wp:term":[{"taxonomy":"product_brand","embeddable":true,"href":"https:\/\/www.heatecx.com\/pt\/wp-json\/wp\/v2\/product_brand?post=1437"},{"taxonomy":"product_cat","embeddable":true,"href":"https:\/\/www.heatecx.com\/pt\/wp-json\/wp\/v2\/product_cat?post=1437"},{"taxonomy":"product_tag","embeddable":true,"href":"https:\/\/www.heatecx.com\/pt\/wp-json\/wp\/v2\/product_tag?post=1437"}],"curies":[{"name":"wp","href":"https:\/\/api.w.org\/{rel}","templated":true}]}}