{"id":1446,"date":"2026-04-24T05:41:04","date_gmt":"2026-04-24T05:41:04","guid":{"rendered":"https:\/\/www.heatecx.com\/pt\/?post_type=product&#038;p=1446"},"modified":"2026-04-24T07:10:36","modified_gmt":"2026-04-24T07:10:36","slug":"maquina-de-corte-rotativo-para-cabo-mi-xmi-02","status":"publish","type":"product","link":"https:\/\/www.heatecx.com\/pt\/producto\/maquina-de-corte-rotativo-para-cabo-mi-xmi-02\/","title":{"rendered":"M\u00e1quina de Corte Rotativo para Cabo MI XMI-02"},"content":{"rendered":"<p>A M\u00e1quina de Corte Rotativo para Cabo Blindado XMI-02 \u00e9 um Cortador de Cabo MI\u200b eficiente e preciso, projetada especificamente para o corte de termopares blindados, tubos de aquecimento e v\u00e1rios tipos de tubos met\u00e1licos. Ela emprega uma tecnologia de corte rotativo \u00fanica, capaz de realizar corte limpo sem rebarbas\u200b em materiais blindados com di\u00e2metros de 1.0 a 10 mm, garantindo um corte plano e sem rebarbas. O equipamento \u00e9 fornecido com quatro matrizes de di\u00e2metros diferentes e uma l\u00e2mina rotativa de alta velocidade, suporta ajuste de profundidade de corte vari\u00e1vel e \u00e9 a escolha ideal para alcan\u00e7ar corte r\u00e1pido de cabo MI\u200b e automa\u00e7\u00e3o de corte, melhorando significativamente a efici\u00eancia de produ\u00e7\u00e3o e a qualidade do produto.<\/p>\n","protected":false},"excerpt":{"rendered":"<p>A M\u00e1quina de Corte Rotativo para Cabo Blindado XMI-02 \u00e9 um Cortador de Cabo MI\u200b eficiente e preciso, projetada especificamente para o corte de termopares blindados, tubos de aquecimento e v\u00e1rios tipos de tubos met\u00e1licos. Ela emprega uma tecnologia de corte rotativo \u00fanica, capaz de realizar corte limpo sem rebarbas\u200b em materiais blindados com di\u00e2metros de 1.0 a 10 mm, garantindo um corte plano e sem rebarbas. O equipamento \u00e9 fornecido com quatro matrizes de di\u00e2metros diferentes e uma l\u00e2mina rotativa de alta velocidade, suporta ajuste de profundidade de corte vari\u00e1vel e \u00e9 a escolha ideal para alcan\u00e7ar corte r\u00e1pido de cabo MI\u200b e automa\u00e7\u00e3o de corte, melhorando significativamente a efici\u00eancia de produ\u00e7\u00e3o e a qualidade do produto.<\/p>\n","protected":false},"featured_media":1447,"comment_status":"open","ping_status":"closed","template":"","meta":{"site-sidebar-layout":"default","site-content-layout":"default","ast-global-header-display":"","ast-main-header-display":"","ast-hfb-above-header-display":"","ast-hfb-below-header-display":"","ast-hfb-mobile-header-display":"","site-post-title":"disabled","ast-breadcrumbs-content":"","ast-featured-img":"","footer-sml-layout":"","theme-transparent-header-meta":"default","adv-header-id-meta":"","stick-header-meta":"","header-above-stick-meta":"","header-main-stick-meta":"","header-below-stick-meta":""},"product_brand":[],"product_cat":[47,17],"product_tag":[],"class_list":{"0":"post-1446","1":"product","2":"type-product","3":"status-publish","4":"has-post-thumbnail","6":"product_cat-maquinas-para-cabos-mi","7":"product_cat-maquinas","9":"first","10":"instock","11":"shipping-taxable","12":"product-type-simple"},"_links":{"self":[{"href":"https:\/\/www.heatecx.com\/pt\/wp-json\/wp\/v2\/product\/1446","targetHints":{"allow":["GET"]}}],"collection":[{"href":"https:\/\/www.heatecx.com\/pt\/wp-json\/wp\/v2\/product"}],"about":[{"href":"https:\/\/www.heatecx.com\/pt\/wp-json\/wp\/v2\/types\/product"}],"replies":[{"embeddable":true,"href":"https:\/\/www.heatecx.com\/pt\/wp-json\/wp\/v2\/comments?post=1446"}],"wp:featuredmedia":[{"embeddable":true,"href":"https:\/\/www.heatecx.com\/pt\/wp-json\/wp\/v2\/media\/1447"}],"wp:attachment":[{"href":"https:\/\/www.heatecx.com\/pt\/wp-json\/wp\/v2\/media?parent=1446"}],"wp:term":[{"taxonomy":"product_brand","embeddable":true,"href":"https:\/\/www.heatecx.com\/pt\/wp-json\/wp\/v2\/product_brand?post=1446"},{"taxonomy":"product_cat","embeddable":true,"href":"https:\/\/www.heatecx.com\/pt\/wp-json\/wp\/v2\/product_cat?post=1446"},{"taxonomy":"product_tag","embeddable":true,"href":"https:\/\/www.heatecx.com\/pt\/wp-json\/wp\/v2\/product_tag?post=1446"}],"curies":[{"name":"wp","href":"https:\/\/api.w.org\/{rel}","templated":true}]}}